{"id":42752,"date":"2022-09-08T11:25:07","date_gmt":"2022-09-08T10:25:07","guid":{"rendered":"https:\/\/www.troyer.cz\/indoor-pool\/"},"modified":"2025-10-10T10:45:09","modified_gmt":"2025-10-10T09:45:09","slug":"indoor-pool","status":"publish","type":"page","link":"https:\/\/www.troyer.cz\/pl\/indoor-pool\/","title":{"rendered":"Indoor Pool"},"content":{"rendered":"\t\t<div data-elementor-type=\"wp-page\" data-elementor-id=\"42752\" class=\"elementor elementor-42752 elementor-11158\">\n\t\t\t\t\t\t<section class=\"elementor-section elementor-top-section elementor-element elementor-element-ab7a97f elementor-section-stretched elementor-section-content-middle elementor-section-boxed elementor-section-height-default elementor-section-height-default\" data-id=\"ab7a97f\" data-element_type=\"section\" data-settings=\"{&quot;stretch_section&quot;:&quot;section-stretched&quot;,&quot;background_background&quot;:&quot;classic&quot;}\">\n\t\t\t\t\t\t\t<div class=\"elementor-background-overlay\"><\/div>\n\t\t\t\t\t\t\t<div class=\"elementor-container elementor-column-gap-default\">\n\t\t\t\t\t<div class=\"elementor-column elementor-col-100 elementor-top-column elementor-element elementor-element-6409dab2\" data-id=\"6409dab2\" data-element_type=\"column\">\n\t\t\t<div class=\"elementor-widget-wrap elementor-element-populated\">\n\t\t\t\t\t\t<div class=\"elementor-element elementor-element-2d2d2907 elementor-widget elementor-widget-heading\" data-id=\"2d2d2907\" data-element_type=\"widget\" data-widget_type=\"heading.default\">\n\t\t\t\t<div class=\"elementor-widget-container\">\n\t\t\t\t\t<h1 class=\"elementor-heading-title elementor-size-default\">Basen kryty<\/h1>\t\t\t\t<\/div>\n\t\t\t\t<\/div>\n\t\t\t\t\t<\/div>\n\t\t<\/div>\n\t\t\t\t\t<\/div>\n\t\t<\/section>\n\t\t\t\t<section class=\"elementor-section elementor-top-section elementor-element elementor-element-44bf05d2 elementor-section-boxed elementor-section-height-default elementor-section-height-default\" data-id=\"44bf05d2\" data-element_type=\"section\">\n\t\t\t\t\t\t<div class=\"elementor-container elementor-column-gap-default\">\n\t\t\t\t\t<div class=\"elementor-column elementor-col-50 elementor-top-column elementor-element elementor-element-43d8d7bc\" data-id=\"43d8d7bc\" data-element_type=\"column\">\n\t\t\t<div class=\"elementor-widget-wrap elementor-element-populated\">\n\t\t\t\t\t\t<div class=\"elementor-element elementor-element-daf50cc elementor-widget elementor-widget-html\" data-id=\"daf50cc\" data-element_type=\"widget\" data-widget_type=\"html.default\">\n\t\t\t\t<div class=\"elementor-widget-container\">\n\t\t\t\t\t<script>$(document).ready(function() {\n    \/\/ Pro odkazy s tel:\n    $('a[href^=\"tel:\"]').on('click', function() {\n      fbq('trackCustom', 'phone');\n    });\n\n    \/\/ Pro odkazy s mailto:\n    $('a[href^=\"mailto:\"]').on('click', function() {\n      fbq('trackCustom', 'mail');\n    });\n  });\n<\/script>\t\t\t\t<\/div>\n\t\t\t\t<\/div>\n\t\t\t\t<div class=\"elementor-element elementor-element-7e72030 elementor-widget elementor-widget-heading\" data-id=\"7e72030\" data-element_type=\"widget\" data-widget_type=\"heading.default\">\n\t\t\t\t<div class=\"elementor-widget-container\">\n\t\t\t\t\t<h2 class=\"elementor-heading-title elementor-size-default\">Podgrzewane codziennie<\/h2>\t\t\t\t<\/div>\n\t\t\t\t<\/div>\n\t\t\t\t<div class=\"elementor-element elementor-element-56188520 elementor-widget elementor-widget-text-editor\" data-id=\"56188520\" data-element_type=\"widget\" data-widget_type=\"text-editor.default\">\n\t\t\t\t<div class=\"elementor-widget-container\">\n\t\t\t\t\t\t\t\t\t<p>Aby uprzyjemni\u0107 Pa\u0144stwu pobyt, mog\u0105 Pa\u0144stwo skorzysta\u0107 z hotelowego basenu. W strefie basenowej znajduje si\u0119 osobne jacuzzi z masa\u017cem. Z tarasu zewn\u0119trznego przylegaj\u0105cego do basenu roztacza si\u0119 widok na okoliczne lasy i ziele\u0144.<\/p><p><strong><br \/>*Go\u015bcie obiektu maj\u0105 wliczony w cen\u0119 pobytu dost\u0119p do basenu i jacuzzi.<\/strong><\/p><p><strong>*Wypo\u017cyczenie r\u0119cznika i szlafroka jest wliczone w cen\u0119.<\/strong><\/p><p><strong>*Otwarte przez ca\u0142y rok, niezale\u017cnie od warunk\u00f3w pogodowych.<\/strong><\/p>\t\t\t\t\t\t\t\t<\/div>\n\t\t\t\t<\/div>\n\t\t\t\t\t<\/div>\n\t\t<\/div>\n\t\t\t\t<div class=\"elementor-column elementor-col-50 elementor-top-column elementor-element elementor-element-d497e5c\" data-id=\"d497e5c\" data-element_type=\"column\" data-settings=\"{&quot;background_background&quot;:&quot;classic&quot;}\">\n\t\t\t<div class=\"elementor-widget-wrap elementor-element-populated\">\n\t\t\t\t\t\t<div class=\"elementor-element elementor-element-f5ec845 elementor-widget elementor-widget-heading\" data-id=\"f5ec845\" data-element_type=\"widget\" data-widget_type=\"heading.default\">\n\t\t\t\t<div class=\"elementor-widget-container\">\n\t\t\t\t\t<h2 class=\"elementor-heading-title elementor-size-default\">Rezerwacja<\/h2>\t\t\t\t<\/div>\n\t\t\t\t<\/div>\n\t\t\t\t<div class=\"elementor-element elementor-element-299aa3ed elementor-align-center elementor-icon-list--layout-traditional elementor-list-item-link-full_width elementor-widget elementor-widget-icon-list\" data-id=\"299aa3ed\" data-element_type=\"widget\" data-widget_type=\"icon-list.default\">\n\t\t\t\t<div class=\"elementor-widget-container\">\n\t\t\t\t\t\t\t<ul class=\"elementor-icon-list-items\">\n\t\t\t\t\t\t\t<li class=\"elementor-icon-list-item\">\n\t\t\t\t\t\t\t\t\t\t<span class=\"elementor-icon-list-text\">Zamawia\u0107 mo\u017cna telefonicznie lub e-mailem:<\/span>\n\t\t\t\t\t\t\t\t\t<\/li>\n\t\t\t\t\t\t\t\t<li class=\"elementor-icon-list-item\">\n\t\t\t\t\t\t\t\t\t\t\t<span class=\"elementor-icon-list-icon\">\n\t\t\t\t\t\t\t<i aria-hidden=\"true\" class=\"far fa-bell\"><\/i>\t\t\t\t\t\t<\/span>\n\t\t\t\t\t\t\t\t\t\t<span class=\"elementor-icon-list-text\"><a href=\"mailto:recepce@troyer.cz\">recepce@troyer.cz<\/a><\/span>\n\t\t\t\t\t\t\t\t\t<\/li>\n\t\t\t\t\t\t\t\t<li class=\"elementor-icon-list-item\">\n\t\t\t\t\t\t\t\t\t\t\t<span class=\"elementor-icon-list-icon\">\n\t\t\t\t\t\t\t<i aria-hidden=\"true\" class=\"fas fa-phone\"><\/i>\t\t\t\t\t\t<\/span>\n\t\t\t\t\t\t\t\t\t\t<span class=\"elementor-icon-list-text\"><a href=\"tel:+420%20556%20802%20007\">+420 556 802 007<\/a><\/span>\n\t\t\t\t\t\t\t\t\t<\/li>\n\t\t\t\t\t\t<\/ul>\n\t\t\t\t\t\t<\/div>\n\t\t\t\t<\/div>\n\t\t\t\t<div class=\"elementor-element elementor-element-05ed7b4 elementor-widget-divider--view-line elementor-widget elementor-widget-divider\" data-id=\"05ed7b4\" data-element_type=\"widget\" data-widget_type=\"divider.default\">\n\t\t\t\t<div class=\"elementor-widget-container\">\n\t\t\t\t\t\t\t<div class=\"elementor-divider\">\n\t\t\t<span class=\"elementor-divider-separator\">\n\t\t\t\t\t\t<\/span>\n\t\t<\/div>\n\t\t\t\t\t\t<\/div>\n\t\t\t\t<\/div>\n\t\t\t\t<div class=\"elementor-element elementor-element-4cacec8 elementor-widget elementor-widget-heading\" data-id=\"4cacec8\" data-element_type=\"widget\" data-widget_type=\"heading.default\">\n\t\t\t\t<div class=\"elementor-widget-container\">\n\t\t\t\t\t<h2 class=\"elementor-heading-title elementor-size-default\">Godziny otwarcia<\/h2>\t\t\t\t<\/div>\n\t\t\t\t<\/div>\n\t\t\t\t<div class=\"elementor-element elementor-element-22b67a9 elementor-widget elementor-widget-text-editor\" data-id=\"22b67a9\" data-element_type=\"widget\" data-widget_type=\"text-editor.default\">\n\t\t\t\t<div class=\"elementor-widget-container\">\n\t\t\t\t\t\t\t\t\t<p style=\"text-align: center;\"><span style=\"color: #ffffff;\">Codziennie od 7:00 do 21:30<\/span><\/p><p style=\"text-align: center;\"><span style=\"color: #ffffff;\">Wtorek od 9:00 do 21:30<\/span><\/p>\t\t\t\t\t\t\t\t<\/div>\n\t\t\t\t<\/div>\n\t\t\t\t\t<\/div>\n\t\t<\/div>\n\t\t\t\t\t<\/div>\n\t\t<\/section>\n\t\t\t\t<section class=\"elementor-section elementor-top-section elementor-element elementor-element-70b14489 elementor-section-stretched elementor-section-full_width elementor-section-height-default elementor-section-height-default\" data-id=\"70b14489\" data-element_type=\"section\" data-settings=\"{&quot;stretch_section&quot;:&quot;section-stretched&quot;}\">\n\t\t\t\t\t\t<div class=\"elementor-container elementor-column-gap-no\">\n\t\t\t\t\t<div class=\"elementor-column elementor-col-100 elementor-top-column elementor-element elementor-element-6fe8c865\" data-id=\"6fe8c865\" data-element_type=\"column\">\n\t\t\t<div class=\"elementor-widget-wrap elementor-element-populated\">\n\t\t\t\t\t\t<div class=\"elementor-element elementor-element-542ba396 elementor-widget__width-inherit elementor-arrows-position-inside elementor-widget elementor-widget-image-carousel\" data-id=\"542ba396\" data-element_type=\"widget\" data-settings=\"{&quot;slides_to_show&quot;:&quot;3&quot;,&quot;navigation&quot;:&quot;arrows&quot;,&quot;autoplay&quot;:&quot;no&quot;,&quot;speed&quot;:1000,&quot;slides_to_scroll&quot;:&quot;1&quot;,&quot;slides_to_show_mobile&quot;:&quot;2&quot;,&quot;slides_to_scroll_mobile&quot;:&quot;1&quot;,&quot;infinite&quot;:&quot;yes&quot;}\" data-widget_type=\"image-carousel.default\">\n\t\t\t\t<div class=\"elementor-widget-container\">\n\t\t\t\t\t\t\t<div class=\"elementor-image-carousel-wrapper swiper\" role=\"region\" aria-roledescription=\"carousel\" aria-label=\"Obr\u00e1zkov\u00fd koloto\u010d\" dir=\"ltr\">\n\t\t\t<div class=\"elementor-image-carousel swiper-wrapper swiper-image-stretch\" aria-live=\"polite\">\n\t\t\t\t\t\t\t\t<div class=\"swiper-slide\" role=\"group\" aria-roledescription=\"slide\" aria-label=\"1 z 3\"><figure class=\"swiper-slide-inner\"><img decoding=\"async\" class=\"swiper-slide-image\" src=\"https:\/\/www.troyer.cz\/wp-content\/uploads\/elementor\/thumbs\/L1390171-min-1-scaled-pxjw4jdolanje3lcbfaoc96pfp61pallflgd2qe0qo.jpeg\" alt=\"V\u00fd\u0159ivka hotel troyer\" \/><\/figure><\/div><div class=\"swiper-slide\" role=\"group\" aria-roledescription=\"slide\" aria-label=\"2 z 3\"><figure class=\"swiper-slide-inner\"><img decoding=\"async\" class=\"swiper-slide-image\" src=\"https:\/\/www.troyer.cz\/wp-content\/uploads\/elementor\/thumbs\/L1390142-min-pw3hn2xbeu918zof7gjg1z9fz9ybsqvs76xoaicklc.jpeg\" alt=\"Baz\u00e9n hotel troyer s v\u00ed\u0159ivkou\" \/><\/figure><\/div><div class=\"swiper-slide\" role=\"group\" aria-roledescription=\"slide\" aria-label=\"3 z 3\"><figure class=\"swiper-slide-inner\"><img decoding=\"async\" class=\"swiper-slide-image\" src=\"https:\/\/www.troyer.cz\/wp-content\/uploads\/elementor\/thumbs\/L1420374-min-pw3hncbpb6lwh3aroklpqww1x4nzxpx3khgj39ymv4.jpeg\" alt=\"Ane\u017eka\" \/><\/figure><\/div>\t\t\t<\/div>\n\t\t\t\t\t\t\t\t\t\t\t\t<div class=\"elementor-swiper-button elementor-swiper-button-prev\" role=\"button\" tabindex=\"0\">\n\t\t\t\t\t\t<i aria-hidden=\"true\" class=\"eicon-chevron-left\"><\/i>\t\t\t\t\t<\/div>\n\t\t\t\t\t<div class=\"elementor-swiper-button elementor-swiper-button-next\" role=\"button\" tabindex=\"0\">\n\t\t\t\t\t\t<i aria-hidden=\"true\" class=\"eicon-chevron-right\"><\/i>\t\t\t\t\t<\/div>\n\t\t\t\t\n\t\t\t\t\t\t\t\t\t<\/div>\n\t\t\t\t\t\t<\/div>\n\t\t\t\t<\/div>\n\t\t\t\t\t<\/div>\n\t\t<\/div>\n\t\t\t\t\t<\/div>\n\t\t<\/section>\n\t\t\t\t<section class=\"elementor-section elementor-top-section elementor-element elementor-element-504f52da elementor-section-stretched elementor-section-content-middle elementor-section-boxed elementor-section-height-default elementor-section-height-default\" data-id=\"504f52da\" data-element_type=\"section\" data-settings=\"{&quot;stretch_section&quot;:&quot;section-stretched&quot;,&quot;background_background&quot;:&quot;classic&quot;}\">\n\t\t\t\t\t\t\t<div class=\"elementor-background-overlay\"><\/div>\n\t\t\t\t\t\t\t<div class=\"elementor-container elementor-column-gap-default\">\n\t\t\t\t\t<div class=\"elementor-column elementor-col-100 elementor-top-column elementor-element elementor-element-1d75c9a3\" data-id=\"1d75c9a3\" data-element_type=\"column\" data-settings=\"{&quot;background_background&quot;:&quot;classic&quot;}\">\n\t\t\t<div class=\"elementor-widget-wrap elementor-element-populated\">\n\t\t\t\t\t\t<div class=\"elementor-element elementor-element-3af4928b elementor-widget elementor-widget-heading\" data-id=\"3af4928b\" data-element_type=\"widget\" data-widget_type=\"heading.default\">\n\t\t\t\t<div class=\"elementor-widget-container\">\n\t\t\t\t\t<h2 class=\"elementor-heading-title elementor-size-default\">Cennik dla go\u015bci zewn\u0119trznych<\/h2>\t\t\t\t<\/div>\n\t\t\t\t<\/div>\n\t\t\t\t<div class=\"elementor-element elementor-element-3a459aa9 elementor-widget elementor-widget-text-editor\" data-id=\"3a459aa9\" data-element_type=\"widget\" data-widget_type=\"text-editor.default\">\n\t\t\t\t<div class=\"elementor-widget-container\">\n\t\t\t\t\t\t\t\t\t<p><br \/><br \/><br \/><br \/><\/p><table class=\"table table-responsive\" width=\"95%\"><tbody><tr style=\"border-bottom: 2px solid black;\"><td class=\"text-left\">Ceny za osob\u0119<\/td><td class=\"text-right\" style=\"text-align: center;\">2 godziny<\/td><td class=\"text-right\" style=\"text-align: right;\">dodatkowa godzina<\/td><\/tr><tr style=\"border-bottom: 1px solid #181A17CF;\"><td class=\"text-left\">Doros\u0142y<\/td><td class=\"text-right\" style=\"text-align: center;\">390 CZK<\/td><td class=\"text-right\" style=\"text-align: right;\">200 CZK<\/td><\/tr><tr><td class=\"text-left\">Dziecko do 12 lat<\/td><td class=\"text-right\" style=\"text-align: center;\">210 CZK<\/td><td class=\"text-right\" style=\"text-align: right;\">120 CZK za ka\u017cd\u0105 dodatkow\u0105 godzin\u0119<\/td><\/tr><\/tbody><\/table>\t\t\t\t\t\t\t\t<\/div>\n\t\t\t\t<\/div>\n\t\t\t\t\t<\/div>\n\t\t<\/div>\n\t\t\t\t\t<\/div>\n\t\t<\/section>\n\t\t\t\t<section class=\"elementor-section elementor-top-section elementor-element elementor-element-ed1a714 elementor-section-boxed elementor-section-height-default elementor-section-height-default\" data-id=\"ed1a714\" data-element_type=\"section\">\n\t\t\t\t\t\t<div class=\"elementor-container elementor-column-gap-default\">\n\t\t\t\t\t<div class=\"elementor-column elementor-col-100 elementor-top-column elementor-element elementor-element-59eab26\" data-id=\"59eab26\" data-element_type=\"column\">\n\t\t\t<div class=\"elementor-widget-wrap elementor-element-populated\">\n\t\t\t\t\t\t<div class=\"elementor-element elementor-element-8a245b9 elementor-widget elementor-widget-html\" data-id=\"8a245b9\" data-element_type=\"widget\" data-widget_type=\"html.default\">\n\t\t\t\t<div class=\"elementor-widget-container\">\n\t\t\t\t\t<script>document.addEventListener('DOMContentLoaded', (event) => {\n    let hasTracked = false;\n\n    setTimeout(() => {\n        if (!hasTracked) {\n            fbq('trackCustom', 'time_spent');\n            hasTracked = true;\n        }\n    }, 20000); \/\/ 20000 ms = 20 sekund\n});\n<\/script>\t\t\t\t<\/div>\n\t\t\t\t<\/div>\n\t\t\t\t\t<\/div>\n\t\t<\/div>\n\t\t\t\t\t<\/div>\n\t\t<\/section>\n\t\t\t\t<\/div>\n\t\t","protected":false},"excerpt":{"rendered":"<p>Basen kryty Podgrzewane codziennie Aby uprzyjemni\u0107 Pa\u0144stwu pobyt, mog\u0105 Pa\u0144stwo skorzysta\u0107 z hotelowego basenu. W strefie basenowej znajduje si\u0119 osobne jacuzzi z masa\u017cem. Z tarasu zewn\u0119trznego przylegaj\u0105cego do basenu roztacza si\u0119 widok na okoliczne lasy i ziele\u0144. *Go\u015bcie obiektu maj\u0105 wliczony w cen\u0119 pobytu dost\u0119p do basenu i jacuzzi. *Wypo\u017cyczenie r\u0119cznika i szlafroka jest wliczone [&hellip;]<\/p>\n","protected":false},"author":10,"featured_media":0,"parent":0,"menu_order":0,"comment_status":"closed","ping_status":"closed","template":"","meta":{"footnotes":""},"class_list":["post-42752","page","type-page","status-publish","hentry"],"yoast_head":"<!-- This site is optimized with the Yoast SEO plugin v25.8 - https:\/\/yoast.com\/wordpress\/plugins\/seo\/ -->\n<title>Refresh yourself in the indoor pool at Hotel Troyer<\/title>\n<meta name=\"description\" content=\"Relax and refresh yourself in our indoor pool. We offer a calm and pleasant environment for swimming, relaxation, and rejuvenation of your body.\" \/>\n<meta name=\"robots\" content=\"index, follow, max-snippet:-1, max-image-preview:large, max-video-preview:-1\" \/>\n<link rel=\"canonical\" href=\"https:\/\/www.troyer.cz\/vnitrni-bazen\/\" \/>\n<meta property=\"og:locale\" content=\"pl_PL\" \/>\n<meta property=\"og:type\" content=\"article\" \/>\n<meta property=\"og:title\" content=\"Refresh yourself in the indoor pool at Hotel Troyer\" \/>\n<meta property=\"og:description\" content=\"Relax and refresh yourself in our indoor pool. We offer a calm and pleasant environment for swimming, relaxation, and rejuvenation of your body.\" \/>\n<meta property=\"og:url\" content=\"https:\/\/www.troyer.cz\/vnitrni-bazen\/\" \/>\n<meta property=\"og:site_name\" content=\"Hotel Troyer\" \/>\n<meta property=\"article:publisher\" content=\"https:\/\/www.facebook.com\/HotelTroyer\/?locale=cs_CZ\" \/>\n<meta property=\"article:modified_time\" content=\"2025-10-10T09:45:09+00:00\" \/>\n<meta property=\"og:image\" content=\"https:\/\/www.troyer.cz\/wp-content\/uploads\/elementor\/thumbs\/L1390171-min-1-scaled-pxjw4jdolanje3lcbfaoc96pfp61pallflgd2qe0qo.jpeg\" \/>\n<meta name=\"twitter:card\" content=\"summary_large_image\" \/>\n<meta name=\"twitter:label1\" content=\"Szacowany czas czytania\" \/>\n\t<meta name=\"twitter:data1\" content=\"3 minuty\" \/>\n<script type=\"application\/ld+json\" class=\"yoast-schema-graph\">{\"@context\":\"https:\/\/schema.org\",\"@graph\":[{\"@type\":\"WebPage\",\"@id\":\"https:\/\/www.troyer.cz\/vnitrni-bazen\/\",\"url\":\"https:\/\/www.troyer.cz\/vnitrni-bazen\/\",\"name\":\"Refresh yourself in the indoor pool at Hotel Troyer\",\"isPartOf\":{\"@id\":\"https:\/\/www.troyer.cz\/#website\"},\"primaryImageOfPage\":{\"@id\":\"https:\/\/www.troyer.cz\/vnitrni-bazen\/#primaryimage\"},\"image\":{\"@id\":\"https:\/\/www.troyer.cz\/vnitrni-bazen\/#primaryimage\"},\"thumbnailUrl\":\"https:\/\/www.troyer.cz\/wp-content\/uploads\/elementor\/thumbs\/L1390171-min-1-scaled-pxjw4jdolanje3lcbfaoc96pfp61pallflgd2qe0qo.jpeg\",\"datePublished\":\"2022-09-08T10:25:07+00:00\",\"dateModified\":\"2025-10-10T09:45:09+00:00\",\"description\":\"Relax and refresh yourself in our indoor pool. We offer a calm and pleasant environment for swimming, relaxation, and rejuvenation of your body.\",\"breadcrumb\":{\"@id\":\"https:\/\/www.troyer.cz\/vnitrni-bazen\/#breadcrumb\"},\"inLanguage\":\"pl-PL\",\"potentialAction\":[{\"@type\":\"ReadAction\",\"target\":[\"https:\/\/www.troyer.cz\/vnitrni-bazen\/\"]}]},{\"@type\":\"ImageObject\",\"inLanguage\":\"pl-PL\",\"@id\":\"https:\/\/www.troyer.cz\/vnitrni-bazen\/#primaryimage\",\"url\":\"https:\/\/www.troyer.cz\/wp-content\/uploads\/elementor\/thumbs\/L1390171-min-1-scaled-pxjw4jdolanje3lcbfaoc96pfp61pallflgd2qe0qo.jpeg\",\"contentUrl\":\"https:\/\/www.troyer.cz\/wp-content\/uploads\/elementor\/thumbs\/L1390171-min-1-scaled-pxjw4jdolanje3lcbfaoc96pfp61pallflgd2qe0qo.jpeg\"},{\"@type\":\"BreadcrumbList\",\"@id\":\"https:\/\/www.troyer.cz\/vnitrni-bazen\/#breadcrumb\",\"itemListElement\":[{\"@type\":\"ListItem\",\"position\":1,\"name\":\"Dom\u016f\",\"item\":\"https:\/\/www.troyer.cz\/\"},{\"@type\":\"ListItem\",\"position\":2,\"name\":\"Indoor Pool\"}]},{\"@type\":\"WebSite\",\"@id\":\"https:\/\/www.troyer.cz\/#website\",\"url\":\"https:\/\/www.troyer.cz\/\",\"name\":\"Hotel Troyer\",\"description\":\"Luxusn\u00ed wellness hotel v Beskydech\",\"publisher\":{\"@id\":\"https:\/\/www.troyer.cz\/#organization\"},\"alternateName\":\"Wellness Hotel v Beskydech\",\"potentialAction\":[{\"@type\":\"SearchAction\",\"target\":{\"@type\":\"EntryPoint\",\"urlTemplate\":\"https:\/\/www.troyer.cz\/?s={search_term_string}\"},\"query-input\":{\"@type\":\"PropertyValueSpecification\",\"valueRequired\":true,\"valueName\":\"search_term_string\"}}],\"inLanguage\":\"pl-PL\"},{\"@type\":\"Organization\",\"@id\":\"https:\/\/www.troyer.cz\/#organization\",\"name\":\"Hotel Troyer\",\"url\":\"https:\/\/www.troyer.cz\/\",\"logo\":{\"@type\":\"ImageObject\",\"inLanguage\":\"pl-PL\",\"@id\":\"https:\/\/www.troyer.cz\/#\/schema\/logo\/image\/\",\"url\":\"https:\/\/www.troyer.cz\/wp-content\/uploads\/2022\/11\/TROYER-ikona.png\",\"contentUrl\":\"https:\/\/www.troyer.cz\/wp-content\/uploads\/2022\/11\/TROYER-ikona.png\",\"width\":430,\"height\":430,\"caption\":\"Hotel Troyer\"},\"image\":{\"@id\":\"https:\/\/www.troyer.cz\/#\/schema\/logo\/image\/\"},\"sameAs\":[\"https:\/\/www.facebook.com\/HotelTroyer\/?locale=cs_CZ\",\"https:\/\/www.instagram.com\/hoteltroyer\/\"]}]}<\/script>\n<!-- \/ Yoast SEO plugin. -->","yoast_head_json":{"title":"Refresh yourself in the indoor pool at Hotel Troyer","description":"Relax and refresh yourself in our indoor pool. We offer a calm and pleasant environment for swimming, relaxation, and rejuvenation of your body.","robots":{"index":"index","follow":"follow","max-snippet":"max-snippet:-1","max-image-preview":"max-image-preview:large","max-video-preview":"max-video-preview:-1"},"canonical":"https:\/\/www.troyer.cz\/vnitrni-bazen\/","og_locale":"pl_PL","og_type":"article","og_title":"Refresh yourself in the indoor pool at Hotel Troyer","og_description":"Relax and refresh yourself in our indoor pool. We offer a calm and pleasant environment for swimming, relaxation, and rejuvenation of your body.","og_url":"https:\/\/www.troyer.cz\/vnitrni-bazen\/","og_site_name":"Hotel Troyer","article_publisher":"https:\/\/www.facebook.com\/HotelTroyer\/?locale=cs_CZ","article_modified_time":"2025-10-10T09:45:09+00:00","og_image":[{"url":"https:\/\/www.troyer.cz\/wp-content\/uploads\/elementor\/thumbs\/L1390171-min-1-scaled-pxjw4jdolanje3lcbfaoc96pfp61pallflgd2qe0qo.jpeg","type":"","width":"","height":""}],"twitter_card":"summary_large_image","twitter_misc":{"Szacowany czas czytania":"3 minuty"},"schema":{"@context":"https:\/\/schema.org","@graph":[{"@type":"WebPage","@id":"https:\/\/www.troyer.cz\/vnitrni-bazen\/","url":"https:\/\/www.troyer.cz\/vnitrni-bazen\/","name":"Refresh yourself in the indoor pool at Hotel Troyer","isPartOf":{"@id":"https:\/\/www.troyer.cz\/#website"},"primaryImageOfPage":{"@id":"https:\/\/www.troyer.cz\/vnitrni-bazen\/#primaryimage"},"image":{"@id":"https:\/\/www.troyer.cz\/vnitrni-bazen\/#primaryimage"},"thumbnailUrl":"https:\/\/www.troyer.cz\/wp-content\/uploads\/elementor\/thumbs\/L1390171-min-1-scaled-pxjw4jdolanje3lcbfaoc96pfp61pallflgd2qe0qo.jpeg","datePublished":"2022-09-08T10:25:07+00:00","dateModified":"2025-10-10T09:45:09+00:00","description":"Relax and refresh yourself in our indoor pool. We offer a calm and pleasant environment for swimming, relaxation, and rejuvenation of your body.","breadcrumb":{"@id":"https:\/\/www.troyer.cz\/vnitrni-bazen\/#breadcrumb"},"inLanguage":"pl-PL","potentialAction":[{"@type":"ReadAction","target":["https:\/\/www.troyer.cz\/vnitrni-bazen\/"]}]},{"@type":"ImageObject","inLanguage":"pl-PL","@id":"https:\/\/www.troyer.cz\/vnitrni-bazen\/#primaryimage","url":"https:\/\/www.troyer.cz\/wp-content\/uploads\/elementor\/thumbs\/L1390171-min-1-scaled-pxjw4jdolanje3lcbfaoc96pfp61pallflgd2qe0qo.jpeg","contentUrl":"https:\/\/www.troyer.cz\/wp-content\/uploads\/elementor\/thumbs\/L1390171-min-1-scaled-pxjw4jdolanje3lcbfaoc96pfp61pallflgd2qe0qo.jpeg"},{"@type":"BreadcrumbList","@id":"https:\/\/www.troyer.cz\/vnitrni-bazen\/#breadcrumb","itemListElement":[{"@type":"ListItem","position":1,"name":"Dom\u016f","item":"https:\/\/www.troyer.cz\/"},{"@type":"ListItem","position":2,"name":"Indoor Pool"}]},{"@type":"WebSite","@id":"https:\/\/www.troyer.cz\/#website","url":"https:\/\/www.troyer.cz\/","name":"Hotel Troyer","description":"Luxusn\u00ed wellness hotel v Beskydech","publisher":{"@id":"https:\/\/www.troyer.cz\/#organization"},"alternateName":"Wellness Hotel v Beskydech","potentialAction":[{"@type":"SearchAction","target":{"@type":"EntryPoint","urlTemplate":"https:\/\/www.troyer.cz\/?s={search_term_string}"},"query-input":{"@type":"PropertyValueSpecification","valueRequired":true,"valueName":"search_term_string"}}],"inLanguage":"pl-PL"},{"@type":"Organization","@id":"https:\/\/www.troyer.cz\/#organization","name":"Hotel Troyer","url":"https:\/\/www.troyer.cz\/","logo":{"@type":"ImageObject","inLanguage":"pl-PL","@id":"https:\/\/www.troyer.cz\/#\/schema\/logo\/image\/","url":"https:\/\/www.troyer.cz\/wp-content\/uploads\/2022\/11\/TROYER-ikona.png","contentUrl":"https:\/\/www.troyer.cz\/wp-content\/uploads\/2022\/11\/TROYER-ikona.png","width":430,"height":430,"caption":"Hotel Troyer"},"image":{"@id":"https:\/\/www.troyer.cz\/#\/schema\/logo\/image\/"},"sameAs":["https:\/\/www.facebook.com\/HotelTroyer\/?locale=cs_CZ","https:\/\/www.instagram.com\/hoteltroyer\/"]}]}},"_links":{"self":[{"href":"https:\/\/www.troyer.cz\/pl\/wp-json\/wp\/v2\/pages\/42752","targetHints":{"allow":["GET"]}}],"collection":[{"href":"https:\/\/www.troyer.cz\/pl\/wp-json\/wp\/v2\/pages"}],"about":[{"href":"https:\/\/www.troyer.cz\/pl\/wp-json\/wp\/v2\/types\/page"}],"author":[{"embeddable":true,"href":"https:\/\/www.troyer.cz\/pl\/wp-json\/wp\/v2\/users\/10"}],"replies":[{"embeddable":true,"href":"https:\/\/www.troyer.cz\/pl\/wp-json\/wp\/v2\/comments?post=42752"}],"version-history":[{"count":14,"href":"https:\/\/www.troyer.cz\/pl\/wp-json\/wp\/v2\/pages\/42752\/revisions"}],"predecessor-version":[{"id":46819,"href":"https:\/\/www.troyer.cz\/pl\/wp-json\/wp\/v2\/pages\/42752\/revisions\/46819"}],"wp:attachment":[{"href":"https:\/\/www.troyer.cz\/pl\/wp-json\/wp\/v2\/media?parent=42752"}],"curies":[{"name":"wp","href":"https:\/\/api.w.org\/{rel}","templated":true}]}}