{"id":42497,"date":"2022-09-08T11:26:04","date_gmt":"2022-09-08T10:26:04","guid":{"rendered":"https:\/\/www.troyer.cz\/pokoj-relaksacyjny\/"},"modified":"2025-07-03T08:18:30","modified_gmt":"2025-07-03T07:18:30","slug":"pokoj-relaksacyjny","status":"publish","type":"page","link":"https:\/\/www.troyer.cz\/pl\/pokoj-relaksacyjny\/","title":{"rendered":"Pok\u00f3j relaksacyjny"},"content":{"rendered":"\t\t<div data-elementor-type=\"wp-page\" data-elementor-id=\"42497\" class=\"elementor elementor-42497 elementor-11162\">\n\t\t\t\t\t\t<section class=\"elementor-section elementor-top-section elementor-element elementor-element-b4df6c2 elementor-section-stretched elementor-section-content-middle elementor-section-boxed elementor-section-height-default elementor-section-height-default\" data-id=\"b4df6c2\" data-element_type=\"section\" data-settings=\"{&quot;stretch_section&quot;:&quot;section-stretched&quot;,&quot;background_background&quot;:&quot;classic&quot;}\">\n\t\t\t\t\t\t\t<div class=\"elementor-background-overlay\"><\/div>\n\t\t\t\t\t\t\t<div class=\"elementor-container elementor-column-gap-default\">\n\t\t\t\t\t<div class=\"elementor-column elementor-col-100 elementor-top-column elementor-element elementor-element-443d7721\" data-id=\"443d7721\" data-element_type=\"column\">\n\t\t\t<div class=\"elementor-widget-wrap elementor-element-populated\">\n\t\t\t\t\t\t<div class=\"elementor-element elementor-element-6ddcc6d8 elementor-widget elementor-widget-heading\" data-id=\"6ddcc6d8\" data-element_type=\"widget\" data-widget_type=\"heading.default\">\n\t\t\t\t<div class=\"elementor-widget-container\">\n\t\t\t\t\t<h1 class=\"elementor-heading-title elementor-size-default\">Pok\u00f3j relaksacyjny<\/h1>\t\t\t\t<\/div>\n\t\t\t\t<\/div>\n\t\t\t\t\t<\/div>\n\t\t<\/div>\n\t\t\t\t\t<\/div>\n\t\t<\/section>\n\t\t\t\t<section class=\"elementor-section elementor-top-section elementor-element elementor-element-7f05ae75 elementor-section-boxed elementor-section-height-default elementor-section-height-default\" data-id=\"7f05ae75\" data-element_type=\"section\">\n\t\t\t\t\t\t<div class=\"elementor-container elementor-column-gap-default\">\n\t\t\t\t\t<div class=\"elementor-column elementor-col-50 elementor-top-column elementor-element elementor-element-4d0373b4\" data-id=\"4d0373b4\" data-element_type=\"column\">\n\t\t\t<div class=\"elementor-widget-wrap elementor-element-populated\">\n\t\t\t\t\t\t<div class=\"elementor-element elementor-element-434697b elementor-widget elementor-widget-html\" data-id=\"434697b\" data-element_type=\"widget\" data-widget_type=\"html.default\">\n\t\t\t\t<div class=\"elementor-widget-container\">\n\t\t\t\t\t<script>$(document).ready(function() {\n    \/\/ Pro odkazy s tel:\n    $('a[href^=\"tel:\"]').on('click', function() {\n      fbq('trackCustom', 'phone');\n    });\n\n    \/\/ Pro odkazy s mailto:\n    $('a[href^=\"mailto:\"]').on('click', function() {\n      fbq('trackCustom', 'mail');\n    });\n  });\n<\/script>\t\t\t\t<\/div>\n\t\t\t\t<\/div>\n\t\t\t\t<div class=\"elementor-element elementor-element-746eb0f elementor-widget elementor-widget-heading\" data-id=\"746eb0f\" data-element_type=\"widget\" data-widget_type=\"heading.default\">\n\t\t\t\t<div class=\"elementor-widget-container\">\n\t\t\t\t\t<h2 class=\"elementor-heading-title elementor-size-default\">Spok\u00f3j dla cia\u0142a i duszy<\/h2>\t\t\t\t<\/div>\n\t\t\t\t<\/div>\n\t\t\t\t<div class=\"elementor-element elementor-element-401dd256 elementor-widget elementor-widget-text-editor\" data-id=\"401dd256\" data-element_type=\"widget\" data-widget_type=\"text-editor.default\">\n\t\t\t\t<div class=\"elementor-widget-container\">\n\t\t\t\t\t\t\t\t\t<p>Dla urozmaicenia pobytu masz mo\u017cliwo\u015b\u0107 korzystania z hotelowego basenu od 7:00 do 22:00 (we wtorki od 9:00 do 22:00). Basen posiada zar\u00f3wno cz\u0119\u015b\u0107 wewn\u0119trzn\u0105, jak i unikaln\u0105 cz\u0119\u015b\u0107 zewn\u0119trzn\u0105. Do cz\u0119\u015bci wewn\u0119trznej nale\u017cy osobny, okr\u0105g\u0142y jacuzzi z masa\u017cem oraz przyjemny bar, gdzie mo\u017cesz zam\u00f3wi\u0107 orze\u017awiaj\u0105ce napoje. Do ca\u0142orocznego korzystania z basenu przynale\u017cy tak\u017ce taras na zewn\u0105trz, z kt\u00f3rego mo\u017cesz podziwia\u0107 widok na malownicze otoczenie podn\u00f3\u017ca Beskid\u00f3w.   <\/p><p> <\/p><p>*Otwarte niezale\u017cnie od pogody<\/p>\t\t\t\t\t\t\t\t<\/div>\n\t\t\t\t<\/div>\n\t\t\t\t\t<\/div>\n\t\t<\/div>\n\t\t\t\t<div class=\"elementor-column elementor-col-50 elementor-top-column elementor-element elementor-element-18082f01\" data-id=\"18082f01\" data-element_type=\"column\" data-settings=\"{&quot;background_background&quot;:&quot;classic&quot;}\">\n\t\t\t<div class=\"elementor-widget-wrap elementor-element-populated\">\n\t\t\t\t\t\t<div class=\"elementor-element elementor-element-1488f8e2 elementor-widget elementor-widget-heading\" data-id=\"1488f8e2\" data-element_type=\"widget\" data-widget_type=\"heading.default\">\n\t\t\t\t<div class=\"elementor-widget-container\">\n\t\t\t\t\t<h4 class=\"elementor-heading-title elementor-size-default\">Rezervace<\/h4>\t\t\t\t<\/div>\n\t\t\t\t<\/div>\n\t\t\t\t<div class=\"elementor-element elementor-element-47512b00 elementor-align-center elementor-icon-list--layout-traditional elementor-list-item-link-full_width elementor-widget elementor-widget-icon-list\" data-id=\"47512b00\" data-element_type=\"widget\" data-widget_type=\"icon-list.default\">\n\t\t\t\t<div class=\"elementor-widget-container\">\n\t\t\t\t\t\t\t<ul class=\"elementor-icon-list-items\">\n\t\t\t\t\t\t\t<li class=\"elementor-icon-list-item\">\n\t\t\t\t\t\t\t\t\t\t<span class=\"elementor-icon-list-text\">Zamawia\u0107 mo\u017cna telefonicznie lub e-mailem:<\/span>\n\t\t\t\t\t\t\t\t\t<\/li>\n\t\t\t\t\t\t\t\t<li class=\"elementor-icon-list-item\">\n\t\t\t\t\t\t\t\t\t\t\t<span class=\"elementor-icon-list-icon\">\n\t\t\t\t\t\t\t<i aria-hidden=\"true\" class=\"far fa-bell\"><\/i>\t\t\t\t\t\t<\/span>\n\t\t\t\t\t\t\t\t\t\t<span class=\"elementor-icon-list-text\"><a href=\"mailto:recepce@troyer.cz\">recepce@troyer.cz<\/a><\/span>\n\t\t\t\t\t\t\t\t\t<\/li>\n\t\t\t\t\t\t\t\t<li class=\"elementor-icon-list-item\">\n\t\t\t\t\t\t\t\t\t\t\t<span class=\"elementor-icon-list-icon\">\n\t\t\t\t\t\t\t<i aria-hidden=\"true\" class=\"fas fa-phone\"><\/i>\t\t\t\t\t\t<\/span>\n\t\t\t\t\t\t\t\t\t\t<span class=\"elementor-icon-list-text\"><a href=\"tel:+420%20556%20802%20007\">+420 556 802 007<\/a><\/span>\n\t\t\t\t\t\t\t\t\t<\/li>\n\t\t\t\t\t\t<\/ul>\n\t\t\t\t\t\t<\/div>\n\t\t\t\t<\/div>\n\t\t\t\t<div class=\"elementor-element elementor-element-1c702ac0 elementor-widget-divider--view-line elementor-widget elementor-widget-divider\" data-id=\"1c702ac0\" data-element_type=\"widget\" data-widget_type=\"divider.default\">\n\t\t\t\t<div class=\"elementor-widget-container\">\n\t\t\t\t\t\t\t<div class=\"elementor-divider\">\n\t\t\t<span class=\"elementor-divider-separator\">\n\t\t\t\t\t\t<\/span>\n\t\t<\/div>\n\t\t\t\t\t\t<\/div>\n\t\t\t\t<\/div>\n\t\t\t\t<div class=\"elementor-element elementor-element-3782602e elementor-widget elementor-widget-heading\" data-id=\"3782602e\" data-element_type=\"widget\" data-widget_type=\"heading.default\">\n\t\t\t\t<div class=\"elementor-widget-container\">\n\t\t\t\t\t<h3 class=\"elementor-heading-title elementor-size-default\">Godziny otwarcia<\/h3>\t\t\t\t<\/div>\n\t\t\t\t<\/div>\n\t\t\t\t<div class=\"elementor-element elementor-element-772158bc elementor-widget elementor-widget-text-editor\" data-id=\"772158bc\" data-element_type=\"widget\" data-widget_type=\"text-editor.default\">\n\t\t\t\t<div class=\"elementor-widget-container\">\n\t\t\t\t\t\t\t\t\t<p style=\"text-align: center;\"><span style=\"color: #ffffff;\"> od 7:00 do 22:00<\/span><\/p>\t\t\t\t\t\t\t\t<\/div>\n\t\t\t\t<\/div>\n\t\t\t\t\t<\/div>\n\t\t<\/div>\n\t\t\t\t\t<\/div>\n\t\t<\/section>\n\t\t\t\t<section class=\"elementor-section elementor-top-section elementor-element elementor-element-277dc266 elementor-section-stretched elementor-section-full_width elementor-section-height-default elementor-section-height-default\" data-id=\"277dc266\" data-element_type=\"section\" data-settings=\"{&quot;stretch_section&quot;:&quot;section-stretched&quot;}\">\n\t\t\t\t\t\t<div class=\"elementor-container elementor-column-gap-no\">\n\t\t\t\t\t<div class=\"elementor-column elementor-col-100 elementor-top-column elementor-element elementor-element-1af62829\" data-id=\"1af62829\" data-element_type=\"column\">\n\t\t\t<div class=\"elementor-widget-wrap elementor-element-populated\">\n\t\t\t\t\t\t<div class=\"elementor-element elementor-element-4fe672a2 elementor-widget__width-inherit elementor-arrows-position-inside elementor-widget elementor-widget-image-carousel\" data-id=\"4fe672a2\" data-element_type=\"widget\" data-settings=\"{&quot;slides_to_show&quot;:&quot;3&quot;,&quot;navigation&quot;:&quot;arrows&quot;,&quot;autoplay&quot;:&quot;no&quot;,&quot;speed&quot;:1000,&quot;infinite&quot;:&quot;yes&quot;}\" data-widget_type=\"image-carousel.default\">\n\t\t\t\t<div class=\"elementor-widget-container\">\n\t\t\t\t\t\t\t<div class=\"elementor-image-carousel-wrapper swiper\" role=\"region\" aria-roledescription=\"carousel\" aria-label=\"Karuzela obrazk\u00f3w\" dir=\"ltr\">\n\t\t\t<div class=\"elementor-image-carousel swiper-wrapper swiper-image-stretch\" aria-live=\"polite\">\n\t\t\t\t\t\t\t\t<div class=\"swiper-slide\" role=\"group\" aria-roledescription=\"slide\" aria-label=\"1 z 3\"><figure class=\"swiper-slide-inner\"><img decoding=\"async\" class=\"swiper-slide-image\" src=\"https:\/\/www.troyer.cz\/wp-content\/uploads\/elementor\/thumbs\/L1390102-min-pw3h1qz6b71rrknwrql8yv1unh3g4172xlxz7fz7sw.jpeg\" alt=\"Relaxa\u010dn\u00ed m\u00edstnost hotel troyer\" \/><\/figure><\/div><div class=\"swiper-slide\" role=\"group\" aria-roledescription=\"slide\" aria-label=\"2 z 3\"><figure class=\"swiper-slide-inner\"><img decoding=\"async\" class=\"swiper-slide-image\" src=\"https:\/\/www.troyer.cz\/wp-content\/uploads\/elementor\/thumbs\/L1390120-min-1-pw3h1n7tjuwmh4tddoyqow009xlz98s5l3c1ac4shs.jpeg\" alt=\"Sauny hotel troyer chodba\" \/><\/figure><\/div><div class=\"swiper-slide\" role=\"group\" aria-roledescription=\"slide\" aria-label=\"3 z 3\"><figure class=\"swiper-slide-inner\"><img decoding=\"async\" class=\"swiper-slide-image\" src=\"https:\/\/www.troyer.cz\/wp-content\/uploads\/elementor\/thumbs\/L1390085-min-scaled-pxjw4n51cmsoojfvpgx6m88jt8nik30is42azu8g1s.jpeg\" alt=\"Relaxa\u010dn\u00ed m\u00edstnost hotel troyer\" \/><\/figure><\/div>\t\t\t<\/div>\n\t\t\t\t\t\t\t\t\t\t\t\t<div class=\"elementor-swiper-button elementor-swiper-button-prev\" role=\"button\" tabindex=\"0\">\n\t\t\t\t\t\t<i aria-hidden=\"true\" class=\"eicon-chevron-left\"><\/i>\t\t\t\t\t<\/div>\n\t\t\t\t\t<div class=\"elementor-swiper-button elementor-swiper-button-next\" role=\"button\" tabindex=\"0\">\n\t\t\t\t\t\t<i aria-hidden=\"true\" class=\"eicon-chevron-right\"><\/i>\t\t\t\t\t<\/div>\n\t\t\t\t\n\t\t\t\t\t\t\t\t\t<\/div>\n\t\t\t\t\t\t<\/div>\n\t\t\t\t<\/div>\n\t\t\t\t\t<\/div>\n\t\t<\/div>\n\t\t\t\t\t<\/div>\n\t\t<\/section>\n\t\t\t\t<section class=\"elementor-section elementor-top-section elementor-element elementor-element-7c24a543 elementor-section-stretched elementor-section-content-middle elementor-section-boxed elementor-section-height-default elementor-section-height-default\" data-id=\"7c24a543\" data-element_type=\"section\" data-settings=\"{&quot;stretch_section&quot;:&quot;section-stretched&quot;,&quot;background_background&quot;:&quot;classic&quot;}\">\n\t\t\t\t\t\t\t<div class=\"elementor-background-overlay\"><\/div>\n\t\t\t\t\t\t\t<div class=\"elementor-container elementor-column-gap-default\">\n\t\t\t\t\t<div class=\"elementor-column elementor-col-50 elementor-top-column elementor-element elementor-element-4007ff69\" data-id=\"4007ff69\" data-element_type=\"column\" data-settings=\"{&quot;background_background&quot;:&quot;classic&quot;}\">\n\t\t\t<div class=\"elementor-widget-wrap elementor-element-populated\">\n\t\t\t\t\t\t<div class=\"elementor-element elementor-element-1f5b37b8 elementor-widget elementor-widget-heading\" data-id=\"1f5b37b8\" data-element_type=\"widget\" data-widget_type=\"heading.default\">\n\t\t\t\t<div class=\"elementor-widget-container\">\n\t\t\t\t\t<h3 class=\"elementor-heading-title elementor-size-default\">Cennik dla go\u015bci zewn\u0119trznych<\/h3>\t\t\t\t<\/div>\n\t\t\t\t<\/div>\n\t\t\t\t<div class=\"elementor-element elementor-element-723dfb7f elementor-widget elementor-widget-text-editor\" data-id=\"723dfb7f\" data-element_type=\"widget\" data-widget_type=\"text-editor.default\">\n\t\t\t\t<div class=\"elementor-widget-container\">\n\t\t\t\t\t\t\t\t\t<p style=\"text-align: center;\"><span style=\"color: #ffffff;\">Wst\u0119p do pokoju relaksacyjnego jest wliczony w cen\u0119 biletu do centrum saunowego.<\/span><\/p>\t\t\t\t\t\t\t\t<\/div>\n\t\t\t\t<\/div>\n\t\t\t\t<div class=\"elementor-element elementor-element-731736e elementor-align-center elementor-widget elementor-widget-button\" data-id=\"731736e\" data-element_type=\"widget\" data-widget_type=\"button.default\">\n\t\t\t\t<div class=\"elementor-widget-container\">\n\t\t\t\t\t\t\t\t\t<div class=\"elementor-button-wrapper\">\n\t\t\t\t\t<a class=\"elementor-button elementor-button-link elementor-size-sm elementor-animation-shrink\" href=\"https:\/\/www.troyer.cz\/saunove-centrum\/\">\n\t\t\t\t\t\t<span class=\"elementor-button-content-wrapper\">\n\t\t\t\t\t\t\t\t\t<span class=\"elementor-button-text\">Centrum saunowe<\/span>\n\t\t\t\t\t<\/span>\n\t\t\t\t\t<\/a>\n\t\t\t\t<\/div>\n\t\t\t\t\t\t\t\t<\/div>\n\t\t\t\t<\/div>\n\t\t\t\t\t<\/div>\n\t\t<\/div>\n\t\t\t\t<div class=\"elementor-column elementor-col-50 elementor-top-column elementor-element elementor-element-14c4ee23\" data-id=\"14c4ee23\" data-element_type=\"column\">\n\t\t\t<div class=\"elementor-widget-wrap\">\n\t\t\t\t\t\t\t<\/div>\n\t\t<\/div>\n\t\t\t\t\t<\/div>\n\t\t<\/section>\n\t\t\t\t<section class=\"elementor-section elementor-top-section elementor-element elementor-element-0f7a37e elementor-section-boxed elementor-section-height-default elementor-section-height-default\" data-id=\"0f7a37e\" data-element_type=\"section\">\n\t\t\t\t\t\t<div class=\"elementor-container elementor-column-gap-default\">\n\t\t\t\t\t<div class=\"elementor-column elementor-col-100 elementor-top-column elementor-element elementor-element-d5b9b3a\" data-id=\"d5b9b3a\" data-element_type=\"column\">\n\t\t\t<div class=\"elementor-widget-wrap elementor-element-populated\">\n\t\t\t\t\t\t<div class=\"elementor-element elementor-element-5ddcc16 elementor-widget elementor-widget-html\" data-id=\"5ddcc16\" data-element_type=\"widget\" data-widget_type=\"html.default\">\n\t\t\t\t<div class=\"elementor-widget-container\">\n\t\t\t\t\t<script>document.addEventListener('DOMContentLoaded', (event) => {\n    let hasTracked = false;\n\n    setTimeout(() => {\n        if (!hasTracked) {\n            fbq('trackCustom', 'time_spent');\n            hasTracked = true;\n        }\n    }, 20000); \/\/ 20000 ms = 20 sekund\n});\n<\/script>\t\t\t\t<\/div>\n\t\t\t\t<\/div>\n\t\t\t\t\t<\/div>\n\t\t<\/div>\n\t\t\t\t\t<\/div>\n\t\t<\/section>\n\t\t\t\t<\/div>\n\t\t","protected":false},"excerpt":{"rendered":"<p>Pok\u00f3j relaksacyjny Spok\u00f3j dla cia\u0142a i duszy Dla urozmaicenia pobytu masz mo\u017cliwo\u015b\u0107 korzystania z hotelowego basenu od 7:00 do 22:00 (we wtorki od 9:00 do 22:00). Basen posiada zar\u00f3wno cz\u0119\u015b\u0107 wewn\u0119trzn\u0105, jak i unikaln\u0105 cz\u0119\u015b\u0107 zewn\u0119trzn\u0105. Do cz\u0119\u015bci wewn\u0119trznej nale\u017cy osobny, okr\u0105g\u0142y jacuzzi z masa\u017cem oraz przyjemny bar, gdzie mo\u017cesz zam\u00f3wi\u0107 orze\u017awiaj\u0105ce napoje. Do ca\u0142orocznego [&hellip;]<\/p>\n","protected":false},"author":10,"featured_media":0,"parent":0,"menu_order":0,"comment_status":"closed","ping_status":"closed","template":"","meta":{"footnotes":""},"class_list":["post-42497","page","type-page","status-publish","hentry"],"yoast_head":"<!-- This site is optimized with the Yoast SEO plugin v25.8 - https:\/\/yoast.com\/wordpress\/plugins\/seo\/ -->\n<title>Pok\u00f3j relaksacyjny w hotelu Troyer<\/title>\n<meta name=\"description\" content=\"Nasz pok\u00f3j relaksacyjny zapewni Ci idealne miejsce i atmosfer\u0119 do odpoczynku. Zanurz si\u0119 w spokojnej atmosferze i pozw\u00f3l si\u0119 porwa\u0107 relaksowi.\" \/>\n<meta name=\"robots\" content=\"index, follow, max-snippet:-1, max-image-preview:large, max-video-preview:-1\" \/>\n<link rel=\"canonical\" href=\"https:\/\/www.troyer.cz\/pl\/pokoj-relaksacyjny\/\" \/>\n<meta property=\"og:locale\" content=\"pl_PL\" \/>\n<meta property=\"og:type\" content=\"article\" \/>\n<meta property=\"og:title\" content=\"Pok\u00f3j relaksacyjny w hotelu Troyer\" \/>\n<meta property=\"og:description\" content=\"Nasz pok\u00f3j relaksacyjny zapewni Ci idealne miejsce i atmosfer\u0119 do odpoczynku. Zanurz si\u0119 w spokojnej atmosferze i pozw\u00f3l si\u0119 porwa\u0107 relaksowi.\" \/>\n<meta property=\"og:url\" content=\"https:\/\/www.troyer.cz\/pl\/pokoj-relaksacyjny\/\" \/>\n<meta property=\"og:site_name\" content=\"Hotel Troyer\" \/>\n<meta property=\"article:publisher\" content=\"https:\/\/www.facebook.com\/HotelTroyer\/?locale=cs_CZ\" \/>\n<meta property=\"article:modified_time\" content=\"2025-07-03T07:18:30+00:00\" \/>\n<meta property=\"og:image\" content=\"https:\/\/www.troyer.cz\/wp-content\/uploads\/elementor\/thumbs\/L1390102-min-pw3h1qz6b71rrknwrql8yv1unh3g4172xlxz7fz7sw.jpeg\" \/>\n<meta name=\"twitter:card\" content=\"summary_large_image\" \/>\n<meta name=\"twitter:label1\" content=\"Szacowany czas czytania\" \/>\n\t<meta name=\"twitter:data1\" content=\"1 minuta\" \/>\n<script type=\"application\/ld+json\" class=\"yoast-schema-graph\">{\"@context\":\"https:\/\/schema.org\",\"@graph\":[{\"@type\":\"WebPage\",\"@id\":\"https:\/\/www.troyer.cz\/pl\/pokoj-relaksacyjny\/\",\"url\":\"https:\/\/www.troyer.cz\/pl\/pokoj-relaksacyjny\/\",\"name\":\"Pok\u00f3j relaksacyjny w hotelu Troyer\",\"isPartOf\":{\"@id\":\"https:\/\/www.troyer.cz\/#website\"},\"primaryImageOfPage\":{\"@id\":\"https:\/\/www.troyer.cz\/pl\/pokoj-relaksacyjny\/#primaryimage\"},\"image\":{\"@id\":\"https:\/\/www.troyer.cz\/pl\/pokoj-relaksacyjny\/#primaryimage\"},\"thumbnailUrl\":\"https:\/\/www.troyer.cz\/wp-content\/uploads\/elementor\/thumbs\/L1390102-min-pw3h1qz6b71rrknwrql8yv1unh3g4172xlxz7fz7sw.jpeg\",\"datePublished\":\"2022-09-08T10:26:04+00:00\",\"dateModified\":\"2025-07-03T07:18:30+00:00\",\"description\":\"Nasz pok\u00f3j relaksacyjny zapewni Ci idealne miejsce i atmosfer\u0119 do odpoczynku. Zanurz si\u0119 w spokojnej atmosferze i pozw\u00f3l si\u0119 porwa\u0107 relaksowi.\",\"breadcrumb\":{\"@id\":\"https:\/\/www.troyer.cz\/pl\/pokoj-relaksacyjny\/#breadcrumb\"},\"inLanguage\":\"pl-PL\",\"potentialAction\":[{\"@type\":\"ReadAction\",\"target\":[\"https:\/\/www.troyer.cz\/pl\/pokoj-relaksacyjny\/\"]}]},{\"@type\":\"ImageObject\",\"inLanguage\":\"pl-PL\",\"@id\":\"https:\/\/www.troyer.cz\/pl\/pokoj-relaksacyjny\/#primaryimage\",\"url\":\"https:\/\/www.troyer.cz\/wp-content\/uploads\/elementor\/thumbs\/L1390102-min-pw3h1qz6b71rrknwrql8yv1unh3g4172xlxz7fz7sw.jpeg\",\"contentUrl\":\"https:\/\/www.troyer.cz\/wp-content\/uploads\/elementor\/thumbs\/L1390102-min-pw3h1qz6b71rrknwrql8yv1unh3g4172xlxz7fz7sw.jpeg\"},{\"@type\":\"BreadcrumbList\",\"@id\":\"https:\/\/www.troyer.cz\/pl\/pokoj-relaksacyjny\/#breadcrumb\",\"itemListElement\":[{\"@type\":\"ListItem\",\"position\":1,\"name\":\"Dom\u016f\",\"item\":\"https:\/\/www.troyer.cz\/\"},{\"@type\":\"ListItem\",\"position\":2,\"name\":\"Pok\u00f3j relaksacyjny\"}]},{\"@type\":\"WebSite\",\"@id\":\"https:\/\/www.troyer.cz\/#website\",\"url\":\"https:\/\/www.troyer.cz\/\",\"name\":\"Hotel Troyer\",\"description\":\"Luxusn\u00ed wellness hotel v Beskydech\",\"publisher\":{\"@id\":\"https:\/\/www.troyer.cz\/#organization\"},\"alternateName\":\"Wellness Hotel v Beskydech\",\"potentialAction\":[{\"@type\":\"SearchAction\",\"target\":{\"@type\":\"EntryPoint\",\"urlTemplate\":\"https:\/\/www.troyer.cz\/?s={search_term_string}\"},\"query-input\":{\"@type\":\"PropertyValueSpecification\",\"valueRequired\":true,\"valueName\":\"search_term_string\"}}],\"inLanguage\":\"pl-PL\"},{\"@type\":\"Organization\",\"@id\":\"https:\/\/www.troyer.cz\/#organization\",\"name\":\"Hotel Troyer\",\"url\":\"https:\/\/www.troyer.cz\/\",\"logo\":{\"@type\":\"ImageObject\",\"inLanguage\":\"pl-PL\",\"@id\":\"https:\/\/www.troyer.cz\/#\/schema\/logo\/image\/\",\"url\":\"https:\/\/www.troyer.cz\/wp-content\/uploads\/2022\/11\/TROYER-ikona.png\",\"contentUrl\":\"https:\/\/www.troyer.cz\/wp-content\/uploads\/2022\/11\/TROYER-ikona.png\",\"width\":430,\"height\":430,\"caption\":\"Hotel Troyer\"},\"image\":{\"@id\":\"https:\/\/www.troyer.cz\/#\/schema\/logo\/image\/\"},\"sameAs\":[\"https:\/\/www.facebook.com\/HotelTroyer\/?locale=cs_CZ\",\"https:\/\/www.instagram.com\/hoteltroyer\/\"]}]}<\/script>\n<!-- \/ Yoast SEO plugin. -->","yoast_head_json":{"title":"Pok\u00f3j relaksacyjny w hotelu Troyer","description":"Nasz pok\u00f3j relaksacyjny zapewni Ci idealne miejsce i atmosfer\u0119 do odpoczynku. Zanurz si\u0119 w spokojnej atmosferze i pozw\u00f3l si\u0119 porwa\u0107 relaksowi.","robots":{"index":"index","follow":"follow","max-snippet":"max-snippet:-1","max-image-preview":"max-image-preview:large","max-video-preview":"max-video-preview:-1"},"canonical":"https:\/\/www.troyer.cz\/pl\/pokoj-relaksacyjny\/","og_locale":"pl_PL","og_type":"article","og_title":"Pok\u00f3j relaksacyjny w hotelu Troyer","og_description":"Nasz pok\u00f3j relaksacyjny zapewni Ci idealne miejsce i atmosfer\u0119 do odpoczynku. Zanurz si\u0119 w spokojnej atmosferze i pozw\u00f3l si\u0119 porwa\u0107 relaksowi.","og_url":"https:\/\/www.troyer.cz\/pl\/pokoj-relaksacyjny\/","og_site_name":"Hotel Troyer","article_publisher":"https:\/\/www.facebook.com\/HotelTroyer\/?locale=cs_CZ","article_modified_time":"2025-07-03T07:18:30+00:00","og_image":[{"url":"https:\/\/www.troyer.cz\/wp-content\/uploads\/elementor\/thumbs\/L1390102-min-pw3h1qz6b71rrknwrql8yv1unh3g4172xlxz7fz7sw.jpeg","type":"","width":"","height":""}],"twitter_card":"summary_large_image","twitter_misc":{"Szacowany czas czytania":"1 minuta"},"schema":{"@context":"https:\/\/schema.org","@graph":[{"@type":"WebPage","@id":"https:\/\/www.troyer.cz\/pl\/pokoj-relaksacyjny\/","url":"https:\/\/www.troyer.cz\/pl\/pokoj-relaksacyjny\/","name":"Pok\u00f3j relaksacyjny w hotelu Troyer","isPartOf":{"@id":"https:\/\/www.troyer.cz\/#website"},"primaryImageOfPage":{"@id":"https:\/\/www.troyer.cz\/pl\/pokoj-relaksacyjny\/#primaryimage"},"image":{"@id":"https:\/\/www.troyer.cz\/pl\/pokoj-relaksacyjny\/#primaryimage"},"thumbnailUrl":"https:\/\/www.troyer.cz\/wp-content\/uploads\/elementor\/thumbs\/L1390102-min-pw3h1qz6b71rrknwrql8yv1unh3g4172xlxz7fz7sw.jpeg","datePublished":"2022-09-08T10:26:04+00:00","dateModified":"2025-07-03T07:18:30+00:00","description":"Nasz pok\u00f3j relaksacyjny zapewni Ci idealne miejsce i atmosfer\u0119 do odpoczynku. Zanurz si\u0119 w spokojnej atmosferze i pozw\u00f3l si\u0119 porwa\u0107 relaksowi.","breadcrumb":{"@id":"https:\/\/www.troyer.cz\/pl\/pokoj-relaksacyjny\/#breadcrumb"},"inLanguage":"pl-PL","potentialAction":[{"@type":"ReadAction","target":["https:\/\/www.troyer.cz\/pl\/pokoj-relaksacyjny\/"]}]},{"@type":"ImageObject","inLanguage":"pl-PL","@id":"https:\/\/www.troyer.cz\/pl\/pokoj-relaksacyjny\/#primaryimage","url":"https:\/\/www.troyer.cz\/wp-content\/uploads\/elementor\/thumbs\/L1390102-min-pw3h1qz6b71rrknwrql8yv1unh3g4172xlxz7fz7sw.jpeg","contentUrl":"https:\/\/www.troyer.cz\/wp-content\/uploads\/elementor\/thumbs\/L1390102-min-pw3h1qz6b71rrknwrql8yv1unh3g4172xlxz7fz7sw.jpeg"},{"@type":"BreadcrumbList","@id":"https:\/\/www.troyer.cz\/pl\/pokoj-relaksacyjny\/#breadcrumb","itemListElement":[{"@type":"ListItem","position":1,"name":"Dom\u016f","item":"https:\/\/www.troyer.cz\/"},{"@type":"ListItem","position":2,"name":"Pok\u00f3j relaksacyjny"}]},{"@type":"WebSite","@id":"https:\/\/www.troyer.cz\/#website","url":"https:\/\/www.troyer.cz\/","name":"Hotel Troyer","description":"Luxusn\u00ed wellness hotel v Beskydech","publisher":{"@id":"https:\/\/www.troyer.cz\/#organization"},"alternateName":"Wellness Hotel v Beskydech","potentialAction":[{"@type":"SearchAction","target":{"@type":"EntryPoint","urlTemplate":"https:\/\/www.troyer.cz\/?s={search_term_string}"},"query-input":{"@type":"PropertyValueSpecification","valueRequired":true,"valueName":"search_term_string"}}],"inLanguage":"pl-PL"},{"@type":"Organization","@id":"https:\/\/www.troyer.cz\/#organization","name":"Hotel Troyer","url":"https:\/\/www.troyer.cz\/","logo":{"@type":"ImageObject","inLanguage":"pl-PL","@id":"https:\/\/www.troyer.cz\/#\/schema\/logo\/image\/","url":"https:\/\/www.troyer.cz\/wp-content\/uploads\/2022\/11\/TROYER-ikona.png","contentUrl":"https:\/\/www.troyer.cz\/wp-content\/uploads\/2022\/11\/TROYER-ikona.png","width":430,"height":430,"caption":"Hotel Troyer"},"image":{"@id":"https:\/\/www.troyer.cz\/#\/schema\/logo\/image\/"},"sameAs":["https:\/\/www.facebook.com\/HotelTroyer\/?locale=cs_CZ","https:\/\/www.instagram.com\/hoteltroyer\/"]}]}},"_links":{"self":[{"href":"https:\/\/www.troyer.cz\/pl\/wp-json\/wp\/v2\/pages\/42497","targetHints":{"allow":["GET"]}}],"collection":[{"href":"https:\/\/www.troyer.cz\/pl\/wp-json\/wp\/v2\/pages"}],"about":[{"href":"https:\/\/www.troyer.cz\/pl\/wp-json\/wp\/v2\/types\/page"}],"author":[{"embeddable":true,"href":"https:\/\/www.troyer.cz\/pl\/wp-json\/wp\/v2\/users\/10"}],"replies":[{"embeddable":true,"href":"https:\/\/www.troyer.cz\/pl\/wp-json\/wp\/v2\/comments?post=42497"}],"version-history":[{"count":1,"href":"https:\/\/www.troyer.cz\/pl\/wp-json\/wp\/v2\/pages\/42497\/revisions"}],"predecessor-version":[{"id":42498,"href":"https:\/\/www.troyer.cz\/pl\/wp-json\/wp\/v2\/pages\/42497\/revisions\/42498"}],"wp:attachment":[{"href":"https:\/\/www.troyer.cz\/pl\/wp-json\/wp\/v2\/media?parent=42497"}],"curies":[{"name":"wp","href":"https:\/\/api.w.org\/{rel}","templated":true}]}}