{"id":42416,"date":"2022-09-23T07:41:02","date_gmt":"2022-09-23T06:41:02","guid":{"rendered":"https:\/\/www.troyer.cz\/zapytanie-o-organizacje-slubu\/"},"modified":"2025-10-27T10:04:12","modified_gmt":"2025-10-27T09:04:12","slug":"zapytanie-o-organizacje-slubu","status":"publish","type":"page","link":"https:\/\/www.troyer.cz\/pl\/zapytanie-o-organizacje-slubu\/","title":{"rendered":"Zapytanie o organizacj\u0119 \u015blubu"},"content":{"rendered":"\t\t<div data-elementor-type=\"wp-page\" data-elementor-id=\"42416\" class=\"elementor elementor-42416 elementor-14378\">\n\t\t\t\t\t\t<section class=\"elementor-section elementor-top-section elementor-element elementor-element-b333bb1 elementor-section-boxed elementor-section-height-default elementor-section-height-default\" data-id=\"b333bb1\" data-element_type=\"section\">\n\t\t\t\t\t\t<div class=\"elementor-container elementor-column-gap-default\">\n\t\t\t\t\t<div class=\"elementor-column elementor-col-25 elementor-top-column elementor-element elementor-element-b4873cc\" data-id=\"b4873cc\" data-element_type=\"column\">\n\t\t\t<div class=\"elementor-widget-wrap\">\n\t\t\t\t\t\t\t<\/div>\n\t\t<\/div>\n\t\t\t\t<div class=\"elementor-column elementor-col-50 elementor-top-column elementor-element elementor-element-9c13afc\" data-id=\"9c13afc\" data-element_type=\"column\" data-settings=\"{&quot;background_background&quot;:&quot;classic&quot;}\">\n\t\t\t<div class=\"elementor-widget-wrap elementor-element-populated\">\n\t\t\t\t\t\t<div class=\"elementor-element elementor-element-e3389aa elementor-widget elementor-widget-heading\" data-id=\"e3389aa\" data-element_type=\"widget\" data-widget_type=\"heading.default\">\n\t\t\t\t<div class=\"elementor-widget-container\">\n\t\t\t\t\t<h1 class=\"elementor-heading-title elementor-size-default\">Formularz zapytania<\/h1>\t\t\t\t<\/div>\n\t\t\t\t<\/div>\n\t\t\t\t<div class=\"elementor-element elementor-element-62cac0c elementor-widget elementor-widget-text-editor\" data-id=\"62cac0c\" data-element_type=\"widget\" data-widget_type=\"text-editor.default\">\n\t\t\t\t<div class=\"elementor-widget-container\">\n\t\t\t\t\t\t\t\t\t<p style=\"text-align: center;\">Wy\u015blij nam niezobowi\u0105zuj\u0105ce zapytanie i dowiedz si\u0119 wi\u0119cej o tym, co mo\u017cemy Ci zaoferowa\u0107. Skontaktujemy si\u0119 z Tob\u0105 jak najszybciej i om\u00f3wimy wszystko, czego b\u0119dziesz potrzebowa\u0107 na ten wyj\u0105tkowy dzie\u0144. <\/p>\t\t\t\t\t\t\t\t<\/div>\n\t\t\t\t<\/div>\n\t\t\t\t<div class=\"elementor-element elementor-element-2615394 elementor-widget elementor-widget-text-editor\" data-id=\"2615394\" data-element_type=\"widget\" data-widget_type=\"text-editor.default\">\n\t\t\t\t<div class=\"elementor-widget-container\">\n\t\t\t\t\t\t\t\t\t<p>\n<div class=\"wpcf7 no-js\" id=\"wpcf7-f47242-o1\" lang=\"pl-PL\" dir=\"ltr\" data-wpcf7-id=\"47242\">\n<div class=\"screen-reader-response\"><p role=\"status\" aria-live=\"polite\" aria-atomic=\"true\"><\/p> <ul><\/ul><\/div>\n<form action=\"\/pl\/wp-json\/wp\/v2\/pages\/42416#wpcf7-f47242-o1\" method=\"post\" class=\"wpcf7-form init\" aria-label=\"Formularz kontaktowy\" novalidate=\"novalidate\" data-status=\"init\">\n<fieldset class=\"hidden-fields-container\"><input type=\"hidden\" name=\"_wpcf7\" value=\"47242\" \/><input type=\"hidden\" name=\"_wpcf7_version\" value=\"6.1.1\" \/><input type=\"hidden\" name=\"_wpcf7_locale\" value=\"pl_PL\" \/><input type=\"hidden\" name=\"_wpcf7_unit_tag\" value=\"wpcf7-f47242-o1\" \/><input type=\"hidden\" name=\"_wpcf7_container_post\" value=\"0\" \/><input type=\"hidden\" name=\"_wpcf7_posted_data_hash\" value=\"\" \/><input type=\"hidden\" name=\"_wpcf7_recaptcha_response\" value=\"\" \/>\n<\/fieldset>\n<p><label> Twoje imi\u0119*<br \/>\n<span class=\"wpcf7-form-control-wrap\" data-name=\"jmeno\"><input size=\"40\" maxlength=\"400\" class=\"wpcf7-form-control wpcf7-text wpcf7-validates-as-required\" aria-required=\"true\" aria-invalid=\"false\" value=\"\" type=\"text\" name=\"jmeno\" \/><\/span> <\/label>\n<\/p>\n<p><label> Tw\u00f3j adres e-mail*<br \/>\n<span class=\"wpcf7-form-control-wrap\" data-name=\"email\"><input size=\"40\" maxlength=\"400\" class=\"wpcf7-form-control wpcf7-email wpcf7-validates-as-required wpcf7-text wpcf7-validates-as-email\" aria-required=\"true\" aria-invalid=\"false\" value=\"\" type=\"email\" name=\"email\" \/><\/span> <\/label>\n<\/p>\n<p><label>Telefon:*<br \/>\n<span class=\"wpcf7-form-control-wrap\" data-name=\"telefon\"><input size=\"40\" maxlength=\"400\" class=\"wpcf7-form-control wpcf7-text wpcf7-validates-as-required\" aria-required=\"true\" aria-invalid=\"false\" value=\"\" type=\"text\" name=\"telefon\" \/><\/span><\/label>\n<\/p>\n<p><label>Termin:<br \/>\n<span class=\"wpcf7-form-control-wrap\" data-name=\"termin\"><input class=\"wpcf7-form-control wpcf7-date wpcf7-validates-as-date\" aria-invalid=\"false\" value=\"2026-04-21\" type=\"date\" name=\"termin\" \/><\/span><\/label>\n<\/p>\n<p><label>Liczba go\u015bci:<br \/>\n<span class=\"wpcf7-form-control-wrap\" data-name=\"pocet-hostu\"><input class=\"wpcf7-form-control wpcf7-number wpcf7-validates-as-number\" min=\"0\" max=\"200\" step=\"3\" aria-invalid=\"false\" value=\"0\" type=\"number\" name=\"pocet-hostu\" \/><\/span><\/label>\n<\/p>\n<p><label>Notatka:<br \/>\n<span class=\"wpcf7-form-control-wrap\" data-name=\"poznamka\"><textarea cols=\"40\" rows=\"10\" maxlength=\"2000\" class=\"wpcf7-form-control wpcf7-textarea\" aria-invalid=\"false\" placeholder=\"Napisz nam tutaj swoje \u017cyczenia i wymagania.\" name=\"poznamka\"><\/textarea><\/span><\/label>\n<\/p>\n<p>*Wysy\u0142aj\u0105c formularz wyra\u017cam zgod\u0119 na przetwarzanie danych osobowych w celu realizacji mojego zapytania.\n<\/p>\n<p><input class=\"wpcf7-form-control wpcf7-submit has-spinner\" type=\"submit\" value=\"Wys\u0142a\u0107\" \/>\n<\/p><div class=\"wpcf7-response-output\" aria-hidden=\"true\"><\/div>\n<\/form>\n<\/div>\n<\/p>\t\t\t\t\t\t\t\t<\/div>\n\t\t\t\t<\/div>\n\t\t\t\t\t<\/div>\n\t\t<\/div>\n\t\t\t\t<div class=\"elementor-column elementor-col-25 elementor-top-column elementor-element elementor-element-56b46f6\" data-id=\"56b46f6\" data-element_type=\"column\">\n\t\t\t<div class=\"elementor-widget-wrap\">\n\t\t\t\t\t\t\t<\/div>\n\t\t<\/div>\n\t\t\t\t\t<\/div>\n\t\t<\/section>\n\t\t\t\t<\/div>\n\t\t","protected":false},"excerpt":{"rendered":"<p>Formularz zapytania Wy\u015blij nam niezobowi\u0105zuj\u0105ce zapytanie i dowiedz si\u0119 wi\u0119cej o tym, co mo\u017cemy Ci zaoferowa\u0107. Skontaktujemy si\u0119 z Tob\u0105 jak najszybciej i om\u00f3wimy wszystko, czego b\u0119dziesz potrzebowa\u0107 na ten wyj\u0105tkowy dzie\u0144.<\/p>\n","protected":false},"author":10,"featured_media":19782,"parent":0,"menu_order":0,"comment_status":"closed","ping_status":"closed","template":"","meta":{"footnotes":""},"class_list":["post-42416","page","type-page","status-publish","has-post-thumbnail","hentry"],"yoast_head":"<!-- This site is optimized with the Yoast SEO plugin v25.8 - https:\/\/yoast.com\/wordpress\/plugins\/seo\/ -->\n<title>Zapytanie o organizacj\u0119 \u015blubu - Hotel Troyer<\/title>\n<meta name=\"description\" content=\"Szukasz miejsca na niezapomniany \u015blub? Hotel Troyer u podn\u00f3\u017ca Beskid\u00f3w to idealne miejsce na Tw\u00f3j wyj\u0105tkowy dzie\u0144.\" \/>\n<meta name=\"robots\" content=\"index, follow, max-snippet:-1, max-image-preview:large, max-video-preview:-1\" \/>\n<link rel=\"canonical\" href=\"https:\/\/www.troyer.cz\/pl\/zapytanie-o-organizacje-slubu\/\" \/>\n<meta property=\"og:locale\" content=\"pl_PL\" \/>\n<meta property=\"og:type\" content=\"article\" \/>\n<meta property=\"og:title\" content=\"Zapytanie o organizacj\u0119 \u015blubu - Hotel Troyer\" \/>\n<meta property=\"og:description\" content=\"Szukasz miejsca na niezapomniany \u015blub? Hotel Troyer u podn\u00f3\u017ca Beskid\u00f3w to idealne miejsce na Tw\u00f3j wyj\u0105tkowy dzie\u0144.\" \/>\n<meta property=\"og:url\" content=\"https:\/\/www.troyer.cz\/pl\/zapytanie-o-organizacje-slubu\/\" \/>\n<meta property=\"og:site_name\" content=\"Hotel Troyer\" \/>\n<meta property=\"article:publisher\" content=\"https:\/\/www.facebook.com\/HotelTroyer\/?locale=cs_CZ\" \/>\n<meta property=\"article:modified_time\" content=\"2025-10-27T09:04:12+00:00\" \/>\n<meta property=\"og:image\" content=\"https:\/\/www.troyer.cz\/wp-content\/uploads\/2022\/09\/L1000733-1-e1663152082611.jpg\" \/>\n\t<meta property=\"og:image:width\" content=\"1920\" \/>\n\t<meta property=\"og:image:height\" content=\"1132\" \/>\n\t<meta property=\"og:image:type\" content=\"image\/jpeg\" \/>\n<meta name=\"twitter:card\" content=\"summary_large_image\" \/>\n<meta name=\"twitter:label1\" content=\"Szacowany czas czytania\" \/>\n\t<meta name=\"twitter:data1\" content=\"1 minuta\" \/>\n<script type=\"application\/ld+json\" class=\"yoast-schema-graph\">{\"@context\":\"https:\/\/schema.org\",\"@graph\":[{\"@type\":\"WebPage\",\"@id\":\"https:\/\/www.troyer.cz\/pl\/zapytanie-o-organizacje-slubu\/\",\"url\":\"https:\/\/www.troyer.cz\/pl\/zapytanie-o-organizacje-slubu\/\",\"name\":\"Zapytanie o organizacj\u0119 \u015blubu - Hotel Troyer\",\"isPartOf\":{\"@id\":\"https:\/\/www.troyer.cz\/#website\"},\"primaryImageOfPage\":{\"@id\":\"https:\/\/www.troyer.cz\/pl\/zapytanie-o-organizacje-slubu\/#primaryimage\"},\"image\":{\"@id\":\"https:\/\/www.troyer.cz\/pl\/zapytanie-o-organizacje-slubu\/#primaryimage\"},\"thumbnailUrl\":\"https:\/\/www.troyer.cz\/wp-content\/uploads\/2022\/09\/L1000733-1-e1663152082611.jpg\",\"datePublished\":\"2022-09-23T06:41:02+00:00\",\"dateModified\":\"2025-10-27T09:04:12+00:00\",\"description\":\"Szukasz miejsca na niezapomniany \u015blub? Hotel Troyer u podn\u00f3\u017ca Beskid\u00f3w to idealne miejsce na Tw\u00f3j wyj\u0105tkowy dzie\u0144.\",\"breadcrumb\":{\"@id\":\"https:\/\/www.troyer.cz\/pl\/zapytanie-o-organizacje-slubu\/#breadcrumb\"},\"inLanguage\":\"pl-PL\",\"potentialAction\":[{\"@type\":\"ReadAction\",\"target\":[\"https:\/\/www.troyer.cz\/pl\/zapytanie-o-organizacje-slubu\/\"]}]},{\"@type\":\"ImageObject\",\"inLanguage\":\"pl-PL\",\"@id\":\"https:\/\/www.troyer.cz\/pl\/zapytanie-o-organizacje-slubu\/#primaryimage\",\"url\":\"https:\/\/www.troyer.cz\/wp-content\/uploads\/2022\/09\/L1000733-1-e1663152082611.jpg\",\"contentUrl\":\"https:\/\/www.troyer.cz\/wp-content\/uploads\/2022\/09\/L1000733-1-e1663152082611.jpg\",\"width\":1920,\"height\":1132,\"caption\":\"Svatebn\u00ed p\u00e1r na hotelu troyer\"},{\"@type\":\"BreadcrumbList\",\"@id\":\"https:\/\/www.troyer.cz\/pl\/zapytanie-o-organizacje-slubu\/#breadcrumb\",\"itemListElement\":[{\"@type\":\"ListItem\",\"position\":1,\"name\":\"Dom\u016f\",\"item\":\"https:\/\/www.troyer.cz\/\"},{\"@type\":\"ListItem\",\"position\":2,\"name\":\"Zapytanie o organizacj\u0119 \u015blubu\"}]},{\"@type\":\"WebSite\",\"@id\":\"https:\/\/www.troyer.cz\/#website\",\"url\":\"https:\/\/www.troyer.cz\/\",\"name\":\"Hotel Troyer\",\"description\":\"Luxusn\u00ed wellness hotel v Beskydech\",\"publisher\":{\"@id\":\"https:\/\/www.troyer.cz\/#organization\"},\"alternateName\":\"Wellness Hotel v Beskydech\",\"potentialAction\":[{\"@type\":\"SearchAction\",\"target\":{\"@type\":\"EntryPoint\",\"urlTemplate\":\"https:\/\/www.troyer.cz\/?s={search_term_string}\"},\"query-input\":{\"@type\":\"PropertyValueSpecification\",\"valueRequired\":true,\"valueName\":\"search_term_string\"}}],\"inLanguage\":\"pl-PL\"},{\"@type\":\"Organization\",\"@id\":\"https:\/\/www.troyer.cz\/#organization\",\"name\":\"Hotel Troyer\",\"url\":\"https:\/\/www.troyer.cz\/\",\"logo\":{\"@type\":\"ImageObject\",\"inLanguage\":\"pl-PL\",\"@id\":\"https:\/\/www.troyer.cz\/#\/schema\/logo\/image\/\",\"url\":\"https:\/\/www.troyer.cz\/wp-content\/uploads\/2022\/11\/TROYER-ikona.png\",\"contentUrl\":\"https:\/\/www.troyer.cz\/wp-content\/uploads\/2022\/11\/TROYER-ikona.png\",\"width\":430,\"height\":430,\"caption\":\"Hotel Troyer\"},\"image\":{\"@id\":\"https:\/\/www.troyer.cz\/#\/schema\/logo\/image\/\"},\"sameAs\":[\"https:\/\/www.facebook.com\/HotelTroyer\/?locale=cs_CZ\",\"https:\/\/www.instagram.com\/hoteltroyer\/\"]}]}<\/script>\n<!-- \/ Yoast SEO plugin. -->","yoast_head_json":{"title":"Zapytanie o organizacj\u0119 \u015blubu - Hotel Troyer","description":"Szukasz miejsca na niezapomniany \u015blub? Hotel Troyer u podn\u00f3\u017ca Beskid\u00f3w to idealne miejsce na Tw\u00f3j wyj\u0105tkowy dzie\u0144.","robots":{"index":"index","follow":"follow","max-snippet":"max-snippet:-1","max-image-preview":"max-image-preview:large","max-video-preview":"max-video-preview:-1"},"canonical":"https:\/\/www.troyer.cz\/pl\/zapytanie-o-organizacje-slubu\/","og_locale":"pl_PL","og_type":"article","og_title":"Zapytanie o organizacj\u0119 \u015blubu - Hotel Troyer","og_description":"Szukasz miejsca na niezapomniany \u015blub? Hotel Troyer u podn\u00f3\u017ca Beskid\u00f3w to idealne miejsce na Tw\u00f3j wyj\u0105tkowy dzie\u0144.","og_url":"https:\/\/www.troyer.cz\/pl\/zapytanie-o-organizacje-slubu\/","og_site_name":"Hotel Troyer","article_publisher":"https:\/\/www.facebook.com\/HotelTroyer\/?locale=cs_CZ","article_modified_time":"2025-10-27T09:04:12+00:00","og_image":[{"width":1920,"height":1132,"url":"https:\/\/www.troyer.cz\/wp-content\/uploads\/2022\/09\/L1000733-1-e1663152082611.jpg","type":"image\/jpeg"}],"twitter_card":"summary_large_image","twitter_misc":{"Szacowany czas czytania":"1 minuta"},"schema":{"@context":"https:\/\/schema.org","@graph":[{"@type":"WebPage","@id":"https:\/\/www.troyer.cz\/pl\/zapytanie-o-organizacje-slubu\/","url":"https:\/\/www.troyer.cz\/pl\/zapytanie-o-organizacje-slubu\/","name":"Zapytanie o organizacj\u0119 \u015blubu - Hotel Troyer","isPartOf":{"@id":"https:\/\/www.troyer.cz\/#website"},"primaryImageOfPage":{"@id":"https:\/\/www.troyer.cz\/pl\/zapytanie-o-organizacje-slubu\/#primaryimage"},"image":{"@id":"https:\/\/www.troyer.cz\/pl\/zapytanie-o-organizacje-slubu\/#primaryimage"},"thumbnailUrl":"https:\/\/www.troyer.cz\/wp-content\/uploads\/2022\/09\/L1000733-1-e1663152082611.jpg","datePublished":"2022-09-23T06:41:02+00:00","dateModified":"2025-10-27T09:04:12+00:00","description":"Szukasz miejsca na niezapomniany \u015blub? Hotel Troyer u podn\u00f3\u017ca Beskid\u00f3w to idealne miejsce na Tw\u00f3j wyj\u0105tkowy dzie\u0144.","breadcrumb":{"@id":"https:\/\/www.troyer.cz\/pl\/zapytanie-o-organizacje-slubu\/#breadcrumb"},"inLanguage":"pl-PL","potentialAction":[{"@type":"ReadAction","target":["https:\/\/www.troyer.cz\/pl\/zapytanie-o-organizacje-slubu\/"]}]},{"@type":"ImageObject","inLanguage":"pl-PL","@id":"https:\/\/www.troyer.cz\/pl\/zapytanie-o-organizacje-slubu\/#primaryimage","url":"https:\/\/www.troyer.cz\/wp-content\/uploads\/2022\/09\/L1000733-1-e1663152082611.jpg","contentUrl":"https:\/\/www.troyer.cz\/wp-content\/uploads\/2022\/09\/L1000733-1-e1663152082611.jpg","width":1920,"height":1132,"caption":"Svatebn\u00ed p\u00e1r na hotelu troyer"},{"@type":"BreadcrumbList","@id":"https:\/\/www.troyer.cz\/pl\/zapytanie-o-organizacje-slubu\/#breadcrumb","itemListElement":[{"@type":"ListItem","position":1,"name":"Dom\u016f","item":"https:\/\/www.troyer.cz\/"},{"@type":"ListItem","position":2,"name":"Zapytanie o organizacj\u0119 \u015blubu"}]},{"@type":"WebSite","@id":"https:\/\/www.troyer.cz\/#website","url":"https:\/\/www.troyer.cz\/","name":"Hotel Troyer","description":"Luxusn\u00ed wellness hotel v Beskydech","publisher":{"@id":"https:\/\/www.troyer.cz\/#organization"},"alternateName":"Wellness Hotel v Beskydech","potentialAction":[{"@type":"SearchAction","target":{"@type":"EntryPoint","urlTemplate":"https:\/\/www.troyer.cz\/?s={search_term_string}"},"query-input":{"@type":"PropertyValueSpecification","valueRequired":true,"valueName":"search_term_string"}}],"inLanguage":"pl-PL"},{"@type":"Organization","@id":"https:\/\/www.troyer.cz\/#organization","name":"Hotel Troyer","url":"https:\/\/www.troyer.cz\/","logo":{"@type":"ImageObject","inLanguage":"pl-PL","@id":"https:\/\/www.troyer.cz\/#\/schema\/logo\/image\/","url":"https:\/\/www.troyer.cz\/wp-content\/uploads\/2022\/11\/TROYER-ikona.png","contentUrl":"https:\/\/www.troyer.cz\/wp-content\/uploads\/2022\/11\/TROYER-ikona.png","width":430,"height":430,"caption":"Hotel Troyer"},"image":{"@id":"https:\/\/www.troyer.cz\/#\/schema\/logo\/image\/"},"sameAs":["https:\/\/www.facebook.com\/HotelTroyer\/?locale=cs_CZ","https:\/\/www.instagram.com\/hoteltroyer\/"]}]}},"_links":{"self":[{"href":"https:\/\/www.troyer.cz\/pl\/wp-json\/wp\/v2\/pages\/42416","targetHints":{"allow":["GET"]}}],"collection":[{"href":"https:\/\/www.troyer.cz\/pl\/wp-json\/wp\/v2\/pages"}],"about":[{"href":"https:\/\/www.troyer.cz\/pl\/wp-json\/wp\/v2\/types\/page"}],"author":[{"embeddable":true,"href":"https:\/\/www.troyer.cz\/pl\/wp-json\/wp\/v2\/users\/10"}],"replies":[{"embeddable":true,"href":"https:\/\/www.troyer.cz\/pl\/wp-json\/wp\/v2\/comments?post=42416"}],"version-history":[{"count":4,"href":"https:\/\/www.troyer.cz\/pl\/wp-json\/wp\/v2\/pages\/42416\/revisions"}],"predecessor-version":[{"id":47245,"href":"https:\/\/www.troyer.cz\/pl\/wp-json\/wp\/v2\/pages\/42416\/revisions\/47245"}],"wp:featuredmedia":[{"embeddable":true,"href":"https:\/\/www.troyer.cz\/pl\/wp-json\/wp\/v2\/media\/19782"}],"wp:attachment":[{"href":"https:\/\/www.troyer.cz\/pl\/wp-json\/wp\/v2\/media?parent=42416"}],"curies":[{"name":"wp","href":"https:\/\/api.w.org\/{rel}","templated":true}]}}