{"id":42154,"date":"2022-09-09T09:06:26","date_gmt":"2022-09-09T08:06:26","guid":{"rendered":"https:\/\/www.troyer.cz\/masaze-ovoderm\/"},"modified":"2025-09-04T08:25:26","modified_gmt":"2025-09-04T07:25:26","slug":"masaze-ovoderm","status":"publish","type":"page","link":"https:\/\/www.troyer.cz\/pl\/masaze-ovoderm\/","title":{"rendered":"Masa\u017ce Ovoderm"},"content":{"rendered":"\t\t<div data-elementor-type=\"wp-page\" data-elementor-id=\"42154\" class=\"elementor elementor-42154 elementor-11530\">\n\t\t\t\t\t\t<section class=\"elementor-section elementor-top-section elementor-element elementor-element-3eb2da3d elementor-section-stretched elementor-section-content-middle elementor-section-boxed elementor-section-height-default elementor-section-height-default\" data-id=\"3eb2da3d\" data-element_type=\"section\" data-settings=\"{&quot;stretch_section&quot;:&quot;section-stretched&quot;,&quot;background_background&quot;:&quot;classic&quot;}\">\n\t\t\t\t\t\t\t<div class=\"elementor-background-overlay\"><\/div>\n\t\t\t\t\t\t\t<div class=\"elementor-container elementor-column-gap-default\">\n\t\t\t\t\t<div class=\"elementor-column elementor-col-100 elementor-top-column elementor-element elementor-element-7d590079\" data-id=\"7d590079\" data-element_type=\"column\">\n\t\t\t<div class=\"elementor-widget-wrap elementor-element-populated\">\n\t\t\t\t\t\t<div class=\"elementor-element elementor-element-6668d1fa elementor-widget elementor-widget-heading\" data-id=\"6668d1fa\" data-element_type=\"widget\" data-widget_type=\"heading.default\">\n\t\t\t\t<div class=\"elementor-widget-container\">\n\t\t\t\t\t<h1 class=\"elementor-heading-title elementor-size-default\">Mas\u00e1\u017ee Ovoderm\u00ae\ufe0f <br>Lecithos therapia<\/h1>\t\t\t\t<\/div>\n\t\t\t\t<\/div>\n\t\t\t\t\t<\/div>\n\t\t<\/div>\n\t\t\t\t\t<\/div>\n\t\t<\/section>\n\t\t\t\t<section class=\"elementor-section elementor-top-section elementor-element elementor-element-659bbf3e elementor-section-boxed elementor-section-height-default elementor-section-height-default\" data-id=\"659bbf3e\" data-element_type=\"section\">\n\t\t\t\t\t\t<div class=\"elementor-container elementor-column-gap-default\">\n\t\t\t\t\t<div class=\"elementor-column elementor-col-50 elementor-top-column elementor-element elementor-element-7ac205a\" data-id=\"7ac205a\" data-element_type=\"column\">\n\t\t\t<div class=\"elementor-widget-wrap elementor-element-populated\">\n\t\t\t\t\t\t<div class=\"elementor-element elementor-element-f1749c8 elementor-widget elementor-widget-html\" data-id=\"f1749c8\" data-element_type=\"widget\" data-widget_type=\"html.default\">\n\t\t\t\t<div class=\"elementor-widget-container\">\n\t\t\t\t\t<script>$(document).ready(function() {\n    \/\/ Pro odkazy s tel:\n    $('a[href^=\"tel:\"]').on('click', function() {\n      fbq('trackCustom', 'phone');\n    });\n\n    \/\/ Pro odkazy s mailto:\n    $('a[href^=\"mailto:\"]').on('click', function() {\n      fbq('trackCustom', 'mail');\n    });\n  });\n<\/script>\t\t\t\t<\/div>\n\t\t\t\t<\/div>\n\t\t\t\t<div class=\"elementor-element elementor-element-53567c4 elementor-widget elementor-widget-heading\" data-id=\"53567c4\" data-element_type=\"widget\" data-widget_type=\"heading.default\">\n\t\t\t\t<div class=\"elementor-widget-container\">\n\t\t\t\t\t<h2 class=\"elementor-heading-title elementor-size-default\">Jak przebiega odm\u0142adzaj\u0105cy rytua\u0142 masa\u017cu?<\/h2>\t\t\t\t<\/div>\n\t\t\t\t<\/div>\n\t\t\t\t<div class=\"elementor-element elementor-element-64615df elementor-widget elementor-widget-text-editor\" data-id=\"64615df\" data-element_type=\"widget\" data-widget_type=\"text-editor.default\">\n\t\t\t\t<div class=\"elementor-widget-container\">\n\t\t\t\t\t\t\t\t\t<p>Jest to rytua\u0142 masa\u017cu, podczas kt\u00f3rego sk\u00f3ra jest traktowana i masowana olejami stymuluj\u0105cymi metabolizm oraz wspomagaj\u0105cymi przenikanie lecytyny przez b\u0142ony kom\u00f3rkowe, g\u0142\u00f3wnie olejem s\u0142onecznikowym, mas\u0142em kakaowym i ekstraktem z pestek owoc\u00f3w cytrusowych, co przyczynia si\u0119 do oczyszczania i szybkiej regeneracji kom\u00f3rek.<\/p><p> <\/p><p>Ten spos\u00f3b masa\u017cu si\u0119ga po\u0142owy XIX wieku i narodzi\u0142 si\u0119 w\u015br\u00f3d uzdrowicieli Zachodnich Karpat. Historyczna nazwa rytua\u0142u pochodzi od \u017ar\u00f3d\u0142a narodzin \u017cycia. <br> <\/p><p>Ovo-jajko i grecka nazwa \u017c\u00f3\u0142tka \u2013 lecitos, kt\u00f3ry tutaj symbolizuje lecytyn\u0119 i by\u0142 wcze\u015bniej wykorzystywany podczas masa\u017cu.<\/p>\t\t\t\t\t\t\t\t<\/div>\n\t\t\t\t<\/div>\n\t\t\t\t\t<\/div>\n\t\t<\/div>\n\t\t\t\t<div class=\"elementor-column elementor-col-50 elementor-top-column elementor-element elementor-element-51c2318e\" data-id=\"51c2318e\" data-element_type=\"column\" data-settings=\"{&quot;background_background&quot;:&quot;classic&quot;}\">\n\t\t\t<div class=\"elementor-widget-wrap elementor-element-populated\">\n\t\t\t\t\t\t<div class=\"elementor-element elementor-element-25117c6d elementor-widget elementor-widget-heading\" data-id=\"25117c6d\" data-element_type=\"widget\" data-widget_type=\"heading.default\">\n\t\t\t\t<div class=\"elementor-widget-container\">\n\t\t\t\t\t<h4 class=\"elementor-heading-title elementor-size-default\">Rezervace<\/h4>\t\t\t\t<\/div>\n\t\t\t\t<\/div>\n\t\t\t\t<div class=\"elementor-element elementor-element-6cc16593 elementor-align-center elementor-icon-list--layout-traditional elementor-list-item-link-full_width elementor-widget elementor-widget-icon-list\" data-id=\"6cc16593\" data-element_type=\"widget\" data-widget_type=\"icon-list.default\">\n\t\t\t\t<div class=\"elementor-widget-container\">\n\t\t\t\t\t\t\t<ul class=\"elementor-icon-list-items\">\n\t\t\t\t\t\t\t<li class=\"elementor-icon-list-item\">\n\t\t\t\t\t\t\t\t\t\t<span class=\"elementor-icon-list-text\">Zamawia\u0107 mo\u017cna telefonicznie lub e-mailem:<\/span>\n\t\t\t\t\t\t\t\t\t<\/li>\n\t\t\t\t\t\t\t\t<li class=\"elementor-icon-list-item\">\n\t\t\t\t\t\t\t\t\t\t\t<span class=\"elementor-icon-list-icon\">\n\t\t\t\t\t\t\t<i aria-hidden=\"true\" class=\"far fa-bell\"><\/i>\t\t\t\t\t\t<\/span>\n\t\t\t\t\t\t\t\t\t\t<span class=\"elementor-icon-list-text\">recepce@troyer.cz<\/span>\n\t\t\t\t\t\t\t\t\t<\/li>\n\t\t\t\t\t\t\t\t<li class=\"elementor-icon-list-item\">\n\t\t\t\t\t\t\t\t\t\t\t<span class=\"elementor-icon-list-icon\">\n\t\t\t\t\t\t\t<i aria-hidden=\"true\" class=\"fas fa-phone\"><\/i>\t\t\t\t\t\t<\/span>\n\t\t\t\t\t\t\t\t\t\t<span class=\"elementor-icon-list-text\">+420 556 802 007<\/span>\n\t\t\t\t\t\t\t\t\t<\/li>\n\t\t\t\t\t\t<\/ul>\n\t\t\t\t\t\t<\/div>\n\t\t\t\t<\/div>\n\t\t\t\t<div class=\"elementor-element elementor-element-679164b7 elementor-widget-divider--view-line elementor-widget elementor-widget-divider\" data-id=\"679164b7\" data-element_type=\"widget\" data-widget_type=\"divider.default\">\n\t\t\t\t<div class=\"elementor-widget-container\">\n\t\t\t\t\t\t\t<div class=\"elementor-divider\">\n\t\t\t<span class=\"elementor-divider-separator\">\n\t\t\t\t\t\t<\/span>\n\t\t<\/div>\n\t\t\t\t\t\t<\/div>\n\t\t\t\t<\/div>\n\t\t\t\t<div class=\"elementor-element elementor-element-388a514a elementor-widget elementor-widget-heading\" data-id=\"388a514a\" data-element_type=\"widget\" data-widget_type=\"heading.default\">\n\t\t\t\t<div class=\"elementor-widget-container\">\n\t\t\t\t\t<h4 class=\"elementor-heading-title elementor-size-default\">Godziny otwarcia<\/h4>\t\t\t\t<\/div>\n\t\t\t\t<\/div>\n\t\t\t\t<div class=\"elementor-element elementor-element-540b8bda elementor-widget elementor-widget-text-editor\" data-id=\"540b8bda\" data-element_type=\"widget\" data-widget_type=\"text-editor.default\">\n\t\t\t\t<div class=\"elementor-widget-container\">\n\t\t\t\t\t\t\t\t\t<p style=\"text-align: center;\"><span style=\"color: #ffffff;\">wg ustale\u0144<\/span><\/p>\t\t\t\t\t\t\t\t<\/div>\n\t\t\t\t<\/div>\n\t\t\t\t\t<\/div>\n\t\t<\/div>\n\t\t\t\t\t<\/div>\n\t\t<\/section>\n\t\t\t\t<section class=\"elementor-section elementor-top-section elementor-element elementor-element-54a82bd9 elementor-section-stretched elementor-section-content-middle elementor-section-boxed elementor-section-height-default elementor-section-height-default\" data-id=\"54a82bd9\" data-element_type=\"section\" data-settings=\"{&quot;stretch_section&quot;:&quot;section-stretched&quot;,&quot;background_background&quot;:&quot;classic&quot;}\">\n\t\t\t\t\t\t\t<div class=\"elementor-background-overlay\"><\/div>\n\t\t\t\t\t\t\t<div class=\"elementor-container elementor-column-gap-default\">\n\t\t\t\t\t<div class=\"elementor-column elementor-col-50 elementor-top-column elementor-element elementor-element-686afff6\" data-id=\"686afff6\" data-element_type=\"column\" data-settings=\"{&quot;background_background&quot;:&quot;classic&quot;}\">\n\t\t\t<div class=\"elementor-widget-wrap elementor-element-populated\">\n\t\t\t\t\t\t<div class=\"elementor-element elementor-element-166cb9c9 elementor-widget elementor-widget-heading\" data-id=\"166cb9c9\" data-element_type=\"widget\" data-widget_type=\"heading.default\">\n\t\t\t\t<div class=\"elementor-widget-container\">\n\t\t\t\t\t<h4 class=\"elementor-heading-title elementor-size-default\">Cennik<\/h4>\t\t\t\t<\/div>\n\t\t\t\t<\/div>\n\t\t\t\t<div class=\"elementor-element elementor-element-e029476 elementor-widget elementor-widget-text-editor\" data-id=\"e029476\" data-element_type=\"widget\" data-widget_type=\"text-editor.default\">\n\t\t\t\t<div class=\"elementor-widget-container\">\n\t\t\t\t\t\t\t\t\t<table class=\"table table-hover\" width=\"95%\">\n<thead style=\"border-bottom: 2px solid black;\">\n<tr>\n<th style=\"text-align: left;\">Rodzaj masa\u017cu<\/th>\n<th style=\"text-align: center;\">czas<\/th>\n<th style=\"text-align: center;\">cena<\/th>\n<\/tr>\n<\/thead>\n<tbody>\n<tr style=\"border-bottom: 1px solid #181A17CF;\">\n<td>Rytua\u0142 masa\u017cu ca\u0142ego cia\u0142a<\/td>\n<td style=\"text-align: center;\">60 min<\/td>\n<td style=\"text-align: center;\">1590 K\u010d<\/td>\n<\/tr>\n<tr>\n<td>Rytua\u0142 masa\u017cu twarzy, karku i dekoltu<\/td>\n<td style=\"text-align: center;\">40 min<\/td>\n<td style=\"text-align: center;\">1290 K\u010d<\/td>\n<\/tr>\n<\/tbody>\n<\/table>\t\t\t\t\t\t\t\t<\/div>\n\t\t\t\t<\/div>\n\t\t\t\t\t<\/div>\n\t\t<\/div>\n\t\t\t\t<div class=\"elementor-column elementor-col-50 elementor-top-column elementor-element elementor-element-16131593\" data-id=\"16131593\" data-element_type=\"column\">\n\t\t\t<div class=\"elementor-widget-wrap\">\n\t\t\t\t\t\t\t<\/div>\n\t\t<\/div>\n\t\t\t\t\t<\/div>\n\t\t<\/section>\n\t\t\t\t<section class=\"elementor-section elementor-top-section elementor-element elementor-element-c837029 elementor-section-boxed elementor-section-height-default elementor-section-height-default\" data-id=\"c837029\" data-element_type=\"section\">\n\t\t\t\t\t\t<div class=\"elementor-container elementor-column-gap-default\">\n\t\t\t\t\t<div class=\"elementor-column elementor-col-100 elementor-top-column elementor-element elementor-element-fcae105\" data-id=\"fcae105\" data-element_type=\"column\">\n\t\t\t<div class=\"elementor-widget-wrap elementor-element-populated\">\n\t\t\t\t\t\t<div class=\"elementor-element elementor-element-8032c0d elementor-widget elementor-widget-html\" data-id=\"8032c0d\" data-element_type=\"widget\" data-widget_type=\"html.default\">\n\t\t\t\t<div class=\"elementor-widget-container\">\n\t\t\t\t\t<script>document.addEventListener('DOMContentLoaded', (event) => {\n    let hasTracked = false;\n\n    setTimeout(() => {\n        if (!hasTracked) {\n            fbq('trackCustom', 'time_spent');\n            hasTracked = true;\n        }\n    }, 20000); \/\/ 20000 ms = 20 sekund\n});\n<\/script>\t\t\t\t<\/div>\n\t\t\t\t<\/div>\n\t\t\t\t\t<\/div>\n\t\t<\/div>\n\t\t\t\t\t<\/div>\n\t\t<\/section>\n\t\t\t\t<\/div>\n\t\t","protected":false},"excerpt":{"rendered":"<p>Mas\u00e1\u017ee Ovoderm\u00ae\ufe0f Lecithos therapia Jak przebiega odm\u0142adzaj\u0105cy rytua\u0142 masa\u017cu? Jest to rytua\u0142 masa\u017cu, podczas kt\u00f3rego sk\u00f3ra jest traktowana i masowana olejami stymuluj\u0105cymi metabolizm oraz wspomagaj\u0105cymi przenikanie lecytyny przez b\u0142ony kom\u00f3rkowe, g\u0142\u00f3wnie olejem s\u0142onecznikowym, mas\u0142em kakaowym i ekstraktem z pestek owoc\u00f3w cytrusowych, co przyczynia si\u0119 do oczyszczania i szybkiej regeneracji kom\u00f3rek. Ten spos\u00f3b masa\u017cu si\u0119ga po\u0142owy [&hellip;]<\/p>\n","protected":false},"author":10,"featured_media":24846,"parent":0,"menu_order":0,"comment_status":"closed","ping_status":"closed","template":"","meta":{"footnotes":""},"class_list":["post-42154","page","type-page","status-publish","has-post-thumbnail","hentry"],"yoast_head":"<!-- This site is optimized with the Yoast SEO plugin v25.8 - https:\/\/yoast.com\/wordpress\/plugins\/seo\/ -->\n<title>Terapia masa\u017cem Ovoderm \u2013 Hotel Troyer<\/title>\n<meta name=\"description\" content=\"Poznaj efekty naszych masa\u017cy Ovoderm w Hotelu Troyer. Te terapie oferuj\u0105 unikalne po\u0142\u0105czenie relaksu i regeneracji dla Twojego cia\u0142a i umys\u0142u.\" \/>\n<meta name=\"robots\" content=\"index, follow, max-snippet:-1, max-image-preview:large, max-video-preview:-1\" \/>\n<link rel=\"canonical\" href=\"https:\/\/www.troyer.cz\/pl\/masaze-ovoderm\/\" \/>\n<meta property=\"og:locale\" content=\"pl_PL\" \/>\n<meta property=\"og:type\" content=\"article\" \/>\n<meta property=\"og:title\" content=\"Terapia masa\u017cem Ovoderm \u2013 Hotel Troyer\" \/>\n<meta property=\"og:description\" content=\"Poznaj efekty naszych masa\u017cy Ovoderm w Hotelu Troyer. Te terapie oferuj\u0105 unikalne po\u0142\u0105czenie relaksu i regeneracji dla Twojego cia\u0142a i umys\u0142u.\" \/>\n<meta property=\"og:url\" content=\"https:\/\/www.troyer.cz\/pl\/masaze-ovoderm\/\" \/>\n<meta property=\"og:site_name\" content=\"Hotel Troyer\" \/>\n<meta property=\"article:publisher\" content=\"https:\/\/www.facebook.com\/HotelTroyer\/?locale=cs_CZ\" \/>\n<meta property=\"article:modified_time\" content=\"2025-09-04T07:25:26+00:00\" \/>\n<meta property=\"og:image\" content=\"https:\/\/www.troyer.cz\/wp-content\/uploads\/2023\/03\/spa-treatment-dark-wall-min-scaled.webp\" \/>\n\t<meta property=\"og:image:width\" content=\"2560\" \/>\n\t<meta property=\"og:image:height\" content=\"1707\" \/>\n\t<meta property=\"og:image:type\" content=\"image\/webp\" \/>\n<meta name=\"twitter:card\" content=\"summary_large_image\" \/>\n<meta name=\"twitter:label1\" content=\"Szacowany czas czytania\" \/>\n\t<meta name=\"twitter:data1\" content=\"1 minuta\" \/>\n<script type=\"application\/ld+json\" class=\"yoast-schema-graph\">{\"@context\":\"https:\/\/schema.org\",\"@graph\":[{\"@type\":\"WebPage\",\"@id\":\"https:\/\/www.troyer.cz\/pl\/masaze-ovoderm\/\",\"url\":\"https:\/\/www.troyer.cz\/pl\/masaze-ovoderm\/\",\"name\":\"Terapia masa\u017cem Ovoderm \u2013 Hotel Troyer\",\"isPartOf\":{\"@id\":\"https:\/\/www.troyer.cz\/#website\"},\"primaryImageOfPage\":{\"@id\":\"https:\/\/www.troyer.cz\/pl\/masaze-ovoderm\/#primaryimage\"},\"image\":{\"@id\":\"https:\/\/www.troyer.cz\/pl\/masaze-ovoderm\/#primaryimage\"},\"thumbnailUrl\":\"https:\/\/www.troyer.cz\/wp-content\/uploads\/2023\/03\/spa-treatment-dark-wall-min-scaled.webp\",\"datePublished\":\"2022-09-09T08:06:26+00:00\",\"dateModified\":\"2025-09-04T07:25:26+00:00\",\"description\":\"Poznaj efekty naszych masa\u017cy Ovoderm w Hotelu Troyer. Te terapie oferuj\u0105 unikalne po\u0142\u0105czenie relaksu i regeneracji dla Twojego cia\u0142a i umys\u0142u.\",\"breadcrumb\":{\"@id\":\"https:\/\/www.troyer.cz\/pl\/masaze-ovoderm\/#breadcrumb\"},\"inLanguage\":\"pl-PL\",\"potentialAction\":[{\"@type\":\"ReadAction\",\"target\":[\"https:\/\/www.troyer.cz\/pl\/masaze-ovoderm\/\"]}]},{\"@type\":\"ImageObject\",\"inLanguage\":\"pl-PL\",\"@id\":\"https:\/\/www.troyer.cz\/pl\/masaze-ovoderm\/#primaryimage\",\"url\":\"https:\/\/www.troyer.cz\/wp-content\/uploads\/2023\/03\/spa-treatment-dark-wall-min-scaled.webp\",\"contentUrl\":\"https:\/\/www.troyer.cz\/wp-content\/uploads\/2023\/03\/spa-treatment-dark-wall-min-scaled.webp\",\"width\":2560,\"height\":1707,\"caption\":\"Hotel troyer mas\u00e1\u017ee relaxace\"},{\"@type\":\"BreadcrumbList\",\"@id\":\"https:\/\/www.troyer.cz\/pl\/masaze-ovoderm\/#breadcrumb\",\"itemListElement\":[{\"@type\":\"ListItem\",\"position\":1,\"name\":\"Dom\u016f\",\"item\":\"https:\/\/www.troyer.cz\/\"},{\"@type\":\"ListItem\",\"position\":2,\"name\":\"Masa\u017ce Ovoderm\"}]},{\"@type\":\"WebSite\",\"@id\":\"https:\/\/www.troyer.cz\/#website\",\"url\":\"https:\/\/www.troyer.cz\/\",\"name\":\"Hotel Troyer\",\"description\":\"Luxusn\u00ed wellness hotel v Beskydech\",\"publisher\":{\"@id\":\"https:\/\/www.troyer.cz\/#organization\"},\"alternateName\":\"Wellness Hotel v Beskydech\",\"potentialAction\":[{\"@type\":\"SearchAction\",\"target\":{\"@type\":\"EntryPoint\",\"urlTemplate\":\"https:\/\/www.troyer.cz\/?s={search_term_string}\"},\"query-input\":{\"@type\":\"PropertyValueSpecification\",\"valueRequired\":true,\"valueName\":\"search_term_string\"}}],\"inLanguage\":\"pl-PL\"},{\"@type\":\"Organization\",\"@id\":\"https:\/\/www.troyer.cz\/#organization\",\"name\":\"Hotel Troyer\",\"url\":\"https:\/\/www.troyer.cz\/\",\"logo\":{\"@type\":\"ImageObject\",\"inLanguage\":\"pl-PL\",\"@id\":\"https:\/\/www.troyer.cz\/#\/schema\/logo\/image\/\",\"url\":\"https:\/\/www.troyer.cz\/wp-content\/uploads\/2022\/11\/TROYER-ikona.png\",\"contentUrl\":\"https:\/\/www.troyer.cz\/wp-content\/uploads\/2022\/11\/TROYER-ikona.png\",\"width\":430,\"height\":430,\"caption\":\"Hotel Troyer\"},\"image\":{\"@id\":\"https:\/\/www.troyer.cz\/#\/schema\/logo\/image\/\"},\"sameAs\":[\"https:\/\/www.facebook.com\/HotelTroyer\/?locale=cs_CZ\",\"https:\/\/www.instagram.com\/hoteltroyer\/\"]}]}<\/script>\n<!-- \/ Yoast SEO plugin. -->","yoast_head_json":{"title":"Terapia masa\u017cem Ovoderm \u2013 Hotel Troyer","description":"Poznaj efekty naszych masa\u017cy Ovoderm w Hotelu Troyer. Te terapie oferuj\u0105 unikalne po\u0142\u0105czenie relaksu i regeneracji dla Twojego cia\u0142a i umys\u0142u.","robots":{"index":"index","follow":"follow","max-snippet":"max-snippet:-1","max-image-preview":"max-image-preview:large","max-video-preview":"max-video-preview:-1"},"canonical":"https:\/\/www.troyer.cz\/pl\/masaze-ovoderm\/","og_locale":"pl_PL","og_type":"article","og_title":"Terapia masa\u017cem Ovoderm \u2013 Hotel Troyer","og_description":"Poznaj efekty naszych masa\u017cy Ovoderm w Hotelu Troyer. Te terapie oferuj\u0105 unikalne po\u0142\u0105czenie relaksu i regeneracji dla Twojego cia\u0142a i umys\u0142u.","og_url":"https:\/\/www.troyer.cz\/pl\/masaze-ovoderm\/","og_site_name":"Hotel Troyer","article_publisher":"https:\/\/www.facebook.com\/HotelTroyer\/?locale=cs_CZ","article_modified_time":"2025-09-04T07:25:26+00:00","og_image":[{"width":2560,"height":1707,"url":"https:\/\/www.troyer.cz\/wp-content\/uploads\/2023\/03\/spa-treatment-dark-wall-min-scaled.webp","type":"image\/webp"}],"twitter_card":"summary_large_image","twitter_misc":{"Szacowany czas czytania":"1 minuta"},"schema":{"@context":"https:\/\/schema.org","@graph":[{"@type":"WebPage","@id":"https:\/\/www.troyer.cz\/pl\/masaze-ovoderm\/","url":"https:\/\/www.troyer.cz\/pl\/masaze-ovoderm\/","name":"Terapia masa\u017cem Ovoderm \u2013 Hotel Troyer","isPartOf":{"@id":"https:\/\/www.troyer.cz\/#website"},"primaryImageOfPage":{"@id":"https:\/\/www.troyer.cz\/pl\/masaze-ovoderm\/#primaryimage"},"image":{"@id":"https:\/\/www.troyer.cz\/pl\/masaze-ovoderm\/#primaryimage"},"thumbnailUrl":"https:\/\/www.troyer.cz\/wp-content\/uploads\/2023\/03\/spa-treatment-dark-wall-min-scaled.webp","datePublished":"2022-09-09T08:06:26+00:00","dateModified":"2025-09-04T07:25:26+00:00","description":"Poznaj efekty naszych masa\u017cy Ovoderm w Hotelu Troyer. Te terapie oferuj\u0105 unikalne po\u0142\u0105czenie relaksu i regeneracji dla Twojego cia\u0142a i umys\u0142u.","breadcrumb":{"@id":"https:\/\/www.troyer.cz\/pl\/masaze-ovoderm\/#breadcrumb"},"inLanguage":"pl-PL","potentialAction":[{"@type":"ReadAction","target":["https:\/\/www.troyer.cz\/pl\/masaze-ovoderm\/"]}]},{"@type":"ImageObject","inLanguage":"pl-PL","@id":"https:\/\/www.troyer.cz\/pl\/masaze-ovoderm\/#primaryimage","url":"https:\/\/www.troyer.cz\/wp-content\/uploads\/2023\/03\/spa-treatment-dark-wall-min-scaled.webp","contentUrl":"https:\/\/www.troyer.cz\/wp-content\/uploads\/2023\/03\/spa-treatment-dark-wall-min-scaled.webp","width":2560,"height":1707,"caption":"Hotel troyer mas\u00e1\u017ee relaxace"},{"@type":"BreadcrumbList","@id":"https:\/\/www.troyer.cz\/pl\/masaze-ovoderm\/#breadcrumb","itemListElement":[{"@type":"ListItem","position":1,"name":"Dom\u016f","item":"https:\/\/www.troyer.cz\/"},{"@type":"ListItem","position":2,"name":"Masa\u017ce Ovoderm"}]},{"@type":"WebSite","@id":"https:\/\/www.troyer.cz\/#website","url":"https:\/\/www.troyer.cz\/","name":"Hotel Troyer","description":"Luxusn\u00ed wellness hotel v Beskydech","publisher":{"@id":"https:\/\/www.troyer.cz\/#organization"},"alternateName":"Wellness Hotel v Beskydech","potentialAction":[{"@type":"SearchAction","target":{"@type":"EntryPoint","urlTemplate":"https:\/\/www.troyer.cz\/?s={search_term_string}"},"query-input":{"@type":"PropertyValueSpecification","valueRequired":true,"valueName":"search_term_string"}}],"inLanguage":"pl-PL"},{"@type":"Organization","@id":"https:\/\/www.troyer.cz\/#organization","name":"Hotel Troyer","url":"https:\/\/www.troyer.cz\/","logo":{"@type":"ImageObject","inLanguage":"pl-PL","@id":"https:\/\/www.troyer.cz\/#\/schema\/logo\/image\/","url":"https:\/\/www.troyer.cz\/wp-content\/uploads\/2022\/11\/TROYER-ikona.png","contentUrl":"https:\/\/www.troyer.cz\/wp-content\/uploads\/2022\/11\/TROYER-ikona.png","width":430,"height":430,"caption":"Hotel Troyer"},"image":{"@id":"https:\/\/www.troyer.cz\/#\/schema\/logo\/image\/"},"sameAs":["https:\/\/www.facebook.com\/HotelTroyer\/?locale=cs_CZ","https:\/\/www.instagram.com\/hoteltroyer\/"]}]}},"_links":{"self":[{"href":"https:\/\/www.troyer.cz\/pl\/wp-json\/wp\/v2\/pages\/42154","targetHints":{"allow":["GET"]}}],"collection":[{"href":"https:\/\/www.troyer.cz\/pl\/wp-json\/wp\/v2\/pages"}],"about":[{"href":"https:\/\/www.troyer.cz\/pl\/wp-json\/wp\/v2\/types\/page"}],"author":[{"embeddable":true,"href":"https:\/\/www.troyer.cz\/pl\/wp-json\/wp\/v2\/users\/10"}],"replies":[{"embeddable":true,"href":"https:\/\/www.troyer.cz\/pl\/wp-json\/wp\/v2\/comments?post=42154"}],"version-history":[{"count":1,"href":"https:\/\/www.troyer.cz\/pl\/wp-json\/wp\/v2\/pages\/42154\/revisions"}],"predecessor-version":[{"id":42155,"href":"https:\/\/www.troyer.cz\/pl\/wp-json\/wp\/v2\/pages\/42154\/revisions\/42155"}],"wp:featuredmedia":[{"embeddable":true,"href":"https:\/\/www.troyer.cz\/pl\/wp-json\/wp\/v2\/media\/24846"}],"wp:attachment":[{"href":"https:\/\/www.troyer.cz\/pl\/wp-json\/wp\/v2\/media?parent=42154"}],"curies":[{"name":"wp","href":"https:\/\/api.w.org\/{rel}","templated":true}]}}