{"id":42141,"date":"2022-06-24T16:15:16","date_gmt":"2022-06-24T15:15:16","guid":{"rendered":"https:\/\/www.troyer.cz\/kontakt-1\/"},"modified":"2025-10-27T10:20:52","modified_gmt":"2025-10-27T09:20:52","slug":"kontakt","status":"publish","type":"page","link":"https:\/\/www.troyer.cz\/pl\/kontakt\/","title":{"rendered":"kontakt"},"content":{"rendered":"\t\t<div data-elementor-type=\"wp-page\" data-elementor-id=\"42141\" class=\"elementor elementor-42141 elementor-7864\">\n\t\t\t\t\t\t<section class=\"elementor-section elementor-top-section elementor-element elementor-element-b748679 elementor-section-stretched elementor-section-content-middle elementor-section-boxed elementor-section-height-default elementor-section-height-default\" data-id=\"b748679\" data-element_type=\"section\" data-settings=\"{&quot;stretch_section&quot;:&quot;section-stretched&quot;,&quot;background_background&quot;:&quot;classic&quot;}\">\n\t\t\t\t\t\t\t<div class=\"elementor-background-overlay\"><\/div>\n\t\t\t\t\t\t\t<div class=\"elementor-container elementor-column-gap-default\">\n\t\t\t\t\t<div class=\"elementor-column elementor-col-100 elementor-top-column elementor-element elementor-element-9f4330b\" data-id=\"9f4330b\" data-element_type=\"column\">\n\t\t\t<div class=\"elementor-widget-wrap elementor-element-populated\">\n\t\t\t\t\t\t<div class=\"elementor-element elementor-element-5d8803ea elementor-widget elementor-widget-heading\" data-id=\"5d8803ea\" data-element_type=\"widget\" data-widget_type=\"heading.default\">\n\t\t\t\t<div class=\"elementor-widget-container\">\n\t\t\t\t\t<h1 class=\"elementor-heading-title elementor-size-default\">Kontakt<\/h1>\t\t\t\t<\/div>\n\t\t\t\t<\/div>\n\t\t\t\t\t<\/div>\n\t\t<\/div>\n\t\t\t\t\t<\/div>\n\t\t<\/section>\n\t\t\t\t<section class=\"elementor-section elementor-top-section elementor-element elementor-element-71433ac2 elementor-section-content-top elementor-section-stretched elementor-section-boxed elementor-section-height-default elementor-section-height-default\" data-id=\"71433ac2\" data-element_type=\"section\" data-settings=\"{&quot;stretch_section&quot;:&quot;section-stretched&quot;,&quot;background_background&quot;:&quot;classic&quot;}\">\n\t\t\t\t\t\t<div class=\"elementor-container elementor-column-gap-default\">\n\t\t\t\t\t<div class=\"elementor-column elementor-col-50 elementor-top-column elementor-element elementor-element-1a081c18\" data-id=\"1a081c18\" data-element_type=\"column\">\n\t\t\t<div class=\"elementor-widget-wrap elementor-element-populated\">\n\t\t\t\t\t\t<div class=\"elementor-element elementor-element-2386a2b elementor-widget elementor-widget-html\" data-id=\"2386a2b\" data-element_type=\"widget\" data-widget_type=\"html.default\">\n\t\t\t\t<div class=\"elementor-widget-container\">\n\t\t\t\t\t<script>$(document).ready(function() {\n    \/\/ Pro odkazy s tel:\n    $('a[href^=\"tel:\"]').on('click', function() {\n      fbq('trackCustom', 'phone');\n    });\n\n    \/\/ Pro odkazy s mailto:\n    $('a[href^=\"mailto:\"]').on('click', function() {\n      fbq('trackCustom', 'mail');\n    });\n  });\n<\/script>\t\t\t\t<\/div>\n\t\t\t\t<\/div>\n\t\t\t\t<div class=\"elementor-element elementor-element-2e36ef1 elementor-widget elementor-widget-heading\" data-id=\"2e36ef1\" data-element_type=\"widget\" data-widget_type=\"heading.default\">\n\t\t\t\t<div class=\"elementor-widget-container\">\n\t\t\t\t\t<h2 class=\"elementor-heading-title elementor-size-default\">Pozosta\u0144 z nami w kontakcie<\/h2>\t\t\t\t<\/div>\n\t\t\t\t<\/div>\n\t\t\t\t<div class=\"elementor-element elementor-element-4f5c918c elementor-widget elementor-widget-heading\" data-id=\"4f5c918c\" data-element_type=\"widget\" data-widget_type=\"heading.default\">\n\t\t\t\t<div class=\"elementor-widget-container\">\n\t\t\t\t\t<p class=\"elementor-heading-title elementor-size-default\">Je\u015bli masz jakiekolwiek pytania lub pomys\u0142y na ulepszenie naszych us\u0142ug, b\u0119dziemy wdzi\u0119czni za kontakt. Twoje zadowolenie jest dla nas najwa\u017cniejsze! <\/p>\t\t\t\t<\/div>\n\t\t\t\t<\/div>\n\t\t\t\t\t<\/div>\n\t\t<\/div>\n\t\t\t\t<div class=\"elementor-column elementor-col-50 elementor-top-column elementor-element elementor-element-37e476f9\" data-id=\"37e476f9\" data-element_type=\"column\">\n\t\t\t<div class=\"elementor-widget-wrap elementor-element-populated\">\n\t\t\t\t\t\t<div class=\"elementor-element elementor-element-65bbc309 elementor-widget elementor-widget-cf7\" data-id=\"65bbc309\" data-element_type=\"widget\" data-widget_type=\"cf7.default\">\n\t\t\t\t<div class=\"elementor-widget-container\">\n\t\t\t\t\t\n\t\t<div class=\"nd_elements_cf7_component\">\n\t\t\t\n<div class=\"wpcf7 no-js\" id=\"wpcf7-f47270-o1\" lang=\"cs-CZ\" dir=\"ltr\" data-wpcf7-id=\"47270\">\n<div class=\"screen-reader-response\"><p role=\"status\" aria-live=\"polite\" aria-atomic=\"true\"><\/p> <ul><\/ul><\/div>\n<form action=\"\/pl\/wp-json\/wp\/v2\/pages\/42141#wpcf7-f47270-o1\" method=\"post\" class=\"wpcf7-form init\" aria-label=\"Kontaktn\u00ed formul\u00e1\u0159\" novalidate=\"novalidate\" data-status=\"init\">\n<fieldset class=\"hidden-fields-container\"><input type=\"hidden\" name=\"_wpcf7\" value=\"47270\" \/><input type=\"hidden\" name=\"_wpcf7_version\" value=\"6.1.1\" \/><input type=\"hidden\" name=\"_wpcf7_locale\" value=\"cs_CZ\" \/><input type=\"hidden\" name=\"_wpcf7_unit_tag\" value=\"wpcf7-f47270-o1\" \/><input type=\"hidden\" name=\"_wpcf7_container_post\" value=\"0\" \/><input type=\"hidden\" name=\"_wpcf7_posted_data_hash\" value=\"\" \/><input type=\"hidden\" name=\"_wpcf7_recaptcha_response\" value=\"\" \/>\n<\/fieldset>\n<p><span class=\"wpcf7-form-control-wrap\" data-name=\"name-tx\"><input size=\"40\" maxlength=\"400\" class=\"wpcf7-form-control wpcf7-text\" aria-invalid=\"false\" placeholder=\"Imi\u0119 i nazwisko\" value=\"\" type=\"text\" name=\"name-tx\" \/><\/span><br \/>\n<span class=\"wpcf7-form-control-wrap\" data-name=\"email-634\"><input size=\"40\" maxlength=\"400\" class=\"wpcf7-form-control wpcf7-email wpcf7-text wpcf7-validates-as-email\" aria-invalid=\"false\" value=\"E-mail\" type=\"email\" name=\"email-634\" \/><\/span><br \/>\n<span class=\"wpcf7-form-control-wrap\" data-name=\"textarea-120\"><textarea cols=\"40\" rows=\"8\" maxlength=\"2000\" class=\"wpcf7-form-control wpcf7-textarea\" aria-invalid=\"false\" placeholder=\"Wiadomo\u015b\u0107\" name=\"textarea-120\"><\/textarea><\/span><br \/>\n<input class=\"wpcf7-form-control wpcf7-submit has-spinner\" type=\"submit\" value=\"Wys\u0142a\u0107\" \/>\n<\/p><div class=\"wpcf7-response-output\" aria-hidden=\"true\"><\/div>\n<\/form>\n<\/div>\n\n\t\t<\/div>\t\t\t\t<\/div>\n\t\t\t\t<\/div>\n\t\t\t\t\t<\/div>\n\t\t<\/div>\n\t\t\t\t\t<\/div>\n\t\t<\/section>\n\t\t\t\t<section class=\"elementor-section elementor-top-section elementor-element elementor-element-03f1878 elementor-section-boxed elementor-section-height-default elementor-section-height-default\" data-id=\"03f1878\" data-element_type=\"section\">\n\t\t\t\t\t\t<div class=\"elementor-container elementor-column-gap-default\">\n\t\t\t\t\t<div class=\"elementor-column elementor-col-100 elementor-top-column elementor-element elementor-element-bb1185a\" data-id=\"bb1185a\" data-element_type=\"column\">\n\t\t\t<div class=\"elementor-widget-wrap elementor-element-populated\">\n\t\t\t\t\t\t<div class=\"elementor-element elementor-element-7cc556a elementor-widget elementor-widget-html\" data-id=\"7cc556a\" data-element_type=\"widget\" data-widget_type=\"html.default\">\n\t\t\t\t<div class=\"elementor-widget-container\">\n\t\t\t\t\t<script>document.addEventListener('DOMContentLoaded', (event) => {\n    let hasTracked = false;\n\n    setTimeout(() => {\n        if (!hasTracked) {\n            fbq('trackCustom', 'time_spent');\n            hasTracked = true;\n        }\n    }, 20000); \/\/ 20000 ms = 20 sekund\n});\n<\/script>\t\t\t\t<\/div>\n\t\t\t\t<\/div>\n\t\t\t\t\t<\/div>\n\t\t<\/div>\n\t\t\t\t\t<\/div>\n\t\t<\/section>\n\t\t\t\t<section class=\"elementor-section elementor-top-section elementor-element elementor-element-7515a732 elementor-section-stretched elementor-section-full_width elementor-section-height-default elementor-section-height-default\" data-id=\"7515a732\" data-element_type=\"section\" data-settings=\"{&quot;stretch_section&quot;:&quot;section-stretched&quot;}\">\n\t\t\t\t\t\t<div class=\"elementor-container elementor-column-gap-default\">\n\t\t\t\t\t<div class=\"elementor-column elementor-col-100 elementor-top-column elementor-element elementor-element-2293d129\" data-id=\"2293d129\" data-element_type=\"column\">\n\t\t\t<div class=\"elementor-widget-wrap elementor-element-populated\">\n\t\t\t\t\t\t<div class=\"elementor-element elementor-element-162fce53 elementor-widget elementor-widget-google_maps\" data-id=\"162fce53\" data-element_type=\"widget\" data-widget_type=\"google_maps.default\">\n\t\t\t\t<div class=\"elementor-widget-container\">\n\t\t\t\t\t\t\t<div class=\"elementor-custom-embed\">\n\t\t\t<iframe loading=\"lazy\"\n\t\t\t\t\tsrc=\"https:\/\/maps.google.com\/maps?q=Trojanovice%20530%2C%20744%2001%20Trojanovice&#038;t=m&#038;z=10&#038;output=embed&#038;iwloc=near\"\n\t\t\t\t\ttitle=\"Trojanovice 530, 744 01 Trojanovice\"\n\t\t\t\t\taria-label=\"Trojanovice 530, 744 01 Trojanovice\"\n\t\t\t><\/iframe>\n\t\t<\/div>\n\t\t\t\t\t\t<\/div>\n\t\t\t\t<\/div>\n\t\t\t\t<div class=\"elementor-element elementor-element-4870f37c elementor-align-justify elementor-tablet-align-center elementor-widget elementor-widget-button\" data-id=\"4870f37c\" data-element_type=\"widget\" data-widget_type=\"button.default\">\n\t\t\t\t<div class=\"elementor-widget-container\">\n\t\t\t\t\t\t\t\t\t<div class=\"elementor-button-wrapper\">\n\t\t\t\t\t<a class=\"elementor-button elementor-button-link elementor-size-sm elementor-animation-shrink\" href=\"#\">\n\t\t\t\t\t\t<span class=\"elementor-button-content-wrapper\">\n\t\t\t\t\t\t\t\t\t<span class=\"elementor-button-text\">NAPISZ DO NAS<\/span>\n\t\t\t\t\t<\/span>\n\t\t\t\t\t<\/a>\n\t\t\t\t<\/div>\n\t\t\t\t\t\t\t\t<\/div>\n\t\t\t\t<\/div>\n\t\t\t\t\t<\/div>\n\t\t<\/div>\n\t\t\t\t\t<\/div>\n\t\t<\/section>\n\t\t\t\t<section class=\"elementor-section elementor-top-section elementor-element elementor-element-7715a7e3 elementor-section-full_width elementor-section-height-default elementor-section-height-default\" data-id=\"7715a7e3\" data-element_type=\"section\">\n\t\t\t\t\t\t<div class=\"elementor-container elementor-column-gap-default\">\n\t\t\t\t\t<div class=\"elementor-column elementor-col-33 elementor-top-column elementor-element elementor-element-345a2c7d\" data-id=\"345a2c7d\" data-element_type=\"column\" data-settings=\"{&quot;background_background&quot;:&quot;classic&quot;}\">\n\t\t\t<div class=\"elementor-widget-wrap elementor-element-populated\">\n\t\t\t\t\t<div class=\"elementor-background-overlay\"><\/div>\n\t\t\t\t\t\t<div class=\"elementor-element elementor-element-3fbc1e9b elementor-icon-list--layout-traditional elementor-list-item-link-full_width elementor-widget elementor-widget-icon-list\" data-id=\"3fbc1e9b\" data-element_type=\"widget\" data-widget_type=\"icon-list.default\">\n\t\t\t\t<div class=\"elementor-widget-container\">\n\t\t\t\t\t\t\t<ul class=\"elementor-icon-list-items\">\n\t\t\t\t\t\t\t<li class=\"elementor-icon-list-item\">\n\t\t\t\t\t\t\t\t\t\t\t<span class=\"elementor-icon-list-icon\">\n\t\t\t\t\t\t\t<i aria-hidden=\"true\" class=\"fas fa-map-pin\"><\/i>\t\t\t\t\t\t<\/span>\n\t\t\t\t\t\t\t\t\t\t<span class=\"elementor-icon-list-text\">Trojanovice 530, 744 01 Trojanovice<\/span>\n\t\t\t\t\t\t\t\t\t<\/li>\n\t\t\t\t\t\t\t\t<li class=\"elementor-icon-list-item\">\n\t\t\t\t\t\t\t\t\t\t\t<span class=\"elementor-icon-list-icon\">\n\t\t\t\t\t\t\t<i aria-hidden=\"true\" class=\"fas fa-envelope\"><\/i>\t\t\t\t\t\t<\/span>\n\t\t\t\t\t\t\t\t\t\t<span class=\"elementor-icon-list-text\"><a href=\"mailto:recepce@troyer.cz\">recepce@troyer.cz<\/a><\/span>\n\t\t\t\t\t\t\t\t\t<\/li>\n\t\t\t\t\t\t<\/ul>\n\t\t\t\t\t\t<\/div>\n\t\t\t\t<\/div>\n\t\t\t\t<div class=\"elementor-element elementor-element-f86a5e8 elementor-icon-list--layout-traditional elementor-list-item-link-full_width elementor-widget elementor-widget-icon-list\" data-id=\"f86a5e8\" data-element_type=\"widget\" data-widget_type=\"icon-list.default\">\n\t\t\t\t<div class=\"elementor-widget-container\">\n\t\t\t\t\t\t\t<ul class=\"elementor-icon-list-items\">\n\t\t\t\t\t\t\t<li class=\"elementor-icon-list-item\">\n\t\t\t\t\t\t\t\t\t\t\t<span class=\"elementor-icon-list-icon\">\n\t\t\t\t\t\t\t<i aria-hidden=\"true\" class=\"fas fa-phone-alt\"><\/i>\t\t\t\t\t\t<\/span>\n\t\t\t\t\t\t\t\t\t\t<span class=\"elementor-icon-list-text\"><a href=\"tel:+420%20556%20802%20007\">+420 556 802 007<\/a><br><a href=\"tel:+420%20739%20600%20513\">+420 739 600 513 <\/a> <\/span>\n\t\t\t\t\t\t\t\t\t<\/li>\n\t\t\t\t\t\t<\/ul>\n\t\t\t\t\t\t<\/div>\n\t\t\t\t<\/div>\n\t\t\t\t\t<\/div>\n\t\t<\/div>\n\t\t\t\t<div class=\"elementor-column elementor-col-33 elementor-top-column elementor-element elementor-element-374c7d0\" data-id=\"374c7d0\" data-element_type=\"column\">\n\t\t\t<div class=\"elementor-widget-wrap\">\n\t\t\t\t\t\t\t<\/div>\n\t\t<\/div>\n\t\t\t\t<div class=\"elementor-column elementor-col-33 elementor-top-column elementor-element elementor-element-1427c0d8\" data-id=\"1427c0d8\" data-element_type=\"column\">\n\t\t\t<div class=\"elementor-widget-wrap\">\n\t\t\t\t\t\t\t<\/div>\n\t\t<\/div>\n\t\t\t\t\t<\/div>\n\t\t<\/section>\n\t\t\t\t<\/div>\n\t\t","protected":false},"excerpt":{"rendered":"<p>Kontakt Pozosta\u0144 z nami w kontakcie Je\u015bli masz jakiekolwiek pytania lub pomys\u0142y na ulepszenie naszych us\u0142ug, b\u0119dziemy wdzi\u0119czni za kontakt. Twoje zadowolenie jest dla nas najwa\u017cniejsze! NAPISZ DO NAS Trojanovice 530, 744 01 Trojanovice recepce@troyer.cz +420 556 802 007+420 739 600 513<\/p>\n","protected":false},"author":2,"featured_media":0,"parent":0,"menu_order":0,"comment_status":"closed","ping_status":"closed","template":"","meta":{"footnotes":""},"class_list":["post-42141","page","type-page","status-publish","hentry"],"yoast_head":"<!-- This site is optimized with the Yoast SEO plugin v25.8 - https:\/\/yoast.com\/wordpress\/plugins\/seo\/ -->\n<title>Pozosta\u0144 z nami w kontakcie \u2013 Hotel Troyer<\/title>\n<meta name=\"description\" content=\"Potrzebujesz si\u0119 z nami skontaktowa\u0107? Znajd\u017a tutaj wszystkie niezb\u0119dne informacje kontaktowe Hotelu Troyer, w tym numery telefon\u00f3w i adresy e-mail.\" \/>\n<meta name=\"robots\" content=\"noindex, follow\" \/>\n<meta property=\"og:locale\" content=\"pl_PL\" \/>\n<meta property=\"og:type\" content=\"article\" \/>\n<meta property=\"og:title\" content=\"Pozosta\u0144 z nami w kontakcie \u2013 Hotel Troyer\" \/>\n<meta property=\"og:description\" content=\"Potrzebujesz si\u0119 z nami skontaktowa\u0107? Znajd\u017a tutaj wszystkie niezb\u0119dne informacje kontaktowe Hotelu Troyer, w tym numery telefon\u00f3w i adresy e-mail.\" \/>\n<meta property=\"og:url\" content=\"https:\/\/www.troyer.cz\/kontakt\/\" \/>\n<meta property=\"og:site_name\" content=\"Hotel Troyer\" \/>\n<meta property=\"article:publisher\" content=\"https:\/\/www.facebook.com\/HotelTroyer\/?locale=cs_CZ\" \/>\n<meta property=\"article:modified_time\" content=\"2025-10-27T09:20:52+00:00\" \/>\n<meta name=\"twitter:card\" content=\"summary_large_image\" \/>\n<meta name=\"twitter:label1\" content=\"Szacowany czas czytania\" \/>\n\t<meta name=\"twitter:data1\" content=\"1 minuta\" \/>\n<script type=\"application\/ld+json\" class=\"yoast-schema-graph\">{\"@context\":\"https:\/\/schema.org\",\"@graph\":[{\"@type\":\"WebPage\",\"@id\":\"https:\/\/www.troyer.cz\/kontakt\/\",\"url\":\"https:\/\/www.troyer.cz\/kontakt\/\",\"name\":\"Pozosta\u0144 z nami w kontakcie \u2013 Hotel Troyer\",\"isPartOf\":{\"@id\":\"https:\/\/www.troyer.cz\/#website\"},\"datePublished\":\"2022-06-24T15:15:16+00:00\",\"dateModified\":\"2025-10-27T09:20:52+00:00\",\"description\":\"Potrzebujesz si\u0119 z nami skontaktowa\u0107? Znajd\u017a tutaj wszystkie niezb\u0119dne informacje kontaktowe Hotelu Troyer, w tym numery telefon\u00f3w i adresy e-mail.\",\"breadcrumb\":{\"@id\":\"https:\/\/www.troyer.cz\/kontakt\/#breadcrumb\"},\"inLanguage\":\"pl-PL\",\"potentialAction\":[{\"@type\":\"ReadAction\",\"target\":[\"https:\/\/www.troyer.cz\/kontakt\/\"]}]},{\"@type\":\"BreadcrumbList\",\"@id\":\"https:\/\/www.troyer.cz\/kontakt\/#breadcrumb\",\"itemListElement\":[{\"@type\":\"ListItem\",\"position\":1,\"name\":\"Dom\u016f\",\"item\":\"https:\/\/www.troyer.cz\/\"},{\"@type\":\"ListItem\",\"position\":2,\"name\":\"kontakt\"}]},{\"@type\":\"WebSite\",\"@id\":\"https:\/\/www.troyer.cz\/#website\",\"url\":\"https:\/\/www.troyer.cz\/\",\"name\":\"Hotel Troyer\",\"description\":\"Luxusn\u00ed wellness hotel v Beskydech\",\"publisher\":{\"@id\":\"https:\/\/www.troyer.cz\/#organization\"},\"alternateName\":\"Wellness Hotel v Beskydech\",\"potentialAction\":[{\"@type\":\"SearchAction\",\"target\":{\"@type\":\"EntryPoint\",\"urlTemplate\":\"https:\/\/www.troyer.cz\/?s={search_term_string}\"},\"query-input\":{\"@type\":\"PropertyValueSpecification\",\"valueRequired\":true,\"valueName\":\"search_term_string\"}}],\"inLanguage\":\"pl-PL\"},{\"@type\":\"Organization\",\"@id\":\"https:\/\/www.troyer.cz\/#organization\",\"name\":\"Hotel Troyer\",\"url\":\"https:\/\/www.troyer.cz\/\",\"logo\":{\"@type\":\"ImageObject\",\"inLanguage\":\"pl-PL\",\"@id\":\"https:\/\/www.troyer.cz\/#\/schema\/logo\/image\/\",\"url\":\"https:\/\/www.troyer.cz\/wp-content\/uploads\/2022\/11\/TROYER-ikona.png\",\"contentUrl\":\"https:\/\/www.troyer.cz\/wp-content\/uploads\/2022\/11\/TROYER-ikona.png\",\"width\":430,\"height\":430,\"caption\":\"Hotel Troyer\"},\"image\":{\"@id\":\"https:\/\/www.troyer.cz\/#\/schema\/logo\/image\/\"},\"sameAs\":[\"https:\/\/www.facebook.com\/HotelTroyer\/?locale=cs_CZ\",\"https:\/\/www.instagram.com\/hoteltroyer\/\"]}]}<\/script>\n<!-- \/ Yoast SEO plugin. -->","yoast_head_json":{"title":"Pozosta\u0144 z nami w kontakcie \u2013 Hotel Troyer","description":"Potrzebujesz si\u0119 z nami skontaktowa\u0107? Znajd\u017a tutaj wszystkie niezb\u0119dne informacje kontaktowe Hotelu Troyer, w tym numery telefon\u00f3w i adresy e-mail.","robots":{"index":"noindex","follow":"follow"},"og_locale":"pl_PL","og_type":"article","og_title":"Pozosta\u0144 z nami w kontakcie \u2013 Hotel Troyer","og_description":"Potrzebujesz si\u0119 z nami skontaktowa\u0107? Znajd\u017a tutaj wszystkie niezb\u0119dne informacje kontaktowe Hotelu Troyer, w tym numery telefon\u00f3w i adresy e-mail.","og_url":"https:\/\/www.troyer.cz\/kontakt\/","og_site_name":"Hotel Troyer","article_publisher":"https:\/\/www.facebook.com\/HotelTroyer\/?locale=cs_CZ","article_modified_time":"2025-10-27T09:20:52+00:00","twitter_card":"summary_large_image","twitter_misc":{"Szacowany czas czytania":"1 minuta"},"schema":{"@context":"https:\/\/schema.org","@graph":[{"@type":"WebPage","@id":"https:\/\/www.troyer.cz\/kontakt\/","url":"https:\/\/www.troyer.cz\/kontakt\/","name":"Pozosta\u0144 z nami w kontakcie \u2013 Hotel Troyer","isPartOf":{"@id":"https:\/\/www.troyer.cz\/#website"},"datePublished":"2022-06-24T15:15:16+00:00","dateModified":"2025-10-27T09:20:52+00:00","description":"Potrzebujesz si\u0119 z nami skontaktowa\u0107? Znajd\u017a tutaj wszystkie niezb\u0119dne informacje kontaktowe Hotelu Troyer, w tym numery telefon\u00f3w i adresy e-mail.","breadcrumb":{"@id":"https:\/\/www.troyer.cz\/kontakt\/#breadcrumb"},"inLanguage":"pl-PL","potentialAction":[{"@type":"ReadAction","target":["https:\/\/www.troyer.cz\/kontakt\/"]}]},{"@type":"BreadcrumbList","@id":"https:\/\/www.troyer.cz\/kontakt\/#breadcrumb","itemListElement":[{"@type":"ListItem","position":1,"name":"Dom\u016f","item":"https:\/\/www.troyer.cz\/"},{"@type":"ListItem","position":2,"name":"kontakt"}]},{"@type":"WebSite","@id":"https:\/\/www.troyer.cz\/#website","url":"https:\/\/www.troyer.cz\/","name":"Hotel Troyer","description":"Luxusn\u00ed wellness hotel v Beskydech","publisher":{"@id":"https:\/\/www.troyer.cz\/#organization"},"alternateName":"Wellness Hotel v Beskydech","potentialAction":[{"@type":"SearchAction","target":{"@type":"EntryPoint","urlTemplate":"https:\/\/www.troyer.cz\/?s={search_term_string}"},"query-input":{"@type":"PropertyValueSpecification","valueRequired":true,"valueName":"search_term_string"}}],"inLanguage":"pl-PL"},{"@type":"Organization","@id":"https:\/\/www.troyer.cz\/#organization","name":"Hotel Troyer","url":"https:\/\/www.troyer.cz\/","logo":{"@type":"ImageObject","inLanguage":"pl-PL","@id":"https:\/\/www.troyer.cz\/#\/schema\/logo\/image\/","url":"https:\/\/www.troyer.cz\/wp-content\/uploads\/2022\/11\/TROYER-ikona.png","contentUrl":"https:\/\/www.troyer.cz\/wp-content\/uploads\/2022\/11\/TROYER-ikona.png","width":430,"height":430,"caption":"Hotel Troyer"},"image":{"@id":"https:\/\/www.troyer.cz\/#\/schema\/logo\/image\/"},"sameAs":["https:\/\/www.facebook.com\/HotelTroyer\/?locale=cs_CZ","https:\/\/www.instagram.com\/hoteltroyer\/"]}]}},"_links":{"self":[{"href":"https:\/\/www.troyer.cz\/pl\/wp-json\/wp\/v2\/pages\/42141","targetHints":{"allow":["GET"]}}],"collection":[{"href":"https:\/\/www.troyer.cz\/pl\/wp-json\/wp\/v2\/pages"}],"about":[{"href":"https:\/\/www.troyer.cz\/pl\/wp-json\/wp\/v2\/types\/page"}],"author":[{"embeddable":true,"href":"https:\/\/www.troyer.cz\/pl\/wp-json\/wp\/v2\/users\/2"}],"replies":[{"embeddable":true,"href":"https:\/\/www.troyer.cz\/pl\/wp-json\/wp\/v2\/comments?post=42141"}],"version-history":[{"count":5,"href":"https:\/\/www.troyer.cz\/pl\/wp-json\/wp\/v2\/pages\/42141\/revisions"}],"predecessor-version":[{"id":47273,"href":"https:\/\/www.troyer.cz\/pl\/wp-json\/wp\/v2\/pages\/42141\/revisions\/47273"}],"wp:attachment":[{"href":"https:\/\/www.troyer.cz\/pl\/wp-json\/wp\/v2\/media?parent=42141"}],"curies":[{"name":"wp","href":"https:\/\/api.w.org\/{rel}","templated":true}]}}