{"id":42085,"date":"2022-09-06T05:26:29","date_gmt":"2022-09-06T04:26:29","guid":{"rendered":"https:\/\/www.troyer.cz\/biliard\/"},"modified":"2025-10-27T09:24:23","modified_gmt":"2025-10-27T08:24:23","slug":"biliard","status":"publish","type":"page","link":"https:\/\/www.troyer.cz\/pl\/biliard\/","title":{"rendered":"Biliard"},"content":{"rendered":"\t\t<div data-elementor-type=\"wp-page\" data-elementor-id=\"42085\" class=\"elementor elementor-42085 elementor-10028\">\n\t\t\t\t\t\t<section class=\"elementor-section elementor-top-section elementor-element elementor-element-5ed541e6 elementor-section-stretched elementor-section-content-middle elementor-section-boxed elementor-section-height-default elementor-section-height-default\" data-id=\"5ed541e6\" data-element_type=\"section\" data-settings=\"{&quot;stretch_section&quot;:&quot;section-stretched&quot;,&quot;background_background&quot;:&quot;classic&quot;}\">\n\t\t\t\t\t\t\t<div class=\"elementor-background-overlay\"><\/div>\n\t\t\t\t\t\t\t<div class=\"elementor-container elementor-column-gap-default\">\n\t\t\t\t\t<div class=\"elementor-column elementor-col-100 elementor-top-column elementor-element elementor-element-2e107616\" data-id=\"2e107616\" data-element_type=\"column\">\n\t\t\t<div class=\"elementor-widget-wrap elementor-element-populated\">\n\t\t\t\t\t\t<div class=\"elementor-element elementor-element-29befdb1 elementor-widget elementor-widget-heading\" data-id=\"29befdb1\" data-element_type=\"widget\" data-widget_type=\"heading.default\">\n\t\t\t\t<div class=\"elementor-widget-container\">\n\t\t\t\t\t<h1 class=\"elementor-heading-title elementor-size-default\">Billiard<\/h1>\t\t\t\t<\/div>\n\t\t\t\t<\/div>\n\t\t\t\t\t<\/div>\n\t\t<\/div>\n\t\t\t\t\t<\/div>\n\t\t<\/section>\n\t\t\t\t<section class=\"elementor-section elementor-top-section elementor-element elementor-element-421035c elementor-section-boxed elementor-section-height-default elementor-section-height-default\" data-id=\"421035c\" data-element_type=\"section\">\n\t\t\t\t\t\t<div class=\"elementor-container elementor-column-gap-default\">\n\t\t\t\t\t<div class=\"elementor-column elementor-col-50 elementor-top-column elementor-element elementor-element-8fb909c\" data-id=\"8fb909c\" data-element_type=\"column\">\n\t\t\t<div class=\"elementor-widget-wrap elementor-element-populated\">\n\t\t\t\t\t\t<div class=\"elementor-element elementor-element-0a6aa23 elementor-widget elementor-widget-html\" data-id=\"0a6aa23\" data-element_type=\"widget\" data-widget_type=\"html.default\">\n\t\t\t\t<div class=\"elementor-widget-container\">\n\t\t\t\t\t<script>$(document).ready(function() {\n    \/\/ Pro odkazy s tel:\n    $('a[href^=\"tel:\"]').on('click', function() {\n      fbq('trackCustom', 'phone');\n    });\n\n    \/\/ Pro odkazy s mailto:\n    $('a[href^=\"mailto:\"]').on('click', function() {\n      fbq('trackCustom', 'mail');\n    });\n  });\n<\/script>\t\t\t\t<\/div>\n\t\t\t\t<\/div>\n\t\t\t\t<div class=\"elementor-element elementor-element-5811085 elementor-widget elementor-widget-heading\" data-id=\"5811085\" data-element_type=\"widget\" data-widget_type=\"heading.default\">\n\t\t\t\t<div class=\"elementor-widget-container\">\n\t\t\t\t\t<h2 class=\"elementor-heading-title elementor-size-default\">Popraw swoj\u0105 technik\u0119<\/h2>\t\t\t\t<\/div>\n\t\t\t\t<\/div>\n\t\t\t\t<div class=\"elementor-element elementor-element-df3cc14 elementor-widget elementor-widget-text-editor\" data-id=\"df3cc14\" data-element_type=\"widget\" data-widget_type=\"text-editor.default\">\n\t\t\t\t<div class=\"elementor-widget-container\">\n\t\t\t\t\t\t\t\t\t<p style=\"text-align: left;\">W chwilach, gdy&nbsp; pogoda nie dopisuje i wycieczki w okolic\u0119 musz\u0105 poczeka\u0107 do kolejnego dnia, na pewno przyda Ci si\u0119 nasz bilard.<\/p><p style=\"text-align: left;\"><br><\/p>\n<p>Bilard to inne okre\u015blenie sportu bilardowego. Jest to technicznie wymagaj\u0105cy sport zr\u0119czno\u015bciowy, w kt\u00f3rym za pomoc\u0105 kija uderza si\u0119 w bile le\u017c\u0105ce na stole pokrytym suknem. Terminologia i podzia\u0142 rodzaj\u00f3w bilardu r\u00f3\u017cni si\u0119 w zale\u017cno\u015bci od kraju, jednak pewne jest to, \u017ce istniej\u0105 trzy podstawowe typy bilardu.   <\/p>\n<p><\/p>\t\t\t\t\t\t\t\t<\/div>\n\t\t\t\t<\/div>\n\t\t\t\t\t<\/div>\n\t\t<\/div>\n\t\t\t\t<div class=\"elementor-column elementor-col-50 elementor-top-column elementor-element elementor-element-7f183bf\" data-id=\"7f183bf\" data-element_type=\"column\" data-settings=\"{&quot;background_background&quot;:&quot;classic&quot;}\">\n\t\t\t<div class=\"elementor-widget-wrap elementor-element-populated\">\n\t\t\t\t\t\t<div class=\"elementor-element elementor-element-1332c7f2 elementor-widget elementor-widget-heading\" data-id=\"1332c7f2\" data-element_type=\"widget\" data-widget_type=\"heading.default\">\n\t\t\t\t<div class=\"elementor-widget-container\">\n\t\t\t\t\t<h2 class=\"elementor-heading-title elementor-size-default\">Rezervace<\/h2>\t\t\t\t<\/div>\n\t\t\t\t<\/div>\n\t\t\t\t<div class=\"elementor-element elementor-element-6dd8fece elementor-align-center elementor-icon-list--layout-traditional elementor-list-item-link-full_width elementor-widget elementor-widget-icon-list\" data-id=\"6dd8fece\" data-element_type=\"widget\" data-widget_type=\"icon-list.default\">\n\t\t\t\t<div class=\"elementor-widget-container\">\n\t\t\t\t\t\t\t<ul class=\"elementor-icon-list-items\">\n\t\t\t\t\t\t\t<li class=\"elementor-icon-list-item\">\n\t\t\t\t\t\t\t\t\t\t\t<span class=\"elementor-icon-list-icon\">\n\t\t\t\t\t\t\t<i aria-hidden=\"true\" class=\"far fa-bell\"><\/i>\t\t\t\t\t\t<\/span>\n\t\t\t\t\t\t\t\t\t\t<span class=\"elementor-icon-list-text\"><a href=\"mailto:recepce@troyer.cz\">recepce@troyer.cz<\/a><\/span>\n\t\t\t\t\t\t\t\t\t<\/li>\n\t\t\t\t\t\t\t\t<li class=\"elementor-icon-list-item\">\n\t\t\t\t\t\t\t\t\t\t\t<span class=\"elementor-icon-list-icon\">\n\t\t\t\t\t\t\t<i aria-hidden=\"true\" class=\"fas fa-phone\"><\/i>\t\t\t\t\t\t<\/span>\n\t\t\t\t\t\t\t\t\t\t<span class=\"elementor-icon-list-text\"><a href=\"tel:+420%20556%20802%20007\">+420 556 802 007<\/a><\/span>\n\t\t\t\t\t\t\t\t\t<\/li>\n\t\t\t\t\t\t<\/ul>\n\t\t\t\t\t\t<\/div>\n\t\t\t\t<\/div>\n\t\t\t\t<div class=\"elementor-element elementor-element-340c5cbb elementor-widget-divider--view-line elementor-widget elementor-widget-divider\" data-id=\"340c5cbb\" data-element_type=\"widget\" data-widget_type=\"divider.default\">\n\t\t\t\t<div class=\"elementor-widget-container\">\n\t\t\t\t\t\t\t<div class=\"elementor-divider\">\n\t\t\t<span class=\"elementor-divider-separator\">\n\t\t\t\t\t\t<\/span>\n\t\t<\/div>\n\t\t\t\t\t\t<\/div>\n\t\t\t\t<\/div>\n\t\t\t\t<div class=\"elementor-element elementor-element-35b13933 elementor-widget elementor-widget-heading\" data-id=\"35b13933\" data-element_type=\"widget\" data-widget_type=\"heading.default\">\n\t\t\t\t<div class=\"elementor-widget-container\">\n\t\t\t\t\t<h2 class=\"elementor-heading-title elementor-size-default\">Godziny otwarcia<\/h2>\t\t\t\t<\/div>\n\t\t\t\t<\/div>\n\t\t\t\t<div class=\"elementor-element elementor-element-dc87fc7 elementor-widget elementor-widget-text-editor\" data-id=\"dc87fc7\" data-element_type=\"widget\" data-widget_type=\"text-editor.default\">\n\t\t\t\t<div class=\"elementor-widget-container\">\n\t\t\t\t\t\t\t\t\t<p style=\"text-align: center;\"><span style=\"color: #ffffff;\">od 7:00 do 22:00<\/span><\/p>\t\t\t\t\t\t\t\t<\/div>\n\t\t\t\t<\/div>\n\t\t\t\t\t<\/div>\n\t\t<\/div>\n\t\t\t\t\t<\/div>\n\t\t<\/section>\n\t\t\t\t<section class=\"elementor-section elementor-top-section elementor-element elementor-element-34043991 elementor-section-stretched elementor-section-full_width elementor-section-height-default elementor-section-height-default\" data-id=\"34043991\" data-element_type=\"section\" data-settings=\"{&quot;stretch_section&quot;:&quot;section-stretched&quot;,&quot;background_background&quot;:&quot;classic&quot;}\">\n\t\t\t\t\t\t<div class=\"elementor-container elementor-column-gap-no\">\n\t\t\t\t\t<div class=\"elementor-column elementor-col-100 elementor-top-column elementor-element elementor-element-745eb2cb\" data-id=\"745eb2cb\" data-element_type=\"column\">\n\t\t\t<div class=\"elementor-widget-wrap elementor-element-populated\">\n\t\t\t\t\t\t<div class=\"elementor-element elementor-element-85cf538 elementor-widget__width-inherit elementor-arrows-position-inside elementor-widget elementor-widget-image-carousel\" data-id=\"85cf538\" data-element_type=\"widget\" data-settings=\"{&quot;slides_to_show&quot;:&quot;2&quot;,&quot;navigation&quot;:&quot;arrows&quot;,&quot;autoplay&quot;:&quot;no&quot;,&quot;speed&quot;:1000,&quot;infinite&quot;:&quot;yes&quot;}\" data-widget_type=\"image-carousel.default\">\n\t\t\t\t<div class=\"elementor-widget-container\">\n\t\t\t\t\t\t\t<div class=\"elementor-image-carousel-wrapper swiper\" role=\"region\" aria-roledescription=\"carousel\" aria-label=\"Karuzela obrazk\u00f3w\" dir=\"ltr\">\n\t\t\t<div class=\"elementor-image-carousel swiper-wrapper swiper-image-stretch\" aria-live=\"polite\">\n\t\t\t\t\t\t\t\t<div class=\"swiper-slide\" role=\"group\" aria-roledescription=\"slide\" aria-label=\"1 z 3\"><figure class=\"swiper-slide-inner\"><img decoding=\"async\" class=\"swiper-slide-image\" src=\"https:\/\/www.troyer.cz\/wp-content\/uploads\/elementor\/thumbs\/L1390211-min-pw3tb50tlha1nliqd15ebz94u7jfnahgmad923ivy8.jpeg\" alt=\"hotel troyer\" \/><\/figure><\/div><div class=\"swiper-slide\" role=\"group\" aria-roledescription=\"slide\" aria-label=\"2 z 3\"><figure class=\"swiper-slide-inner\"><img decoding=\"async\" class=\"swiper-slide-image\" src=\"https:\/\/www.troyer.cz\/wp-content\/uploads\/elementor\/thumbs\/L1390218-min-scaled-pxjw39blaewhl7g8sddyg2t4bth284iqx9hkk6ab7k.jpeg\" alt=\"Hotel troyer biliard\" \/><\/figure><\/div><div class=\"swiper-slide\" role=\"group\" aria-roledescription=\"slide\" aria-label=\"3 z 3\"><figure class=\"swiper-slide-inner\"><img decoding=\"async\" class=\"swiper-slide-image\" src=\"https:\/\/www.troyer.cz\/wp-content\/uploads\/elementor\/thumbs\/L1390207-min-scaled-pxjw3d2y1r1mvnas6f0gq1uypcyj2wxo9s3iha4qio.jpeg\" alt=\"Biliard hotel troyer\" \/><\/figure><\/div>\t\t\t<\/div>\n\t\t\t\t\t\t\t\t\t\t\t\t<div class=\"elementor-swiper-button elementor-swiper-button-prev\" role=\"button\" tabindex=\"0\">\n\t\t\t\t\t\t<i aria-hidden=\"true\" class=\"eicon-chevron-left\"><\/i>\t\t\t\t\t<\/div>\n\t\t\t\t\t<div class=\"elementor-swiper-button elementor-swiper-button-next\" role=\"button\" tabindex=\"0\">\n\t\t\t\t\t\t<i aria-hidden=\"true\" class=\"eicon-chevron-right\"><\/i>\t\t\t\t\t<\/div>\n\t\t\t\t\n\t\t\t\t\t\t\t\t\t<\/div>\n\t\t\t\t\t\t<\/div>\n\t\t\t\t<\/div>\n\t\t\t\t\t<\/div>\n\t\t<\/div>\n\t\t\t\t\t<\/div>\n\t\t<\/section>\n\t\t\t\t<section class=\"elementor-section elementor-top-section elementor-element elementor-element-658c6363 elementor-section-stretched elementor-section-content-middle elementor-section-boxed elementor-section-height-default elementor-section-height-default\" data-id=\"658c6363\" data-element_type=\"section\" data-settings=\"{&quot;stretch_section&quot;:&quot;section-stretched&quot;,&quot;background_background&quot;:&quot;classic&quot;}\">\n\t\t\t\t\t\t\t<div class=\"elementor-background-overlay\"><\/div>\n\t\t\t\t\t\t\t<div class=\"elementor-container elementor-column-gap-default\">\n\t\t\t\t\t<div class=\"elementor-column elementor-col-50 elementor-top-column elementor-element elementor-element-ce7487e\" data-id=\"ce7487e\" data-element_type=\"column\" data-settings=\"{&quot;background_background&quot;:&quot;classic&quot;}\">\n\t\t\t<div class=\"elementor-widget-wrap elementor-element-populated\">\n\t\t\t\t\t\t<div class=\"elementor-element elementor-element-a361f4d elementor-widget elementor-widget-heading\" data-id=\"a361f4d\" data-element_type=\"widget\" data-widget_type=\"heading.default\">\n\t\t\t\t<div class=\"elementor-widget-container\">\n\t\t\t\t\t<h2 class=\"elementor-heading-title elementor-size-default\">Cennik<\/h2>\t\t\t\t<\/div>\n\t\t\t\t<\/div>\n\t\t\t\t<div class=\"elementor-element elementor-element-4f71803 elementor-widget elementor-widget-text-editor\" data-id=\"4f71803\" data-element_type=\"widget\" data-widget_type=\"text-editor.default\">\n\t\t\t\t<div class=\"elementor-widget-container\">\n\t\t\t\t\t\t\t\t\t<p><span style=\"color: #ffffff;\">Bilard jest przeznaczony wy\u0142\u0105cznie dla go\u015bci hotelowych.<\/span><\/p>\t\t\t\t\t\t\t\t<\/div>\n\t\t\t\t<\/div>\n\t\t\t\t<div class=\"elementor-element elementor-element-efb66eb elementor-widget-divider--view-line elementor-widget elementor-widget-divider\" data-id=\"efb66eb\" data-element_type=\"widget\" data-widget_type=\"divider.default\">\n\t\t\t\t<div class=\"elementor-widget-container\">\n\t\t\t\t\t\t\t<div class=\"elementor-divider\">\n\t\t\t<span class=\"elementor-divider-separator\">\n\t\t\t\t\t\t<\/span>\n\t\t<\/div>\n\t\t\t\t\t\t<\/div>\n\t\t\t\t<\/div>\n\t\t\t\t<div class=\"elementor-element elementor-element-92ca4d3 elementor-widget elementor-widget-text-editor\" data-id=\"92ca4d3\" data-element_type=\"widget\" data-widget_type=\"text-editor.default\">\n\t\t\t\t<div class=\"elementor-widget-container\">\n\t\t\t\t\t\t\t\t\t<table class=\"table table-responsive\" width=\"95%\"><tbody><tr><td style=\"text-align: left;\">60 minut gry<\/td><td style=\"text-align: right;\">70 CZK<\/td><\/tr><\/tbody><\/table>\t\t\t\t\t\t\t\t<\/div>\n\t\t\t\t<\/div>\n\t\t\t\t\t<\/div>\n\t\t<\/div>\n\t\t\t\t<div class=\"elementor-column elementor-col-50 elementor-top-column elementor-element elementor-element-16be0c2\" data-id=\"16be0c2\" data-element_type=\"column\">\n\t\t\t<div class=\"elementor-widget-wrap\">\n\t\t\t\t\t\t\t<\/div>\n\t\t<\/div>\n\t\t\t\t\t<\/div>\n\t\t<\/section>\n\t\t\t\t<section class=\"elementor-section elementor-top-section elementor-element elementor-element-49599bc elementor-section-boxed elementor-section-height-default elementor-section-height-default\" data-id=\"49599bc\" data-element_type=\"section\">\n\t\t\t\t\t\t<div class=\"elementor-container elementor-column-gap-default\">\n\t\t\t\t\t<div class=\"elementor-column elementor-col-100 elementor-top-column elementor-element elementor-element-7db246a\" data-id=\"7db246a\" data-element_type=\"column\">\n\t\t\t<div class=\"elementor-widget-wrap elementor-element-populated\">\n\t\t\t\t\t\t<div class=\"elementor-element elementor-element-34878f6 elementor-widget elementor-widget-html\" data-id=\"34878f6\" data-element_type=\"widget\" data-widget_type=\"html.default\">\n\t\t\t\t<div class=\"elementor-widget-container\">\n\t\t\t\t\t<script>document.addEventListener('DOMContentLoaded', (event) => {\n    let hasTracked = false;\n\n    setTimeout(() => {\n        if (!hasTracked) {\n            fbq('trackCustom', 'time_spent');\n            hasTracked = true;\n        }\n    }, 20000); \/\/ 20000 ms = 20 sekund\n});\n<\/script>\t\t\t\t<\/div>\n\t\t\t\t<\/div>\n\t\t\t\t\t<\/div>\n\t\t<\/div>\n\t\t\t\t\t<\/div>\n\t\t<\/section>\n\t\t\t\t<\/div>\n\t\t","protected":false},"excerpt":{"rendered":"<p>Billiard Popraw swoj\u0105 technik\u0119 W chwilach, gdy&nbsp; pogoda nie dopisuje i wycieczki w okolic\u0119 musz\u0105 poczeka\u0107 do kolejnego dnia, na pewno przyda Ci si\u0119 nasz bilard. Bilard to inne okre\u015blenie sportu bilardowego. Jest to technicznie wymagaj\u0105cy sport zr\u0119czno\u015bciowy, w kt\u00f3rym za pomoc\u0105 kija uderza si\u0119 w bile le\u017c\u0105ce na stole pokrytym suknem. Terminologia i podzia\u0142 [&hellip;]<\/p>\n","protected":false},"author":10,"featured_media":0,"parent":0,"menu_order":0,"comment_status":"closed","ping_status":"closed","template":"","meta":{"footnotes":""},"class_list":["post-42085","page","type-page","status-publish","hentry"],"yoast_head":"<!-- This site is optimized with the Yoast SEO plugin v25.8 - https:\/\/yoast.com\/wordpress\/plugins\/seo\/ -->\n<title>Bilard z przyjaci\u00f3\u0142mi w hotelu Troyer<\/title>\n<meta name=\"description\" content=\"Przyjd\u017a pogra\u0107 w bilard i ciesz si\u0119 wyj\u0105tkow\u0105 atmosfer\u0105 naszej sali bilardowej. Idealne miejsce na wieczorny relaks po ca\u0142ym dniu odkrywania Beskid\u00f3w.\" \/>\n<meta name=\"robots\" content=\"index, follow, max-snippet:-1, max-image-preview:large, max-video-preview:-1\" \/>\n<link rel=\"canonical\" href=\"https:\/\/www.troyer.cz\/pl\/biliard\/\" \/>\n<meta property=\"og:locale\" content=\"pl_PL\" \/>\n<meta property=\"og:type\" content=\"article\" \/>\n<meta property=\"og:title\" content=\"Bilard z przyjaci\u00f3\u0142mi w hotelu Troyer\" \/>\n<meta property=\"og:description\" content=\"Przyjd\u017a pogra\u0107 w bilard i ciesz si\u0119 wyj\u0105tkow\u0105 atmosfer\u0105 naszej sali bilardowej. Idealne miejsce na wieczorny relaks po ca\u0142ym dniu odkrywania Beskid\u00f3w.\" \/>\n<meta property=\"og:url\" content=\"https:\/\/www.troyer.cz\/pl\/biliard\/\" \/>\n<meta property=\"og:site_name\" content=\"Hotel Troyer\" \/>\n<meta property=\"article:publisher\" content=\"https:\/\/www.facebook.com\/HotelTroyer\/?locale=cs_CZ\" \/>\n<meta property=\"article:modified_time\" content=\"2025-10-27T08:24:23+00:00\" \/>\n<meta property=\"og:image\" content=\"https:\/\/www.troyer.cz\/wp-content\/uploads\/elementor\/thumbs\/L1390211-min-pw3tb50tlha1nliqd15ebz94u7jfnahgmad923ivy8.jpeg\" \/>\n<meta name=\"twitter:card\" content=\"summary_large_image\" \/>\n<meta name=\"twitter:label1\" content=\"Szacowany czas czytania\" \/>\n\t<meta name=\"twitter:data1\" content=\"2 minuty\" \/>\n<script type=\"application\/ld+json\" class=\"yoast-schema-graph\">{\"@context\":\"https:\/\/schema.org\",\"@graph\":[{\"@type\":\"WebPage\",\"@id\":\"https:\/\/www.troyer.cz\/pl\/biliard\/\",\"url\":\"https:\/\/www.troyer.cz\/pl\/biliard\/\",\"name\":\"Bilard z przyjaci\u00f3\u0142mi w hotelu Troyer\",\"isPartOf\":{\"@id\":\"https:\/\/www.troyer.cz\/#website\"},\"primaryImageOfPage\":{\"@id\":\"https:\/\/www.troyer.cz\/pl\/biliard\/#primaryimage\"},\"image\":{\"@id\":\"https:\/\/www.troyer.cz\/pl\/biliard\/#primaryimage\"},\"thumbnailUrl\":\"https:\/\/www.troyer.cz\/wp-content\/uploads\/elementor\/thumbs\/L1390211-min-pw3tb50tlha1nliqd15ebz94u7jfnahgmad923ivy8.jpeg\",\"datePublished\":\"2022-09-06T04:26:29+00:00\",\"dateModified\":\"2025-10-27T08:24:23+00:00\",\"description\":\"Przyjd\u017a pogra\u0107 w bilard i ciesz si\u0119 wyj\u0105tkow\u0105 atmosfer\u0105 naszej sali bilardowej. Idealne miejsce na wieczorny relaks po ca\u0142ym dniu odkrywania Beskid\u00f3w.\",\"breadcrumb\":{\"@id\":\"https:\/\/www.troyer.cz\/pl\/biliard\/#breadcrumb\"},\"inLanguage\":\"pl-PL\",\"potentialAction\":[{\"@type\":\"ReadAction\",\"target\":[\"https:\/\/www.troyer.cz\/pl\/biliard\/\"]}]},{\"@type\":\"ImageObject\",\"inLanguage\":\"pl-PL\",\"@id\":\"https:\/\/www.troyer.cz\/pl\/biliard\/#primaryimage\",\"url\":\"https:\/\/www.troyer.cz\/wp-content\/uploads\/elementor\/thumbs\/L1390211-min-pw3tb50tlha1nliqd15ebz94u7jfnahgmad923ivy8.jpeg\",\"contentUrl\":\"https:\/\/www.troyer.cz\/wp-content\/uploads\/elementor\/thumbs\/L1390211-min-pw3tb50tlha1nliqd15ebz94u7jfnahgmad923ivy8.jpeg\"},{\"@type\":\"BreadcrumbList\",\"@id\":\"https:\/\/www.troyer.cz\/pl\/biliard\/#breadcrumb\",\"itemListElement\":[{\"@type\":\"ListItem\",\"position\":1,\"name\":\"Dom\u016f\",\"item\":\"https:\/\/www.troyer.cz\/\"},{\"@type\":\"ListItem\",\"position\":2,\"name\":\"Biliard\"}]},{\"@type\":\"WebSite\",\"@id\":\"https:\/\/www.troyer.cz\/#website\",\"url\":\"https:\/\/www.troyer.cz\/\",\"name\":\"Hotel Troyer\",\"description\":\"Luxusn\u00ed wellness hotel v Beskydech\",\"publisher\":{\"@id\":\"https:\/\/www.troyer.cz\/#organization\"},\"alternateName\":\"Wellness Hotel v Beskydech\",\"potentialAction\":[{\"@type\":\"SearchAction\",\"target\":{\"@type\":\"EntryPoint\",\"urlTemplate\":\"https:\/\/www.troyer.cz\/?s={search_term_string}\"},\"query-input\":{\"@type\":\"PropertyValueSpecification\",\"valueRequired\":true,\"valueName\":\"search_term_string\"}}],\"inLanguage\":\"pl-PL\"},{\"@type\":\"Organization\",\"@id\":\"https:\/\/www.troyer.cz\/#organization\",\"name\":\"Hotel Troyer\",\"url\":\"https:\/\/www.troyer.cz\/\",\"logo\":{\"@type\":\"ImageObject\",\"inLanguage\":\"pl-PL\",\"@id\":\"https:\/\/www.troyer.cz\/#\/schema\/logo\/image\/\",\"url\":\"https:\/\/www.troyer.cz\/wp-content\/uploads\/2022\/11\/TROYER-ikona.png\",\"contentUrl\":\"https:\/\/www.troyer.cz\/wp-content\/uploads\/2022\/11\/TROYER-ikona.png\",\"width\":430,\"height\":430,\"caption\":\"Hotel Troyer\"},\"image\":{\"@id\":\"https:\/\/www.troyer.cz\/#\/schema\/logo\/image\/\"},\"sameAs\":[\"https:\/\/www.facebook.com\/HotelTroyer\/?locale=cs_CZ\",\"https:\/\/www.instagram.com\/hoteltroyer\/\"]}]}<\/script>\n<!-- \/ Yoast SEO plugin. -->","yoast_head_json":{"title":"Bilard z przyjaci\u00f3\u0142mi w hotelu Troyer","description":"Przyjd\u017a pogra\u0107 w bilard i ciesz si\u0119 wyj\u0105tkow\u0105 atmosfer\u0105 naszej sali bilardowej. Idealne miejsce na wieczorny relaks po ca\u0142ym dniu odkrywania Beskid\u00f3w.","robots":{"index":"index","follow":"follow","max-snippet":"max-snippet:-1","max-image-preview":"max-image-preview:large","max-video-preview":"max-video-preview:-1"},"canonical":"https:\/\/www.troyer.cz\/pl\/biliard\/","og_locale":"pl_PL","og_type":"article","og_title":"Bilard z przyjaci\u00f3\u0142mi w hotelu Troyer","og_description":"Przyjd\u017a pogra\u0107 w bilard i ciesz si\u0119 wyj\u0105tkow\u0105 atmosfer\u0105 naszej sali bilardowej. Idealne miejsce na wieczorny relaks po ca\u0142ym dniu odkrywania Beskid\u00f3w.","og_url":"https:\/\/www.troyer.cz\/pl\/biliard\/","og_site_name":"Hotel Troyer","article_publisher":"https:\/\/www.facebook.com\/HotelTroyer\/?locale=cs_CZ","article_modified_time":"2025-10-27T08:24:23+00:00","og_image":[{"url":"https:\/\/www.troyer.cz\/wp-content\/uploads\/elementor\/thumbs\/L1390211-min-pw3tb50tlha1nliqd15ebz94u7jfnahgmad923ivy8.jpeg","type":"","width":"","height":""}],"twitter_card":"summary_large_image","twitter_misc":{"Szacowany czas czytania":"2 minuty"},"schema":{"@context":"https:\/\/schema.org","@graph":[{"@type":"WebPage","@id":"https:\/\/www.troyer.cz\/pl\/biliard\/","url":"https:\/\/www.troyer.cz\/pl\/biliard\/","name":"Bilard z przyjaci\u00f3\u0142mi w hotelu Troyer","isPartOf":{"@id":"https:\/\/www.troyer.cz\/#website"},"primaryImageOfPage":{"@id":"https:\/\/www.troyer.cz\/pl\/biliard\/#primaryimage"},"image":{"@id":"https:\/\/www.troyer.cz\/pl\/biliard\/#primaryimage"},"thumbnailUrl":"https:\/\/www.troyer.cz\/wp-content\/uploads\/elementor\/thumbs\/L1390211-min-pw3tb50tlha1nliqd15ebz94u7jfnahgmad923ivy8.jpeg","datePublished":"2022-09-06T04:26:29+00:00","dateModified":"2025-10-27T08:24:23+00:00","description":"Przyjd\u017a pogra\u0107 w bilard i ciesz si\u0119 wyj\u0105tkow\u0105 atmosfer\u0105 naszej sali bilardowej. Idealne miejsce na wieczorny relaks po ca\u0142ym dniu odkrywania Beskid\u00f3w.","breadcrumb":{"@id":"https:\/\/www.troyer.cz\/pl\/biliard\/#breadcrumb"},"inLanguage":"pl-PL","potentialAction":[{"@type":"ReadAction","target":["https:\/\/www.troyer.cz\/pl\/biliard\/"]}]},{"@type":"ImageObject","inLanguage":"pl-PL","@id":"https:\/\/www.troyer.cz\/pl\/biliard\/#primaryimage","url":"https:\/\/www.troyer.cz\/wp-content\/uploads\/elementor\/thumbs\/L1390211-min-pw3tb50tlha1nliqd15ebz94u7jfnahgmad923ivy8.jpeg","contentUrl":"https:\/\/www.troyer.cz\/wp-content\/uploads\/elementor\/thumbs\/L1390211-min-pw3tb50tlha1nliqd15ebz94u7jfnahgmad923ivy8.jpeg"},{"@type":"BreadcrumbList","@id":"https:\/\/www.troyer.cz\/pl\/biliard\/#breadcrumb","itemListElement":[{"@type":"ListItem","position":1,"name":"Dom\u016f","item":"https:\/\/www.troyer.cz\/"},{"@type":"ListItem","position":2,"name":"Biliard"}]},{"@type":"WebSite","@id":"https:\/\/www.troyer.cz\/#website","url":"https:\/\/www.troyer.cz\/","name":"Hotel Troyer","description":"Luxusn\u00ed wellness hotel v Beskydech","publisher":{"@id":"https:\/\/www.troyer.cz\/#organization"},"alternateName":"Wellness Hotel v Beskydech","potentialAction":[{"@type":"SearchAction","target":{"@type":"EntryPoint","urlTemplate":"https:\/\/www.troyer.cz\/?s={search_term_string}"},"query-input":{"@type":"PropertyValueSpecification","valueRequired":true,"valueName":"search_term_string"}}],"inLanguage":"pl-PL"},{"@type":"Organization","@id":"https:\/\/www.troyer.cz\/#organization","name":"Hotel Troyer","url":"https:\/\/www.troyer.cz\/","logo":{"@type":"ImageObject","inLanguage":"pl-PL","@id":"https:\/\/www.troyer.cz\/#\/schema\/logo\/image\/","url":"https:\/\/www.troyer.cz\/wp-content\/uploads\/2022\/11\/TROYER-ikona.png","contentUrl":"https:\/\/www.troyer.cz\/wp-content\/uploads\/2022\/11\/TROYER-ikona.png","width":430,"height":430,"caption":"Hotel Troyer"},"image":{"@id":"https:\/\/www.troyer.cz\/#\/schema\/logo\/image\/"},"sameAs":["https:\/\/www.facebook.com\/HotelTroyer\/?locale=cs_CZ","https:\/\/www.instagram.com\/hoteltroyer\/"]}]}},"_links":{"self":[{"href":"https:\/\/www.troyer.cz\/pl\/wp-json\/wp\/v2\/pages\/42085","targetHints":{"allow":["GET"]}}],"collection":[{"href":"https:\/\/www.troyer.cz\/pl\/wp-json\/wp\/v2\/pages"}],"about":[{"href":"https:\/\/www.troyer.cz\/pl\/wp-json\/wp\/v2\/types\/page"}],"author":[{"embeddable":true,"href":"https:\/\/www.troyer.cz\/pl\/wp-json\/wp\/v2\/users\/10"}],"replies":[{"embeddable":true,"href":"https:\/\/www.troyer.cz\/pl\/wp-json\/wp\/v2\/comments?post=42085"}],"version-history":[{"count":4,"href":"https:\/\/www.troyer.cz\/pl\/wp-json\/wp\/v2\/pages\/42085\/revisions"}],"predecessor-version":[{"id":47195,"href":"https:\/\/www.troyer.cz\/pl\/wp-json\/wp\/v2\/pages\/42085\/revisions\/47195"}],"wp:attachment":[{"href":"https:\/\/www.troyer.cz\/pl\/wp-json\/wp\/v2\/media?parent=42085"}],"curies":[{"name":"wp","href":"https:\/\/api.w.org\/{rel}","templated":true}]}}