{"id":23184,"date":"2022-09-23T07:41:02","date_gmt":"2022-09-23T06:41:02","guid":{"rendered":"https:\/\/www.troyer.cz\/anfrage-hochzeit\/"},"modified":"2024-07-11T13:11:43","modified_gmt":"2024-07-11T12:11:43","slug":"anfrage-hochzeit","status":"publish","type":"page","link":"https:\/\/www.troyer.cz\/de\/anfrage-hochzeit\/","title":{"rendered":"Anfrage Hochzeit"},"content":{"rendered":"\t\t<div data-elementor-type=\"wp-page\" data-elementor-id=\"23184\" class=\"elementor elementor-23184 elementor-14378\">\n\t\t\t\t\t\t<section class=\"elementor-section elementor-top-section elementor-element elementor-element-b333bb1 elementor-section-boxed elementor-section-height-default elementor-section-height-default\" data-id=\"b333bb1\" data-element_type=\"section\">\n\t\t\t\t\t\t<div class=\"elementor-container elementor-column-gap-default\">\n\t\t\t\t\t<div class=\"elementor-column elementor-col-25 elementor-top-column elementor-element elementor-element-b4873cc\" data-id=\"b4873cc\" data-element_type=\"column\">\n\t\t\t<div class=\"elementor-widget-wrap\">\n\t\t\t\t\t\t\t<\/div>\n\t\t<\/div>\n\t\t\t\t<div class=\"elementor-column elementor-col-50 elementor-top-column elementor-element elementor-element-9c13afc\" data-id=\"9c13afc\" data-element_type=\"column\" data-settings=\"{&quot;background_background&quot;:&quot;classic&quot;}\">\n\t\t\t<div class=\"elementor-widget-wrap elementor-element-populated\">\n\t\t\t\t\t\t<div class=\"elementor-element elementor-element-e3389aa elementor-widget elementor-widget-heading\" data-id=\"e3389aa\" data-element_type=\"widget\" data-widget_type=\"heading.default\">\n\t\t\t\t<div class=\"elementor-widget-container\">\n\t\t\t\t\t<h1 class=\"elementor-heading-title elementor-size-default\">Anfrageformular<\/h1>\t\t\t\t<\/div>\n\t\t\t\t<\/div>\n\t\t\t\t<div class=\"elementor-element elementor-element-62cac0c elementor-widget elementor-widget-text-editor\" data-id=\"62cac0c\" data-element_type=\"widget\" data-widget_type=\"text-editor.default\">\n\t\t\t\t<div class=\"elementor-widget-container\">\n\t\t\t\t\t\t\t\t\t<p style=\"text-align: center;\">Senden Sie uns eine unverbindliche Anfrage und erfahren Sie mehr dar\u00fcber, was wir Ihnen anbieten k\u00f6nnen. Wir werden uns so schnell wie m\u00f6glich mit Ihnen in Verbindung setzen und alles besprechen, was Sie f\u00fcr Ihren wichtigen Tag ben\u00f6tigen werden.<\/p>\n\t\t\t\t\t\t\t\t<\/div>\n\t\t\t\t<\/div>\n\t\t\t\t<div class=\"elementor-element elementor-element-2615394 elementor-widget elementor-widget-text-editor\" data-id=\"2615394\" data-element_type=\"widget\" data-widget_type=\"text-editor.default\">\n\t\t\t\t<div class=\"elementor-widget-container\">\n\t\t\t\t\t\t\t\t\t<p>\n<div class=\"wpcf7 no-js\" id=\"wpcf7-f14394-o1\" lang=\"cs-CZ\" dir=\"ltr\" data-wpcf7-id=\"14394\">\n<div class=\"screen-reader-response\"><p role=\"status\" aria-live=\"polite\" aria-atomic=\"true\"><\/p> <ul><\/ul><\/div>\n<form action=\"\/de\/wp-json\/wp\/v2\/pages\/23184#wpcf7-f14394-o1\" method=\"post\" class=\"wpcf7-form init\" aria-label=\"Kontaktn\u00ed formul\u00e1\u0159\" novalidate=\"novalidate\" data-status=\"init\">\n<fieldset class=\"hidden-fields-container\"><input type=\"hidden\" name=\"_wpcf7\" value=\"14394\" \/><input type=\"hidden\" name=\"_wpcf7_version\" value=\"6.1.1\" \/><input type=\"hidden\" name=\"_wpcf7_locale\" value=\"cs_CZ\" \/><input type=\"hidden\" name=\"_wpcf7_unit_tag\" value=\"wpcf7-f14394-o1\" \/><input type=\"hidden\" name=\"_wpcf7_container_post\" value=\"0\" \/><input type=\"hidden\" name=\"_wpcf7_posted_data_hash\" value=\"\" \/><input type=\"hidden\" name=\"_wpcf7_recaptcha_response\" value=\"\" \/>\n<\/fieldset>\n<p><label> Va\u0161e jm\u00e9no*<br \/>\n<span class=\"wpcf7-form-control-wrap\" data-name=\"jmeno\"><input size=\"40\" maxlength=\"400\" class=\"wpcf7-form-control wpcf7-text wpcf7-validates-as-required\" aria-required=\"true\" aria-invalid=\"false\" value=\"\" type=\"text\" name=\"jmeno\" \/><\/span> <\/label>\n<\/p>\n<p><label> V\u00e1\u0161 e-mail*<br \/>\n<span class=\"wpcf7-form-control-wrap\" data-name=\"email\"><input size=\"40\" maxlength=\"400\" class=\"wpcf7-form-control wpcf7-email wpcf7-validates-as-required wpcf7-text wpcf7-validates-as-email\" aria-required=\"true\" aria-invalid=\"false\" value=\"\" type=\"email\" name=\"email\" \/><\/span> <\/label>\n<\/p>\n<p><label>Telefon:*<br \/>\n<span class=\"wpcf7-form-control-wrap\" data-name=\"telefon\"><input size=\"40\" maxlength=\"400\" class=\"wpcf7-form-control wpcf7-text wpcf7-validates-as-required\" aria-required=\"true\" aria-invalid=\"false\" value=\"\" type=\"text\" name=\"telefon\" \/><\/span><\/label>\n<\/p>\n<p><label>Term\u00edn:<br \/>\n<span class=\"wpcf7-form-control-wrap\" data-name=\"termin\"><input class=\"wpcf7-form-control wpcf7-date wpcf7-validates-as-date\" aria-invalid=\"false\" value=\"2026-04-20\" type=\"date\" name=\"termin\" \/><\/span><\/label>\n<\/p>\n<p><label>Po\u010det host\u016f:<br \/>\n<span class=\"wpcf7-form-control-wrap\" data-name=\"pocet-hostu\"><input class=\"wpcf7-form-control wpcf7-number wpcf7-validates-as-number\" min=\"0\" max=\"200\" step=\"3\" aria-invalid=\"false\" value=\"0\" type=\"number\" name=\"pocet-hostu\" \/><\/span><\/label>\n<\/p>\n<p><label>Pozn\u00e1mka:<br \/>\n<span class=\"wpcf7-form-control-wrap\" data-name=\"poznamka\"><textarea cols=\"40\" rows=\"10\" maxlength=\"2000\" class=\"wpcf7-form-control wpcf7-textarea\" aria-invalid=\"false\" placeholder=\"Zde n\u00e1m napi\u0161te Va\u0161e p\u0159\u00e1n\u00ed a po\u017eadavky.\" name=\"poznamka\"><\/textarea><\/span><\/label>\n<\/p>\n<p>*Odesl\u00e1n\u00edm formul\u00e1\u0159e souhlas\u00edm se zpracov\u00e1n\u00edm osobn\u00edch \u00fadaj\u016f za \u00fa\u010delem zpracov\u00e1n\u00ed m\u00e9 popt\u00e1vky.\n<\/p>\n<p><input class=\"wpcf7-form-control wpcf7-submit has-spinner\" type=\"submit\" value=\"Odeslat\" \/>\n<\/p><div class=\"wpcf7-response-output\" aria-hidden=\"true\"><\/div>\n<\/form>\n<\/div>\n<\/p>\n\t\t\t\t\t\t\t\t<\/div>\n\t\t\t\t<\/div>\n\t\t\t\t\t<\/div>\n\t\t<\/div>\n\t\t\t\t<div class=\"elementor-column elementor-col-25 elementor-top-column elementor-element elementor-element-56b46f6\" data-id=\"56b46f6\" data-element_type=\"column\">\n\t\t\t<div class=\"elementor-widget-wrap\">\n\t\t\t\t\t\t\t<\/div>\n\t\t<\/div>\n\t\t\t\t\t<\/div>\n\t\t<\/section>\n\t\t\t\t<\/div>\n\t\t","protected":false},"excerpt":{"rendered":"<p>Anfrageformular Senden Sie uns eine unverbindliche Anfrage und erfahren Sie mehr dar\u00fcber, was wir Ihnen anbieten k\u00f6nnen. Wir werden uns so schnell wie m\u00f6glich mit Ihnen in Verbindung setzen und alles besprechen, was Sie f\u00fcr Ihren wichtigen Tag ben\u00f6tigen werden.<\/p>\n","protected":false},"author":10,"featured_media":19781,"parent":0,"menu_order":0,"comment_status":"closed","ping_status":"closed","template":"","meta":{"footnotes":""},"class_list":["post-23184","page","type-page","status-publish","has-post-thumbnail","hentry"],"yoast_head":"<!-- This site is optimized with the Yoast SEO plugin v25.8 - https:\/\/yoast.com\/wordpress\/plugins\/seo\/ -->\n<title>Anfrage Hochzeit - Hotel Troyer<\/title>\n<meta name=\"description\" content=\"Suchen Sie einen Ort f\u00fcr eine unvergessliche Hochzeit? Das Hotel Troyer am Fu\u00dfe der Beskiden ist der perfekte Ort f\u00fcr Ihren besonderen Tag.\" \/>\n<meta name=\"robots\" content=\"index, follow, max-snippet:-1, max-image-preview:large, max-video-preview:-1\" \/>\n<link rel=\"canonical\" href=\"https:\/\/www.troyer.cz\/de\/anfrage-hochzeit\/\" \/>\n<meta property=\"og:locale\" content=\"de_DE\" \/>\n<meta property=\"og:type\" content=\"article\" \/>\n<meta property=\"og:title\" content=\"Anfrage Hochzeit - Hotel Troyer\" \/>\n<meta property=\"og:description\" content=\"Suchen Sie einen Ort f\u00fcr eine unvergessliche Hochzeit? Das Hotel Troyer am Fu\u00dfe der Beskiden ist der perfekte Ort f\u00fcr Ihren besonderen Tag.\" \/>\n<meta property=\"og:url\" content=\"https:\/\/www.troyer.cz\/de\/anfrage-hochzeit\/\" \/>\n<meta property=\"og:site_name\" content=\"Hotel Troyer\" \/>\n<meta property=\"article:publisher\" content=\"https:\/\/www.facebook.com\/HotelTroyer\/?locale=cs_CZ\" \/>\n<meta property=\"article:modified_time\" content=\"2024-07-11T12:11:43+00:00\" \/>\n<meta property=\"og:image\" content=\"https:\/\/www.troyer.cz\/wp-content\/uploads\/2022\/09\/L1000733-1-e1663152082611.jpg\" \/>\n\t<meta property=\"og:image:width\" content=\"1920\" \/>\n\t<meta property=\"og:image:height\" content=\"1132\" \/>\n\t<meta property=\"og:image:type\" content=\"image\/jpeg\" \/>\n<meta name=\"twitter:card\" content=\"summary_large_image\" \/>\n<script type=\"application\/ld+json\" class=\"yoast-schema-graph\">{\"@context\":\"https:\/\/schema.org\",\"@graph\":[{\"@type\":\"WebPage\",\"@id\":\"https:\/\/www.troyer.cz\/de\/anfrage-hochzeit\/\",\"url\":\"https:\/\/www.troyer.cz\/de\/anfrage-hochzeit\/\",\"name\":\"Anfrage Hochzeit - Hotel Troyer\",\"isPartOf\":{\"@id\":\"https:\/\/www.troyer.cz\/#website\"},\"primaryImageOfPage\":{\"@id\":\"https:\/\/www.troyer.cz\/de\/anfrage-hochzeit\/#primaryimage\"},\"image\":{\"@id\":\"https:\/\/www.troyer.cz\/de\/anfrage-hochzeit\/#primaryimage\"},\"thumbnailUrl\":\"https:\/\/www.troyer.cz\/wp-content\/uploads\/2022\/09\/L1000733-1-e1663152082611.jpg\",\"datePublished\":\"2022-09-23T06:41:02+00:00\",\"dateModified\":\"2024-07-11T12:11:43+00:00\",\"description\":\"Suchen Sie einen Ort f\u00fcr eine unvergessliche Hochzeit? Das Hotel Troyer am Fu\u00dfe der Beskiden ist der perfekte Ort f\u00fcr Ihren besonderen Tag.\",\"breadcrumb\":{\"@id\":\"https:\/\/www.troyer.cz\/de\/anfrage-hochzeit\/#breadcrumb\"},\"inLanguage\":\"de\",\"potentialAction\":[{\"@type\":\"ReadAction\",\"target\":[\"https:\/\/www.troyer.cz\/de\/anfrage-hochzeit\/\"]}]},{\"@type\":\"ImageObject\",\"inLanguage\":\"de\",\"@id\":\"https:\/\/www.troyer.cz\/de\/anfrage-hochzeit\/#primaryimage\",\"url\":\"https:\/\/www.troyer.cz\/wp-content\/uploads\/2022\/09\/L1000733-1-e1663152082611.jpg\",\"contentUrl\":\"https:\/\/www.troyer.cz\/wp-content\/uploads\/2022\/09\/L1000733-1-e1663152082611.jpg\",\"width\":1920,\"height\":1132,\"caption\":\"Svatebn\u00ed p\u00e1r na hotelu troyer\"},{\"@type\":\"BreadcrumbList\",\"@id\":\"https:\/\/www.troyer.cz\/de\/anfrage-hochzeit\/#breadcrumb\",\"itemListElement\":[{\"@type\":\"ListItem\",\"position\":1,\"name\":\"Dom\u016f\",\"item\":\"https:\/\/www.troyer.cz\/en\/\"},{\"@type\":\"ListItem\",\"position\":2,\"name\":\"Anfrage Hochzeit\"}]},{\"@type\":\"WebSite\",\"@id\":\"https:\/\/www.troyer.cz\/#website\",\"url\":\"https:\/\/www.troyer.cz\/\",\"name\":\"Hotel Troyer\",\"description\":\"Luxusn\u00ed wellness hotel v Beskydech\",\"publisher\":{\"@id\":\"https:\/\/www.troyer.cz\/#organization\"},\"alternateName\":\"Wellness Hotel v Beskydech\",\"potentialAction\":[{\"@type\":\"SearchAction\",\"target\":{\"@type\":\"EntryPoint\",\"urlTemplate\":\"https:\/\/www.troyer.cz\/?s={search_term_string}\"},\"query-input\":{\"@type\":\"PropertyValueSpecification\",\"valueRequired\":true,\"valueName\":\"search_term_string\"}}],\"inLanguage\":\"de\"},{\"@type\":\"Organization\",\"@id\":\"https:\/\/www.troyer.cz\/#organization\",\"name\":\"Hotel Troyer\",\"url\":\"https:\/\/www.troyer.cz\/\",\"logo\":{\"@type\":\"ImageObject\",\"inLanguage\":\"de\",\"@id\":\"https:\/\/www.troyer.cz\/#\/schema\/logo\/image\/\",\"url\":\"https:\/\/www.troyer.cz\/wp-content\/uploads\/2022\/11\/TROYER-ikona.png\",\"contentUrl\":\"https:\/\/www.troyer.cz\/wp-content\/uploads\/2022\/11\/TROYER-ikona.png\",\"width\":430,\"height\":430,\"caption\":\"Hotel Troyer\"},\"image\":{\"@id\":\"https:\/\/www.troyer.cz\/#\/schema\/logo\/image\/\"},\"sameAs\":[\"https:\/\/www.facebook.com\/HotelTroyer\/?locale=cs_CZ\",\"https:\/\/www.instagram.com\/hoteltroyer\/\"]}]}<\/script>\n<!-- \/ Yoast SEO plugin. -->","yoast_head_json":{"title":"Anfrage Hochzeit - Hotel Troyer","description":"Suchen Sie einen Ort f\u00fcr eine unvergessliche Hochzeit? Das Hotel Troyer am Fu\u00dfe der Beskiden ist der perfekte Ort f\u00fcr Ihren besonderen Tag.","robots":{"index":"index","follow":"follow","max-snippet":"max-snippet:-1","max-image-preview":"max-image-preview:large","max-video-preview":"max-video-preview:-1"},"canonical":"https:\/\/www.troyer.cz\/de\/anfrage-hochzeit\/","og_locale":"de_DE","og_type":"article","og_title":"Anfrage Hochzeit - Hotel Troyer","og_description":"Suchen Sie einen Ort f\u00fcr eine unvergessliche Hochzeit? Das Hotel Troyer am Fu\u00dfe der Beskiden ist der perfekte Ort f\u00fcr Ihren besonderen Tag.","og_url":"https:\/\/www.troyer.cz\/de\/anfrage-hochzeit\/","og_site_name":"Hotel Troyer","article_publisher":"https:\/\/www.facebook.com\/HotelTroyer\/?locale=cs_CZ","article_modified_time":"2024-07-11T12:11:43+00:00","og_image":[{"width":1920,"height":1132,"url":"https:\/\/www.troyer.cz\/wp-content\/uploads\/2022\/09\/L1000733-1-e1663152082611.jpg","type":"image\/jpeg"}],"twitter_card":"summary_large_image","schema":{"@context":"https:\/\/schema.org","@graph":[{"@type":"WebPage","@id":"https:\/\/www.troyer.cz\/de\/anfrage-hochzeit\/","url":"https:\/\/www.troyer.cz\/de\/anfrage-hochzeit\/","name":"Anfrage Hochzeit - Hotel Troyer","isPartOf":{"@id":"https:\/\/www.troyer.cz\/#website"},"primaryImageOfPage":{"@id":"https:\/\/www.troyer.cz\/de\/anfrage-hochzeit\/#primaryimage"},"image":{"@id":"https:\/\/www.troyer.cz\/de\/anfrage-hochzeit\/#primaryimage"},"thumbnailUrl":"https:\/\/www.troyer.cz\/wp-content\/uploads\/2022\/09\/L1000733-1-e1663152082611.jpg","datePublished":"2022-09-23T06:41:02+00:00","dateModified":"2024-07-11T12:11:43+00:00","description":"Suchen Sie einen Ort f\u00fcr eine unvergessliche Hochzeit? Das Hotel Troyer am Fu\u00dfe der Beskiden ist der perfekte Ort f\u00fcr Ihren besonderen Tag.","breadcrumb":{"@id":"https:\/\/www.troyer.cz\/de\/anfrage-hochzeit\/#breadcrumb"},"inLanguage":"de","potentialAction":[{"@type":"ReadAction","target":["https:\/\/www.troyer.cz\/de\/anfrage-hochzeit\/"]}]},{"@type":"ImageObject","inLanguage":"de","@id":"https:\/\/www.troyer.cz\/de\/anfrage-hochzeit\/#primaryimage","url":"https:\/\/www.troyer.cz\/wp-content\/uploads\/2022\/09\/L1000733-1-e1663152082611.jpg","contentUrl":"https:\/\/www.troyer.cz\/wp-content\/uploads\/2022\/09\/L1000733-1-e1663152082611.jpg","width":1920,"height":1132,"caption":"Svatebn\u00ed p\u00e1r na hotelu troyer"},{"@type":"BreadcrumbList","@id":"https:\/\/www.troyer.cz\/de\/anfrage-hochzeit\/#breadcrumb","itemListElement":[{"@type":"ListItem","position":1,"name":"Dom\u016f","item":"https:\/\/www.troyer.cz\/en\/"},{"@type":"ListItem","position":2,"name":"Anfrage Hochzeit"}]},{"@type":"WebSite","@id":"https:\/\/www.troyer.cz\/#website","url":"https:\/\/www.troyer.cz\/","name":"Hotel Troyer","description":"Luxusn\u00ed wellness hotel v Beskydech","publisher":{"@id":"https:\/\/www.troyer.cz\/#organization"},"alternateName":"Wellness Hotel v Beskydech","potentialAction":[{"@type":"SearchAction","target":{"@type":"EntryPoint","urlTemplate":"https:\/\/www.troyer.cz\/?s={search_term_string}"},"query-input":{"@type":"PropertyValueSpecification","valueRequired":true,"valueName":"search_term_string"}}],"inLanguage":"de"},{"@type":"Organization","@id":"https:\/\/www.troyer.cz\/#organization","name":"Hotel Troyer","url":"https:\/\/www.troyer.cz\/","logo":{"@type":"ImageObject","inLanguage":"de","@id":"https:\/\/www.troyer.cz\/#\/schema\/logo\/image\/","url":"https:\/\/www.troyer.cz\/wp-content\/uploads\/2022\/11\/TROYER-ikona.png","contentUrl":"https:\/\/www.troyer.cz\/wp-content\/uploads\/2022\/11\/TROYER-ikona.png","width":430,"height":430,"caption":"Hotel Troyer"},"image":{"@id":"https:\/\/www.troyer.cz\/#\/schema\/logo\/image\/"},"sameAs":["https:\/\/www.facebook.com\/HotelTroyer\/?locale=cs_CZ","https:\/\/www.instagram.com\/hoteltroyer\/"]}]}},"_links":{"self":[{"href":"https:\/\/www.troyer.cz\/de\/wp-json\/wp\/v2\/pages\/23184","targetHints":{"allow":["GET"]}}],"collection":[{"href":"https:\/\/www.troyer.cz\/de\/wp-json\/wp\/v2\/pages"}],"about":[{"href":"https:\/\/www.troyer.cz\/de\/wp-json\/wp\/v2\/types\/page"}],"author":[{"embeddable":true,"href":"https:\/\/www.troyer.cz\/de\/wp-json\/wp\/v2\/users\/10"}],"replies":[{"embeddable":true,"href":"https:\/\/www.troyer.cz\/de\/wp-json\/wp\/v2\/comments?post=23184"}],"version-history":[{"count":4,"href":"https:\/\/www.troyer.cz\/de\/wp-json\/wp\/v2\/pages\/23184\/revisions"}],"predecessor-version":[{"id":33590,"href":"https:\/\/www.troyer.cz\/de\/wp-json\/wp\/v2\/pages\/23184\/revisions\/33590"}],"wp:featuredmedia":[{"embeddable":true,"href":"https:\/\/www.troyer.cz\/de\/wp-json\/wp\/v2\/media\/19781"}],"wp:attachment":[{"href":"https:\/\/www.troyer.cz\/de\/wp-json\/wp\/v2\/media?parent=23184"}],"curies":[{"name":"wp","href":"https:\/\/api.w.org\/{rel}","templated":true}]}}