{"id":22627,"date":"2022-09-09T09:06:26","date_gmt":"2022-09-09T08:06:26","guid":{"rendered":"https:\/\/www.troyer.cz\/ovoderm-massagen\/"},"modified":"2025-09-04T08:25:07","modified_gmt":"2025-09-04T07:25:07","slug":"ovoderm-massagen","status":"publish","type":"page","link":"https:\/\/www.troyer.cz\/de\/ovoderm-massagen\/","title":{"rendered":"Ovoderm-Massagen"},"content":{"rendered":"\t\t<div data-elementor-type=\"wp-page\" data-elementor-id=\"22627\" class=\"elementor elementor-22627 elementor-11530\">\n\t\t\t\t\t\t<section class=\"elementor-section elementor-top-section elementor-element elementor-element-3eb2da3d elementor-section-stretched elementor-section-content-middle elementor-section-boxed elementor-section-height-default elementor-section-height-default\" data-id=\"3eb2da3d\" data-element_type=\"section\" data-settings=\"{&quot;stretch_section&quot;:&quot;section-stretched&quot;,&quot;background_background&quot;:&quot;classic&quot;}\">\n\t\t\t\t\t\t\t<div class=\"elementor-background-overlay\"><\/div>\n\t\t\t\t\t\t\t<div class=\"elementor-container elementor-column-gap-default\">\n\t\t\t\t\t<div class=\"elementor-column elementor-col-100 elementor-top-column elementor-element elementor-element-7d590079\" data-id=\"7d590079\" data-element_type=\"column\">\n\t\t\t<div class=\"elementor-widget-wrap elementor-element-populated\">\n\t\t\t\t\t\t<div class=\"elementor-element elementor-element-6668d1fa elementor-widget elementor-widget-heading\" data-id=\"6668d1fa\" data-element_type=\"widget\" data-widget_type=\"heading.default\">\n\t\t\t\t<div class=\"elementor-widget-container\">\n\t\t\t\t\t<h1 class=\"elementor-heading-title elementor-size-default\">Ovoderm\u00ae\ufe0f Massagen<br>Lecithos Therapia<\/h1>\t\t\t\t<\/div>\n\t\t\t\t<\/div>\n\t\t\t\t\t<\/div>\n\t\t<\/div>\n\t\t\t\t\t<\/div>\n\t\t<\/section>\n\t\t\t\t<section class=\"elementor-section elementor-top-section elementor-element elementor-element-659bbf3e elementor-section-boxed elementor-section-height-default elementor-section-height-default\" data-id=\"659bbf3e\" data-element_type=\"section\">\n\t\t\t\t\t\t<div class=\"elementor-container elementor-column-gap-default\">\n\t\t\t\t\t<div class=\"elementor-column elementor-col-50 elementor-top-column elementor-element elementor-element-7ac205a\" data-id=\"7ac205a\" data-element_type=\"column\">\n\t\t\t<div class=\"elementor-widget-wrap elementor-element-populated\">\n\t\t\t\t\t\t<div class=\"elementor-element elementor-element-f1749c8 elementor-widget elementor-widget-html\" data-id=\"f1749c8\" data-element_type=\"widget\" data-widget_type=\"html.default\">\n\t\t\t\t<div class=\"elementor-widget-container\">\n\t\t\t\t\t<script>$(document).ready(function() {\n    \/\/ Pro odkazy s tel:\n    $('a[href^=\"tel:\"]').on('click', function() {\n      fbq('trackCustom', 'phone');\n    });\n\n    \/\/ Pro odkazy s mailto:\n    $('a[href^=\"mailto:\"]').on('click', function() {\n      fbq('trackCustom', 'mail');\n    });\n  });\n<\/script>\t\t\t\t<\/div>\n\t\t\t\t<\/div>\n\t\t\t\t<div class=\"elementor-element elementor-element-53567c4 elementor-widget elementor-widget-heading\" data-id=\"53567c4\" data-element_type=\"widget\" data-widget_type=\"heading.default\">\n\t\t\t\t<div class=\"elementor-widget-container\">\n\t\t\t\t\t<h2 class=\"elementor-heading-title elementor-size-default\">Wie verl\u00e4uft ein Verj\u00fcngungsmassageritual?<\/h2>\t\t\t\t<\/div>\n\t\t\t\t<\/div>\n\t\t\t\t<div class=\"elementor-element elementor-element-64615df elementor-widget elementor-widget-text-editor\" data-id=\"64615df\" data-element_type=\"widget\" data-widget_type=\"text-editor.default\">\n\t\t\t\t<div class=\"elementor-widget-container\">\n\t\t\t\t\t\t\t\t\t<p>Es handelt sich um ein Massageritual, bei dem die Haut mit \u00d6len behandelt und massiert wird, die den Stoffwechsel anregen und die Penetration von Lecithin durch Zellmembranen unterst\u00fctzen, haupts\u00e4chlich Sonnenblumen\u00f6l, Kakaobutter und Extrakt aus Zitrusfr\u00fcchtschalen, was zur Reinigung und schnellen Regeneration der Zellen beitr\u00e4gt.<\/p><p> <\/p><p>Diese Massageart reicht bis Mitte des 19. Jahrhunderts zur\u00fcck und entstand unter den Heilern der Westkarpaten. Der historische Name des Rituals stammt von der Quelle des Lebens. <br> <\/p><p>Das Ovo-Ei und der griechische Name des Dotters &#8222;Lecithos&#8220;, der hier als Symbol f\u00fcr Lecithin verwendet wird und fr\u00fcher bei der Massage eingesetzt wurde.<\/p>\t\t\t\t\t\t\t\t<\/div>\n\t\t\t\t<\/div>\n\t\t\t\t\t<\/div>\n\t\t<\/div>\n\t\t\t\t<div class=\"elementor-column elementor-col-50 elementor-top-column elementor-element elementor-element-51c2318e\" data-id=\"51c2318e\" data-element_type=\"column\" data-settings=\"{&quot;background_background&quot;:&quot;classic&quot;}\">\n\t\t\t<div class=\"elementor-widget-wrap elementor-element-populated\">\n\t\t\t\t\t\t<div class=\"elementor-element elementor-element-25117c6d elementor-widget elementor-widget-heading\" data-id=\"25117c6d\" data-element_type=\"widget\" data-widget_type=\"heading.default\">\n\t\t\t\t<div class=\"elementor-widget-container\">\n\t\t\t\t\t<h4 class=\"elementor-heading-title elementor-size-default\">Reservierungen<\/h4>\t\t\t\t<\/div>\n\t\t\t\t<\/div>\n\t\t\t\t<div class=\"elementor-element elementor-element-6cc16593 elementor-align-center elementor-icon-list--layout-traditional elementor-list-item-link-full_width elementor-widget elementor-widget-icon-list\" data-id=\"6cc16593\" data-element_type=\"widget\" data-widget_type=\"icon-list.default\">\n\t\t\t\t<div class=\"elementor-widget-container\">\n\t\t\t\t\t\t\t<ul class=\"elementor-icon-list-items\">\n\t\t\t\t\t\t\t<li class=\"elementor-icon-list-item\">\n\t\t\t\t\t\t\t\t\t\t<span class=\"elementor-icon-list-text\">Sie k\u00f6nnen telefonisch oder per E-Mail bestellen:<\/span>\n\t\t\t\t\t\t\t\t\t<\/li>\n\t\t\t\t\t\t\t\t<li class=\"elementor-icon-list-item\">\n\t\t\t\t\t\t\t\t\t\t\t<span class=\"elementor-icon-list-icon\">\n\t\t\t\t\t\t\t<i aria-hidden=\"true\" class=\"far fa-bell\"><\/i>\t\t\t\t\t\t<\/span>\n\t\t\t\t\t\t\t\t\t\t<span class=\"elementor-icon-list-text\">recepce@troyer.cz<\/span>\n\t\t\t\t\t\t\t\t\t<\/li>\n\t\t\t\t\t\t\t\t<li class=\"elementor-icon-list-item\">\n\t\t\t\t\t\t\t\t\t\t\t<span class=\"elementor-icon-list-icon\">\n\t\t\t\t\t\t\t<i aria-hidden=\"true\" class=\"fas fa-phone\"><\/i>\t\t\t\t\t\t<\/span>\n\t\t\t\t\t\t\t\t\t\t<span class=\"elementor-icon-list-text\">+420 556 802 007<\/span>\n\t\t\t\t\t\t\t\t\t<\/li>\n\t\t\t\t\t\t<\/ul>\n\t\t\t\t\t\t<\/div>\n\t\t\t\t<\/div>\n\t\t\t\t<div class=\"elementor-element elementor-element-679164b7 elementor-widget-divider--view-line elementor-widget elementor-widget-divider\" data-id=\"679164b7\" data-element_type=\"widget\" data-widget_type=\"divider.default\">\n\t\t\t\t<div class=\"elementor-widget-container\">\n\t\t\t\t\t\t\t<div class=\"elementor-divider\">\n\t\t\t<span class=\"elementor-divider-separator\">\n\t\t\t\t\t\t<\/span>\n\t\t<\/div>\n\t\t\t\t\t\t<\/div>\n\t\t\t\t<\/div>\n\t\t\t\t<div class=\"elementor-element elementor-element-388a514a elementor-widget elementor-widget-heading\" data-id=\"388a514a\" data-element_type=\"widget\" data-widget_type=\"heading.default\">\n\t\t\t\t<div class=\"elementor-widget-container\">\n\t\t\t\t\t<h4 class=\"elementor-heading-title elementor-size-default\">\u00d6ffnungszeiten<\/h4>\t\t\t\t<\/div>\n\t\t\t\t<\/div>\n\t\t\t\t<div class=\"elementor-element elementor-element-540b8bda elementor-widget elementor-widget-text-editor\" data-id=\"540b8bda\" data-element_type=\"widget\" data-widget_type=\"text-editor.default\">\n\t\t\t\t<div class=\"elementor-widget-container\">\n\t\t\t\t\t\t\t\t\t<p style=\"text-align: center;\"><span style=\"color: #ffffff;\">nach Absprache.<\/span><\/p>\t\t\t\t\t\t\t\t<\/div>\n\t\t\t\t<\/div>\n\t\t\t\t\t<\/div>\n\t\t<\/div>\n\t\t\t\t\t<\/div>\n\t\t<\/section>\n\t\t\t\t<section class=\"elementor-section elementor-top-section elementor-element elementor-element-54a82bd9 elementor-section-stretched elementor-section-content-middle elementor-section-boxed elementor-section-height-default elementor-section-height-default\" data-id=\"54a82bd9\" data-element_type=\"section\" data-settings=\"{&quot;stretch_section&quot;:&quot;section-stretched&quot;,&quot;background_background&quot;:&quot;classic&quot;}\">\n\t\t\t\t\t\t\t<div class=\"elementor-background-overlay\"><\/div>\n\t\t\t\t\t\t\t<div class=\"elementor-container elementor-column-gap-default\">\n\t\t\t\t\t<div class=\"elementor-column elementor-col-50 elementor-top-column elementor-element elementor-element-686afff6\" data-id=\"686afff6\" data-element_type=\"column\" data-settings=\"{&quot;background_background&quot;:&quot;classic&quot;}\">\n\t\t\t<div class=\"elementor-widget-wrap elementor-element-populated\">\n\t\t\t\t\t\t<div class=\"elementor-element elementor-element-166cb9c9 elementor-widget elementor-widget-heading\" data-id=\"166cb9c9\" data-element_type=\"widget\" data-widget_type=\"heading.default\">\n\t\t\t\t<div class=\"elementor-widget-container\">\n\t\t\t\t\t<h4 class=\"elementor-heading-title elementor-size-default\">Preisliste<\/h4>\t\t\t\t<\/div>\n\t\t\t\t<\/div>\n\t\t\t\t<div class=\"elementor-element elementor-element-e029476 elementor-widget elementor-widget-text-editor\" data-id=\"e029476\" data-element_type=\"widget\" data-widget_type=\"text-editor.default\">\n\t\t\t\t<div class=\"elementor-widget-container\">\n\t\t\t\t\t\t\t\t\t<table class=\"table table-hover\" width=\"95%\">\n<thead style=\"border-bottom: 2px solid black;\">\n<tr>\n<th style=\"text-align: left;\">Art der Massage<\/th> <th style=\"text-align: center;\">Stunde<\/th> <th style=\"text-align: center;\">Preis<\/th>\n<\/tr>\n<\/thead>\n<tbody>\n<tr style=\"border-bottom: 1px solid #181A17CF;\">\n<td>Ganzk\u00f6rper-Massageritual<\/td>\n\n<td style=\"text-align: center;\">60 min<\/td><br><td style=\"text-align: center;\">1590 K\u010d<\/td>\n<\/tr>\n<tr>\n<td>Ganzk\u00f6rper-Massageritual<\/td>\n\n<td style=\"text-align: center;\">40 min<\/td><br><td style=\"text-align: center;\">1290 K\u010d<\/td>\n<\/tr>\n<\/tbody>\n<\/table>\t\t\t\t\t\t\t\t<\/div>\n\t\t\t\t<\/div>\n\t\t\t\t\t<\/div>\n\t\t<\/div>\n\t\t\t\t<div class=\"elementor-column elementor-col-50 elementor-top-column elementor-element elementor-element-16131593\" data-id=\"16131593\" data-element_type=\"column\">\n\t\t\t<div class=\"elementor-widget-wrap\">\n\t\t\t\t\t\t\t<\/div>\n\t\t<\/div>\n\t\t\t\t\t<\/div>\n\t\t<\/section>\n\t\t\t\t<section class=\"elementor-section elementor-top-section elementor-element elementor-element-c837029 elementor-section-boxed elementor-section-height-default elementor-section-height-default\" data-id=\"c837029\" data-element_type=\"section\">\n\t\t\t\t\t\t<div class=\"elementor-container elementor-column-gap-default\">\n\t\t\t\t\t<div class=\"elementor-column elementor-col-100 elementor-top-column elementor-element elementor-element-fcae105\" data-id=\"fcae105\" data-element_type=\"column\">\n\t\t\t<div class=\"elementor-widget-wrap elementor-element-populated\">\n\t\t\t\t\t\t<div class=\"elementor-element elementor-element-8032c0d elementor-widget elementor-widget-html\" data-id=\"8032c0d\" data-element_type=\"widget\" data-widget_type=\"html.default\">\n\t\t\t\t<div class=\"elementor-widget-container\">\n\t\t\t\t\t<script>document.addEventListener('DOMContentLoaded', (event) => {\n    let hasTracked = false;\n\n    setTimeout(() => {\n        if (!hasTracked) {\n            fbq('trackCustom', 'time_spent');\n            hasTracked = true;\n        }\n    }, 20000); \/\/ 20000 ms = 20 sekund\n});\n<\/script>\t\t\t\t<\/div>\n\t\t\t\t<\/div>\n\t\t\t\t\t<\/div>\n\t\t<\/div>\n\t\t\t\t\t<\/div>\n\t\t<\/section>\n\t\t\t\t<\/div>\n\t\t","protected":false},"excerpt":{"rendered":"<p>Ovoderm\u00ae\ufe0f MassagenLecithos Therapia Wie verl\u00e4uft ein Verj\u00fcngungsmassageritual? Es handelt sich um ein Massageritual, bei dem die Haut mit \u00d6len behandelt und massiert wird, die den Stoffwechsel anregen und die Penetration von Lecithin durch Zellmembranen unterst\u00fctzen, haupts\u00e4chlich Sonnenblumen\u00f6l, Kakaobutter und Extrakt aus Zitrusfr\u00fcchtschalen, was zur Reinigung und schnellen Regeneration der Zellen beitr\u00e4gt. Diese Massageart reicht bis [&hellip;]<\/p>\n","protected":false},"author":10,"featured_media":24845,"parent":0,"menu_order":0,"comment_status":"closed","ping_status":"closed","template":"","meta":{"footnotes":""},"class_list":["post-22627","page","type-page","status-publish","has-post-thumbnail","hentry"],"yoast_head":"<!-- This site is optimized with the Yoast SEO plugin v25.8 - https:\/\/yoast.com\/wordpress\/plugins\/seo\/ -->\n<title>Ovoderm Massage-Therapie - Hotel Troyer<\/title>\n<meta name=\"description\" content=\"Erfahren Sie die Wirkungen unserer Ovoderm-Massagen im Hotel Troyer. Diese Therapien bieten eine einzigartige Kombination aus Entspannung und Regeneration f\u00fcr Ihren K\u00f6rper und Geist.\" \/>\n<meta name=\"robots\" content=\"index, follow, max-snippet:-1, max-image-preview:large, max-video-preview:-1\" \/>\n<link rel=\"canonical\" href=\"https:\/\/www.troyer.cz\/de\/ovoderm-massagen\/\" \/>\n<meta property=\"og:locale\" content=\"de_DE\" \/>\n<meta property=\"og:type\" content=\"article\" \/>\n<meta property=\"og:title\" content=\"Ovoderm Massage-Therapie - Hotel Troyer\" \/>\n<meta property=\"og:description\" content=\"Erfahren Sie die Wirkungen unserer Ovoderm-Massagen im Hotel Troyer. Diese Therapien bieten eine einzigartige Kombination aus Entspannung und Regeneration f\u00fcr Ihren K\u00f6rper und Geist.\" \/>\n<meta property=\"og:url\" content=\"https:\/\/www.troyer.cz\/de\/ovoderm-massagen\/\" \/>\n<meta property=\"og:site_name\" content=\"Hotel Troyer\" \/>\n<meta property=\"article:publisher\" content=\"https:\/\/www.facebook.com\/HotelTroyer\/?locale=cs_CZ\" \/>\n<meta property=\"article:modified_time\" content=\"2025-09-04T07:25:07+00:00\" \/>\n<meta property=\"og:image\" content=\"https:\/\/www.troyer.cz\/wp-content\/uploads\/2023\/03\/spa-treatment-dark-wall-min-scaled.webp\" \/>\n\t<meta property=\"og:image:width\" content=\"2560\" \/>\n\t<meta property=\"og:image:height\" content=\"1707\" \/>\n\t<meta property=\"og:image:type\" content=\"image\/webp\" \/>\n<meta name=\"twitter:card\" content=\"summary_large_image\" \/>\n<meta name=\"twitter:label1\" content=\"Gesch\u00e4tzte Lesezeit\" \/>\n\t<meta name=\"twitter:data1\" content=\"1\u00a0Minute\" \/>\n<script type=\"application\/ld+json\" class=\"yoast-schema-graph\">{\"@context\":\"https:\/\/schema.org\",\"@graph\":[{\"@type\":\"WebPage\",\"@id\":\"https:\/\/www.troyer.cz\/de\/ovoderm-massagen\/\",\"url\":\"https:\/\/www.troyer.cz\/de\/ovoderm-massagen\/\",\"name\":\"Ovoderm Massage-Therapie - Hotel Troyer\",\"isPartOf\":{\"@id\":\"https:\/\/www.troyer.cz\/#website\"},\"primaryImageOfPage\":{\"@id\":\"https:\/\/www.troyer.cz\/de\/ovoderm-massagen\/#primaryimage\"},\"image\":{\"@id\":\"https:\/\/www.troyer.cz\/de\/ovoderm-massagen\/#primaryimage\"},\"thumbnailUrl\":\"https:\/\/www.troyer.cz\/wp-content\/uploads\/2023\/03\/spa-treatment-dark-wall-min-scaled.webp\",\"datePublished\":\"2022-09-09T08:06:26+00:00\",\"dateModified\":\"2025-09-04T07:25:07+00:00\",\"description\":\"Erfahren Sie die Wirkungen unserer Ovoderm-Massagen im Hotel Troyer. Diese Therapien bieten eine einzigartige Kombination aus Entspannung und Regeneration f\u00fcr Ihren K\u00f6rper und Geist.\",\"breadcrumb\":{\"@id\":\"https:\/\/www.troyer.cz\/de\/ovoderm-massagen\/#breadcrumb\"},\"inLanguage\":\"de\",\"potentialAction\":[{\"@type\":\"ReadAction\",\"target\":[\"https:\/\/www.troyer.cz\/de\/ovoderm-massagen\/\"]}]},{\"@type\":\"ImageObject\",\"inLanguage\":\"de\",\"@id\":\"https:\/\/www.troyer.cz\/de\/ovoderm-massagen\/#primaryimage\",\"url\":\"https:\/\/www.troyer.cz\/wp-content\/uploads\/2023\/03\/spa-treatment-dark-wall-min-scaled.webp\",\"contentUrl\":\"https:\/\/www.troyer.cz\/wp-content\/uploads\/2023\/03\/spa-treatment-dark-wall-min-scaled.webp\",\"width\":2560,\"height\":1707,\"caption\":\"Hotel troyer mas\u00e1\u017ee relaxace\"},{\"@type\":\"BreadcrumbList\",\"@id\":\"https:\/\/www.troyer.cz\/de\/ovoderm-massagen\/#breadcrumb\",\"itemListElement\":[{\"@type\":\"ListItem\",\"position\":1,\"name\":\"Dom\u016f\",\"item\":\"https:\/\/www.troyer.cz\/en\/\"},{\"@type\":\"ListItem\",\"position\":2,\"name\":\"Ovoderm-Massagen\"}]},{\"@type\":\"WebSite\",\"@id\":\"https:\/\/www.troyer.cz\/#website\",\"url\":\"https:\/\/www.troyer.cz\/\",\"name\":\"Hotel Troyer\",\"description\":\"Luxusn\u00ed wellness hotel v Beskydech\",\"publisher\":{\"@id\":\"https:\/\/www.troyer.cz\/#organization\"},\"alternateName\":\"Wellness Hotel v Beskydech\",\"potentialAction\":[{\"@type\":\"SearchAction\",\"target\":{\"@type\":\"EntryPoint\",\"urlTemplate\":\"https:\/\/www.troyer.cz\/?s={search_term_string}\"},\"query-input\":{\"@type\":\"PropertyValueSpecification\",\"valueRequired\":true,\"valueName\":\"search_term_string\"}}],\"inLanguage\":\"de\"},{\"@type\":\"Organization\",\"@id\":\"https:\/\/www.troyer.cz\/#organization\",\"name\":\"Hotel Troyer\",\"url\":\"https:\/\/www.troyer.cz\/\",\"logo\":{\"@type\":\"ImageObject\",\"inLanguage\":\"de\",\"@id\":\"https:\/\/www.troyer.cz\/#\/schema\/logo\/image\/\",\"url\":\"https:\/\/www.troyer.cz\/wp-content\/uploads\/2022\/11\/TROYER-ikona.png\",\"contentUrl\":\"https:\/\/www.troyer.cz\/wp-content\/uploads\/2022\/11\/TROYER-ikona.png\",\"width\":430,\"height\":430,\"caption\":\"Hotel Troyer\"},\"image\":{\"@id\":\"https:\/\/www.troyer.cz\/#\/schema\/logo\/image\/\"},\"sameAs\":[\"https:\/\/www.facebook.com\/HotelTroyer\/?locale=cs_CZ\",\"https:\/\/www.instagram.com\/hoteltroyer\/\"]}]}<\/script>\n<!-- \/ Yoast SEO plugin. -->","yoast_head_json":{"title":"Ovoderm Massage-Therapie - Hotel Troyer","description":"Erfahren Sie die Wirkungen unserer Ovoderm-Massagen im Hotel Troyer. Diese Therapien bieten eine einzigartige Kombination aus Entspannung und Regeneration f\u00fcr Ihren K\u00f6rper und Geist.","robots":{"index":"index","follow":"follow","max-snippet":"max-snippet:-1","max-image-preview":"max-image-preview:large","max-video-preview":"max-video-preview:-1"},"canonical":"https:\/\/www.troyer.cz\/de\/ovoderm-massagen\/","og_locale":"de_DE","og_type":"article","og_title":"Ovoderm Massage-Therapie - Hotel Troyer","og_description":"Erfahren Sie die Wirkungen unserer Ovoderm-Massagen im Hotel Troyer. Diese Therapien bieten eine einzigartige Kombination aus Entspannung und Regeneration f\u00fcr Ihren K\u00f6rper und Geist.","og_url":"https:\/\/www.troyer.cz\/de\/ovoderm-massagen\/","og_site_name":"Hotel Troyer","article_publisher":"https:\/\/www.facebook.com\/HotelTroyer\/?locale=cs_CZ","article_modified_time":"2025-09-04T07:25:07+00:00","og_image":[{"width":2560,"height":1707,"url":"https:\/\/www.troyer.cz\/wp-content\/uploads\/2023\/03\/spa-treatment-dark-wall-min-scaled.webp","type":"image\/webp"}],"twitter_card":"summary_large_image","twitter_misc":{"Gesch\u00e4tzte Lesezeit":"1\u00a0Minute"},"schema":{"@context":"https:\/\/schema.org","@graph":[{"@type":"WebPage","@id":"https:\/\/www.troyer.cz\/de\/ovoderm-massagen\/","url":"https:\/\/www.troyer.cz\/de\/ovoderm-massagen\/","name":"Ovoderm Massage-Therapie - Hotel Troyer","isPartOf":{"@id":"https:\/\/www.troyer.cz\/#website"},"primaryImageOfPage":{"@id":"https:\/\/www.troyer.cz\/de\/ovoderm-massagen\/#primaryimage"},"image":{"@id":"https:\/\/www.troyer.cz\/de\/ovoderm-massagen\/#primaryimage"},"thumbnailUrl":"https:\/\/www.troyer.cz\/wp-content\/uploads\/2023\/03\/spa-treatment-dark-wall-min-scaled.webp","datePublished":"2022-09-09T08:06:26+00:00","dateModified":"2025-09-04T07:25:07+00:00","description":"Erfahren Sie die Wirkungen unserer Ovoderm-Massagen im Hotel Troyer. Diese Therapien bieten eine einzigartige Kombination aus Entspannung und Regeneration f\u00fcr Ihren K\u00f6rper und Geist.","breadcrumb":{"@id":"https:\/\/www.troyer.cz\/de\/ovoderm-massagen\/#breadcrumb"},"inLanguage":"de","potentialAction":[{"@type":"ReadAction","target":["https:\/\/www.troyer.cz\/de\/ovoderm-massagen\/"]}]},{"@type":"ImageObject","inLanguage":"de","@id":"https:\/\/www.troyer.cz\/de\/ovoderm-massagen\/#primaryimage","url":"https:\/\/www.troyer.cz\/wp-content\/uploads\/2023\/03\/spa-treatment-dark-wall-min-scaled.webp","contentUrl":"https:\/\/www.troyer.cz\/wp-content\/uploads\/2023\/03\/spa-treatment-dark-wall-min-scaled.webp","width":2560,"height":1707,"caption":"Hotel troyer mas\u00e1\u017ee relaxace"},{"@type":"BreadcrumbList","@id":"https:\/\/www.troyer.cz\/de\/ovoderm-massagen\/#breadcrumb","itemListElement":[{"@type":"ListItem","position":1,"name":"Dom\u016f","item":"https:\/\/www.troyer.cz\/en\/"},{"@type":"ListItem","position":2,"name":"Ovoderm-Massagen"}]},{"@type":"WebSite","@id":"https:\/\/www.troyer.cz\/#website","url":"https:\/\/www.troyer.cz\/","name":"Hotel Troyer","description":"Luxusn\u00ed wellness hotel v Beskydech","publisher":{"@id":"https:\/\/www.troyer.cz\/#organization"},"alternateName":"Wellness Hotel v Beskydech","potentialAction":[{"@type":"SearchAction","target":{"@type":"EntryPoint","urlTemplate":"https:\/\/www.troyer.cz\/?s={search_term_string}"},"query-input":{"@type":"PropertyValueSpecification","valueRequired":true,"valueName":"search_term_string"}}],"inLanguage":"de"},{"@type":"Organization","@id":"https:\/\/www.troyer.cz\/#organization","name":"Hotel Troyer","url":"https:\/\/www.troyer.cz\/","logo":{"@type":"ImageObject","inLanguage":"de","@id":"https:\/\/www.troyer.cz\/#\/schema\/logo\/image\/","url":"https:\/\/www.troyer.cz\/wp-content\/uploads\/2022\/11\/TROYER-ikona.png","contentUrl":"https:\/\/www.troyer.cz\/wp-content\/uploads\/2022\/11\/TROYER-ikona.png","width":430,"height":430,"caption":"Hotel Troyer"},"image":{"@id":"https:\/\/www.troyer.cz\/#\/schema\/logo\/image\/"},"sameAs":["https:\/\/www.facebook.com\/HotelTroyer\/?locale=cs_CZ","https:\/\/www.instagram.com\/hoteltroyer\/"]}]}},"_links":{"self":[{"href":"https:\/\/www.troyer.cz\/de\/wp-json\/wp\/v2\/pages\/22627","targetHints":{"allow":["GET"]}}],"collection":[{"href":"https:\/\/www.troyer.cz\/de\/wp-json\/wp\/v2\/pages"}],"about":[{"href":"https:\/\/www.troyer.cz\/de\/wp-json\/wp\/v2\/types\/page"}],"author":[{"embeddable":true,"href":"https:\/\/www.troyer.cz\/de\/wp-json\/wp\/v2\/users\/10"}],"replies":[{"embeddable":true,"href":"https:\/\/www.troyer.cz\/de\/wp-json\/wp\/v2\/comments?post=22627"}],"version-history":[{"count":10,"href":"https:\/\/www.troyer.cz\/de\/wp-json\/wp\/v2\/pages\/22627\/revisions"}],"predecessor-version":[{"id":41783,"href":"https:\/\/www.troyer.cz\/de\/wp-json\/wp\/v2\/pages\/22627\/revisions\/41783"}],"wp:featuredmedia":[{"embeddable":true,"href":"https:\/\/www.troyer.cz\/de\/wp-json\/wp\/v2\/media\/24845"}],"wp:attachment":[{"href":"https:\/\/www.troyer.cz\/de\/wp-json\/wp\/v2\/media?parent=22627"}],"curies":[{"name":"wp","href":"https:\/\/api.w.org\/{rel}","templated":true}]}}