{"id":22597,"date":"2022-09-26T12:35:47","date_gmt":"2022-09-26T11:35:47","guid":{"rendered":"https:\/\/www.troyer.cz\/firmy\/"},"modified":"2023-12-13T08:15:10","modified_gmt":"2023-12-13T07:15:10","slug":"firmy","status":"publish","type":"page","link":"https:\/\/www.troyer.cz\/de\/firmy\/","title":{"rendered":"Firmy"},"content":{"rendered":"\t\t<div data-elementor-type=\"wp-page\" data-elementor-id=\"22597\" class=\"elementor elementor-22597\">\n\t\t\t\t\t\t<section class=\"elementor-section elementor-top-section elementor-element elementor-element-61f1154a elementor-section-stretched elementor-section-content-middle elementor-section-boxed elementor-section-height-default elementor-section-height-default\" data-id=\"61f1154a\" data-element_type=\"section\" data-settings=\"{&quot;stretch_section&quot;:&quot;section-stretched&quot;,&quot;background_background&quot;:&quot;classic&quot;}\">\n\t\t\t\t\t\t\t<div class=\"elementor-background-overlay\"><\/div>\n\t\t\t\t\t\t\t<div class=\"elementor-container elementor-column-gap-default\">\n\t\t\t\t\t<div class=\"elementor-column elementor-col-100 elementor-top-column elementor-element elementor-element-4c84977e\" data-id=\"4c84977e\" data-element_type=\"column\">\n\t\t\t<div class=\"elementor-widget-wrap elementor-element-populated\">\n\t\t\t\t\t\t<div class=\"elementor-element elementor-element-b8faea1 elementor-widget elementor-widget-heading\" data-id=\"b8faea1\" data-element_type=\"widget\" data-widget_type=\"heading.default\">\n\t\t\t\t<div class=\"elementor-widget-container\">\n\t\t\t\t\t<h1 class=\"elementor-heading-title elementor-size-default\">\u00dcbernachtungspakete<\/h1>\t\t\t\t<\/div>\n\t\t\t\t<\/div>\n\t\t\t\t\t<\/div>\n\t\t<\/div>\n\t\t\t\t\t<\/div>\n\t\t<\/section>\n\t\t\t\t<\/div>\n\t\t","protected":false},"excerpt":{"rendered":"<p>\u00dcbernachtungspakete<\/p>\n","protected":false},"author":10,"featured_media":0,"parent":0,"menu_order":0,"comment_status":"closed","ping_status":"closed","template":"","meta":{"footnotes":""},"class_list":["post-22597","page","type-page","status-publish","hentry"],"yoast_head":"<!-- This site is optimized with the Yoast SEO plugin v25.8 - https:\/\/yoast.com\/wordpress\/plugins\/seo\/ -->\n<title>Firmy - Hotel Troyer<\/title>\n<meta name=\"description\" content=\"Wir bieten umfassende Dienstleistungen f\u00fcr Unternehmen, einschlie\u00dflich Unterkunft, Konferenzr\u00e4ume und Organisationsdienstleistungen. Wir gestalten eine ma\u00dfgeschneiderte L\u00f6sung nach Ihren W\u00fcnschen.\" \/>\n<meta name=\"robots\" content=\"index, follow, max-snippet:-1, max-image-preview:large, max-video-preview:-1\" \/>\n<link rel=\"canonical\" href=\"https:\/\/www.troyer.cz\/de\/firmy\/\" \/>\n<meta property=\"og:locale\" content=\"de_DE\" \/>\n<meta property=\"og:type\" content=\"article\" \/>\n<meta property=\"og:title\" content=\"Firmy - Hotel Troyer\" \/>\n<meta property=\"og:description\" content=\"Wir bieten umfassende Dienstleistungen f\u00fcr Unternehmen, einschlie\u00dflich Unterkunft, Konferenzr\u00e4ume und Organisationsdienstleistungen. Wir gestalten eine ma\u00dfgeschneiderte L\u00f6sung nach Ihren W\u00fcnschen.\" \/>\n<meta property=\"og:url\" content=\"https:\/\/www.troyer.cz\/de\/firmy\/\" \/>\n<meta property=\"og:site_name\" content=\"Hotel Troyer\" \/>\n<meta property=\"article:publisher\" content=\"https:\/\/www.facebook.com\/HotelTroyer\/?locale=cs_CZ\" \/>\n<meta property=\"article:modified_time\" content=\"2023-12-13T07:15:10+00:00\" \/>\n<meta name=\"twitter:card\" content=\"summary_large_image\" \/>\n<script type=\"application\/ld+json\" class=\"yoast-schema-graph\">{\"@context\":\"https:\/\/schema.org\",\"@graph\":[{\"@type\":\"WebPage\",\"@id\":\"https:\/\/www.troyer.cz\/de\/firmy\/\",\"url\":\"https:\/\/www.troyer.cz\/de\/firmy\/\",\"name\":\"Firmy - Hotel Troyer\",\"isPartOf\":{\"@id\":\"https:\/\/www.troyer.cz\/#website\"},\"datePublished\":\"2022-09-26T11:35:47+00:00\",\"dateModified\":\"2023-12-13T07:15:10+00:00\",\"description\":\"Wir bieten umfassende Dienstleistungen f\u00fcr Unternehmen, einschlie\u00dflich Unterkunft, Konferenzr\u00e4ume und Organisationsdienstleistungen. Wir gestalten eine ma\u00dfgeschneiderte L\u00f6sung nach Ihren W\u00fcnschen.\",\"breadcrumb\":{\"@id\":\"https:\/\/www.troyer.cz\/de\/firmy\/#breadcrumb\"},\"inLanguage\":\"de\",\"potentialAction\":[{\"@type\":\"ReadAction\",\"target\":[\"https:\/\/www.troyer.cz\/de\/firmy\/\"]}]},{\"@type\":\"BreadcrumbList\",\"@id\":\"https:\/\/www.troyer.cz\/de\/firmy\/#breadcrumb\",\"itemListElement\":[{\"@type\":\"ListItem\",\"position\":1,\"name\":\"Dom\u016f\",\"item\":\"https:\/\/www.troyer.cz\/en\/\"},{\"@type\":\"ListItem\",\"position\":2,\"name\":\"Firmy\"}]},{\"@type\":\"WebSite\",\"@id\":\"https:\/\/www.troyer.cz\/#website\",\"url\":\"https:\/\/www.troyer.cz\/\",\"name\":\"Hotel Troyer\",\"description\":\"Luxusn\u00ed wellness hotel v Beskydech\",\"publisher\":{\"@id\":\"https:\/\/www.troyer.cz\/#organization\"},\"alternateName\":\"Wellness Hotel v Beskydech\",\"potentialAction\":[{\"@type\":\"SearchAction\",\"target\":{\"@type\":\"EntryPoint\",\"urlTemplate\":\"https:\/\/www.troyer.cz\/?s={search_term_string}\"},\"query-input\":{\"@type\":\"PropertyValueSpecification\",\"valueRequired\":true,\"valueName\":\"search_term_string\"}}],\"inLanguage\":\"de\"},{\"@type\":\"Organization\",\"@id\":\"https:\/\/www.troyer.cz\/#organization\",\"name\":\"Hotel Troyer\",\"url\":\"https:\/\/www.troyer.cz\/\",\"logo\":{\"@type\":\"ImageObject\",\"inLanguage\":\"de\",\"@id\":\"https:\/\/www.troyer.cz\/#\/schema\/logo\/image\/\",\"url\":\"https:\/\/www.troyer.cz\/wp-content\/uploads\/2022\/11\/TROYER-ikona.png\",\"contentUrl\":\"https:\/\/www.troyer.cz\/wp-content\/uploads\/2022\/11\/TROYER-ikona.png\",\"width\":430,\"height\":430,\"caption\":\"Hotel Troyer\"},\"image\":{\"@id\":\"https:\/\/www.troyer.cz\/#\/schema\/logo\/image\/\"},\"sameAs\":[\"https:\/\/www.facebook.com\/HotelTroyer\/?locale=cs_CZ\",\"https:\/\/www.instagram.com\/hoteltroyer\/\"]}]}<\/script>\n<!-- \/ Yoast SEO plugin. -->","yoast_head_json":{"title":"Firmy - Hotel Troyer","description":"Wir bieten umfassende Dienstleistungen f\u00fcr Unternehmen, einschlie\u00dflich Unterkunft, Konferenzr\u00e4ume und Organisationsdienstleistungen. Wir gestalten eine ma\u00dfgeschneiderte L\u00f6sung nach Ihren W\u00fcnschen.","robots":{"index":"index","follow":"follow","max-snippet":"max-snippet:-1","max-image-preview":"max-image-preview:large","max-video-preview":"max-video-preview:-1"},"canonical":"https:\/\/www.troyer.cz\/de\/firmy\/","og_locale":"de_DE","og_type":"article","og_title":"Firmy - Hotel Troyer","og_description":"Wir bieten umfassende Dienstleistungen f\u00fcr Unternehmen, einschlie\u00dflich Unterkunft, Konferenzr\u00e4ume und Organisationsdienstleistungen. Wir gestalten eine ma\u00dfgeschneiderte L\u00f6sung nach Ihren W\u00fcnschen.","og_url":"https:\/\/www.troyer.cz\/de\/firmy\/","og_site_name":"Hotel Troyer","article_publisher":"https:\/\/www.facebook.com\/HotelTroyer\/?locale=cs_CZ","article_modified_time":"2023-12-13T07:15:10+00:00","twitter_card":"summary_large_image","schema":{"@context":"https:\/\/schema.org","@graph":[{"@type":"WebPage","@id":"https:\/\/www.troyer.cz\/de\/firmy\/","url":"https:\/\/www.troyer.cz\/de\/firmy\/","name":"Firmy - Hotel Troyer","isPartOf":{"@id":"https:\/\/www.troyer.cz\/#website"},"datePublished":"2022-09-26T11:35:47+00:00","dateModified":"2023-12-13T07:15:10+00:00","description":"Wir bieten umfassende Dienstleistungen f\u00fcr Unternehmen, einschlie\u00dflich Unterkunft, Konferenzr\u00e4ume und Organisationsdienstleistungen. Wir gestalten eine ma\u00dfgeschneiderte L\u00f6sung nach Ihren W\u00fcnschen.","breadcrumb":{"@id":"https:\/\/www.troyer.cz\/de\/firmy\/#breadcrumb"},"inLanguage":"de","potentialAction":[{"@type":"ReadAction","target":["https:\/\/www.troyer.cz\/de\/firmy\/"]}]},{"@type":"BreadcrumbList","@id":"https:\/\/www.troyer.cz\/de\/firmy\/#breadcrumb","itemListElement":[{"@type":"ListItem","position":1,"name":"Dom\u016f","item":"https:\/\/www.troyer.cz\/en\/"},{"@type":"ListItem","position":2,"name":"Firmy"}]},{"@type":"WebSite","@id":"https:\/\/www.troyer.cz\/#website","url":"https:\/\/www.troyer.cz\/","name":"Hotel Troyer","description":"Luxusn\u00ed wellness hotel v Beskydech","publisher":{"@id":"https:\/\/www.troyer.cz\/#organization"},"alternateName":"Wellness Hotel v Beskydech","potentialAction":[{"@type":"SearchAction","target":{"@type":"EntryPoint","urlTemplate":"https:\/\/www.troyer.cz\/?s={search_term_string}"},"query-input":{"@type":"PropertyValueSpecification","valueRequired":true,"valueName":"search_term_string"}}],"inLanguage":"de"},{"@type":"Organization","@id":"https:\/\/www.troyer.cz\/#organization","name":"Hotel Troyer","url":"https:\/\/www.troyer.cz\/","logo":{"@type":"ImageObject","inLanguage":"de","@id":"https:\/\/www.troyer.cz\/#\/schema\/logo\/image\/","url":"https:\/\/www.troyer.cz\/wp-content\/uploads\/2022\/11\/TROYER-ikona.png","contentUrl":"https:\/\/www.troyer.cz\/wp-content\/uploads\/2022\/11\/TROYER-ikona.png","width":430,"height":430,"caption":"Hotel Troyer"},"image":{"@id":"https:\/\/www.troyer.cz\/#\/schema\/logo\/image\/"},"sameAs":["https:\/\/www.facebook.com\/HotelTroyer\/?locale=cs_CZ","https:\/\/www.instagram.com\/hoteltroyer\/"]}]}},"_links":{"self":[{"href":"https:\/\/www.troyer.cz\/de\/wp-json\/wp\/v2\/pages\/22597","targetHints":{"allow":["GET"]}}],"collection":[{"href":"https:\/\/www.troyer.cz\/de\/wp-json\/wp\/v2\/pages"}],"about":[{"href":"https:\/\/www.troyer.cz\/de\/wp-json\/wp\/v2\/types\/page"}],"author":[{"embeddable":true,"href":"https:\/\/www.troyer.cz\/de\/wp-json\/wp\/v2\/users\/10"}],"replies":[{"embeddable":true,"href":"https:\/\/www.troyer.cz\/de\/wp-json\/wp\/v2\/comments?post=22597"}],"version-history":[{"count":2,"href":"https:\/\/www.troyer.cz\/de\/wp-json\/wp\/v2\/pages\/22597\/revisions"}],"predecessor-version":[{"id":29930,"href":"https:\/\/www.troyer.cz\/de\/wp-json\/wp\/v2\/pages\/22597\/revisions\/29930"}],"wp:attachment":[{"href":"https:\/\/www.troyer.cz\/de\/wp-json\/wp\/v2\/media?parent=22597"}],"curies":[{"name":"wp","href":"https:\/\/api.w.org\/{rel}","templated":true}]}}