{"id":22580,"date":"2022-09-07T07:53:05","date_gmt":"2022-09-07T06:53:05","guid":{"rendered":"https:\/\/www.troyer.cz\/kinderspielzimmer\/"},"modified":"2024-10-02T09:21:55","modified_gmt":"2024-10-02T08:21:55","slug":"kinderspielzimmer","status":"publish","type":"page","link":"https:\/\/www.troyer.cz\/de\/kinderspielzimmer\/","title":{"rendered":"Kinderspielzimmer"},"content":{"rendered":"\t\t<div data-elementor-type=\"wp-page\" data-elementor-id=\"22580\" class=\"elementor elementor-22580 elementor-10568\">\n\t\t\t\t\t\t<section class=\"elementor-section elementor-top-section elementor-element elementor-element-5ed541e6 elementor-section-stretched elementor-section-content-middle elementor-section-boxed elementor-section-height-default elementor-section-height-default\" data-id=\"5ed541e6\" data-element_type=\"section\" data-settings=\"{&quot;stretch_section&quot;:&quot;section-stretched&quot;,&quot;background_background&quot;:&quot;classic&quot;}\">\n\t\t\t\t\t\t\t<div class=\"elementor-background-overlay\"><\/div>\n\t\t\t\t\t\t\t<div class=\"elementor-container elementor-column-gap-default\">\n\t\t\t\t\t<div class=\"elementor-column elementor-col-100 elementor-top-column elementor-element elementor-element-2e107616\" data-id=\"2e107616\" data-element_type=\"column\">\n\t\t\t<div class=\"elementor-widget-wrap elementor-element-populated\">\n\t\t\t\t\t\t<div class=\"elementor-element elementor-element-29befdb1 elementor-widget elementor-widget-heading\" data-id=\"29befdb1\" data-element_type=\"widget\" data-widget_type=\"heading.default\">\n\t\t\t\t<div class=\"elementor-widget-container\">\n\t\t\t\t\t<h1 class=\"elementor-heading-title elementor-size-default\">Kinderspielzimmer<\/h1>\t\t\t\t<\/div>\n\t\t\t\t<\/div>\n\t\t\t\t\t<\/div>\n\t\t<\/div>\n\t\t\t\t\t<\/div>\n\t\t<\/section>\n\t\t\t\t<section class=\"elementor-section elementor-top-section elementor-element elementor-element-77b3b3e6 elementor-section-boxed elementor-section-height-default elementor-section-height-default\" data-id=\"77b3b3e6\" data-element_type=\"section\">\n\t\t\t\t\t\t<div class=\"elementor-container elementor-column-gap-default\">\n\t\t\t\t\t<div class=\"elementor-column elementor-col-50 elementor-top-column elementor-element elementor-element-8fb909c\" data-id=\"8fb909c\" data-element_type=\"column\">\n\t\t\t<div class=\"elementor-widget-wrap elementor-element-populated\">\n\t\t\t\t\t\t<div class=\"elementor-element elementor-element-9534743 elementor-widget elementor-widget-html\" data-id=\"9534743\" data-element_type=\"widget\" data-widget_type=\"html.default\">\n\t\t\t\t<div class=\"elementor-widget-container\">\n\t\t\t\t\t<script>$(document).ready(function() {\n    \/\/ Pro odkazy s tel:\n    $('a[href^=\"tel:\"]').on('click', function() {\n      fbq('trackCustom', 'phone');\n    });\n\n    \/\/ Pro odkazy s mailto:\n    $('a[href^=\"mailto:\"]').on('click', function() {\n      fbq('trackCustom', 'mail');\n    });\n  });\n<\/script>\t\t\t\t<\/div>\n\t\t\t\t<\/div>\n\t\t\t\t<div class=\"elementor-element elementor-element-5811085 elementor-widget elementor-widget-heading\" data-id=\"5811085\" data-element_type=\"widget\" data-widget_type=\"heading.default\">\n\t\t\t\t<div class=\"elementor-widget-container\">\n\t\t\t\t\t<h2 class=\"elementor-heading-title elementor-size-default\">Kindgerechtes Hotel<\/h2>\t\t\t\t<\/div>\n\t\t\t\t<\/div>\n\t\t\t\t<div class=\"elementor-element elementor-element-df3cc14 elementor-widget elementor-widget-text-editor\" data-id=\"df3cc14\" data-element_type=\"widget\" data-widget_type=\"text-editor.default\">\n\t\t\t\t<div class=\"elementor-widget-container\">\n\t\t\t\t\t\t\t\t\t<p>Wenn das Wetter gerade seine schlechtere Seite zeigt oder wenn Ihre Kinder in ihre eigene Welt fl\u00fcchten m\u00f6chten, steht ihnen ein Spielzimmer zur Verf\u00fcgung.<\/p>\n<\/p>\n<p>Eine bunt gestaltete Zimmer voller Spielzeug, Spiele und M\u00f6glichkeiten f\u00fcr Kinder.<\/p>\n\t\t\t\t\t\t\t\t<\/div>\n\t\t\t\t<\/div>\n\t\t\t\t<div class=\"elementor-element elementor-element-760005e gallery-spacing-custom elementor-widget elementor-widget-image-gallery\" data-id=\"760005e\" data-element_type=\"widget\" data-widget_type=\"image-gallery.default\">\n\t\t\t\t<div class=\"elementor-widget-container\">\n\t\t\t\t\t\t\t<div class=\"elementor-image-gallery\">\n\t\t\t\n\t\t<style type=\"text\/css\">\n\t\t\t#gallery-1 {\n\t\t\t\tmargin: auto;\n\t\t\t}\n\t\t\t#gallery-1 .gallery-item {\n\t\t\t\tfloat: left;\n\t\t\t\tmargin-top: 10px;\n\t\t\t\ttext-align: center;\n\t\t\t\twidth: 33%;\n\t\t\t}\n\t\t\t#gallery-1 img {\n\t\t\t\tborder: 2px solid #cfcfcf;\n\t\t\t}\n\t\t\t#gallery-1 .gallery-caption {\n\t\t\t\tmargin-left: 0;\n\t\t\t}\n\t\t\t\/* see gallery_shortcode() in wp-includes\/media.php *\/\n\t\t<\/style>\n\t\t<div id='gallery-1' class='gallery galleryid-22580 gallery-columns-3 gallery-size-medium'><dl class='gallery-item'>\n\t\t\t<dt class='gallery-icon landscape'>\n\t\t\t\t<a data-elementor-open-lightbox=\"yes\" data-elementor-lightbox-slideshow=\"760005e\" data-elementor-lightbox-title=\"L1390272-min\" data-e-action-hash=\"#elementor-action%3Aaction%3Dlightbox%26settings%3DeyJpZCI6MTk4MDEsInVybCI6Imh0dHBzOlwvXC93d3cudHJveWVyLmN6XC93cC1jb250ZW50XC91cGxvYWRzXC8yMDIyXC8wOVwvTDEzOTAyNzItbWluLXNjYWxlZC1lMTY2MzU4NDE2MjExOS5qcGVnIiwic2xpZGVzaG93IjoiNzYwMDA1ZSJ9\" href='https:\/\/www.troyer.cz\/wp-content\/uploads\/2022\/09\/L1390272-min-scaled-e1663584162119.jpeg'><img fetchpriority=\"high\" decoding=\"async\" width=\"300\" height=\"195\" src=\"https:\/\/www.troyer.cz\/wp-content\/uploads\/2022\/09\/L1390272-min-scaled-e1663584162119-300x195.jpeg\" class=\"attachment-medium size-medium\" alt=\"D\u011btsk\u00e1 herna hotel troyer\" srcset=\"https:\/\/www.troyer.cz\/wp-content\/uploads\/2022\/09\/L1390272-min-scaled-e1663584162119-300x195.jpeg 300w, https:\/\/www.troyer.cz\/wp-content\/uploads\/2022\/09\/L1390272-min-scaled-e1663584162119-600x390.jpeg 600w, https:\/\/www.troyer.cz\/wp-content\/uploads\/2022\/09\/L1390272-min-scaled-e1663584162119-768x499.jpeg 768w, https:\/\/www.troyer.cz\/wp-content\/uploads\/2022\/09\/L1390272-min-scaled-e1663584162119.jpeg 1000w\" sizes=\"(max-width: 300px) 100vw, 300px\" \/><\/a>\n\t\t\t<\/dt><\/dl><dl class='gallery-item'>\n\t\t\t<dt class='gallery-icon landscape'>\n\t\t\t\t<a data-elementor-open-lightbox=\"yes\" data-elementor-lightbox-slideshow=\"760005e\" data-elementor-lightbox-title=\"L1390283-min\" data-e-action-hash=\"#elementor-action%3Aaction%3Dlightbox%26settings%3DeyJpZCI6MTk3OTcsInVybCI6Imh0dHBzOlwvXC93d3cudHJveWVyLmN6XC93cC1jb250ZW50XC91cGxvYWRzXC8yMDIyXC8wOVwvTDEzOTAyODMtbWluLWUxNjYzMjMyNTM1NjE5LmpwZWciLCJzbGlkZXNob3ciOiI3NjAwMDVlIn0%3D\" href='https:\/\/www.troyer.cz\/wp-content\/uploads\/2022\/09\/L1390283-min-e1663232535619.jpeg'><img decoding=\"async\" width=\"300\" height=\"193\" src=\"https:\/\/www.troyer.cz\/wp-content\/uploads\/2022\/09\/L1390283-min-e1663232535619-300x193.jpeg\" class=\"attachment-medium size-medium\" alt=\"D\u011btsk\u00e1 herna hotel troyer\" srcset=\"https:\/\/www.troyer.cz\/wp-content\/uploads\/2022\/09\/L1390283-min-e1663232535619-300x193.jpeg 300w, https:\/\/www.troyer.cz\/wp-content\/uploads\/2022\/09\/L1390283-min-e1663232535619-600x387.jpeg 600w, https:\/\/www.troyer.cz\/wp-content\/uploads\/2022\/09\/L1390283-min-e1663232535619-768x495.jpeg 768w, https:\/\/www.troyer.cz\/wp-content\/uploads\/2022\/09\/L1390283-min-e1663232535619.jpeg 1001w\" sizes=\"(max-width: 300px) 100vw, 300px\" \/><\/a>\n\t\t\t<\/dt><\/dl><dl class='gallery-item'>\n\t\t\t<dt class='gallery-icon landscape'>\n\t\t\t\t<a data-elementor-open-lightbox=\"yes\" data-elementor-lightbox-slideshow=\"760005e\" data-elementor-lightbox-title=\"L1390267-min\" data-e-action-hash=\"#elementor-action%3Aaction%3Dlightbox%26settings%3DeyJpZCI6MTk3OTksInVybCI6Imh0dHBzOlwvXC93d3cudHJveWVyLmN6XC93cC1jb250ZW50XC91cGxvYWRzXC8yMDIyXC8wOVwvTDEzOTAyNjctbWluLXNjYWxlZC1lMTY2MzU4NDEzODE4OC5qcGVnIiwic2xpZGVzaG93IjoiNzYwMDA1ZSJ9\" href='https:\/\/www.troyer.cz\/wp-content\/uploads\/2022\/09\/L1390267-min-scaled-e1663584138188.jpeg'><img decoding=\"async\" width=\"300\" height=\"196\" src=\"https:\/\/www.troyer.cz\/wp-content\/uploads\/2022\/09\/L1390267-min-scaled-e1663584138188-300x196.jpeg\" class=\"attachment-medium size-medium\" alt=\"D\u011btsk\u00e1 herna\" srcset=\"https:\/\/www.troyer.cz\/wp-content\/uploads\/2022\/09\/L1390267-min-scaled-e1663584138188-300x196.jpeg 300w, https:\/\/www.troyer.cz\/wp-content\/uploads\/2022\/09\/L1390267-min-scaled-e1663584138188-600x393.jpeg 600w, https:\/\/www.troyer.cz\/wp-content\/uploads\/2022\/09\/L1390267-min-scaled-e1663584138188-1024x670.jpeg 1024w, https:\/\/www.troyer.cz\/wp-content\/uploads\/2022\/09\/L1390267-min-scaled-e1663584138188-768x503.jpeg 768w, https:\/\/www.troyer.cz\/wp-content\/uploads\/2022\/09\/L1390267-min-scaled-e1663584138188.jpeg 1500w\" sizes=\"(max-width: 300px) 100vw, 300px\" \/><\/a>\n\t\t\t<\/dt><\/dl><br style=\"clear: both\" \/>\n\t\t<\/div>\n\t\t<\/div>\n\t\t\t\t\t\t<\/div>\n\t\t\t\t<\/div>\n\t\t\t\t\t<\/div>\n\t\t<\/div>\n\t\t\t\t<div class=\"elementor-column elementor-col-50 elementor-top-column elementor-element elementor-element-3730af24\" data-id=\"3730af24\" data-element_type=\"column\" data-settings=\"{&quot;background_background&quot;:&quot;classic&quot;}\">\n\t\t\t<div class=\"elementor-widget-wrap elementor-element-populated\">\n\t\t\t\t\t\t<div class=\"elementor-element elementor-element-7b5e6975 elementor-widget elementor-widget-heading\" data-id=\"7b5e6975\" data-element_type=\"widget\" data-widget_type=\"heading.default\">\n\t\t\t\t<div class=\"elementor-widget-container\">\n\t\t\t\t\t<h2 class=\"elementor-heading-title elementor-size-default\">Reservierungen<\/h2>\t\t\t\t<\/div>\n\t\t\t\t<\/div>\n\t\t\t\t<div class=\"elementor-element elementor-element-361e2071 elementor-align-center elementor-icon-list--layout-traditional elementor-list-item-link-full_width elementor-widget elementor-widget-icon-list\" data-id=\"361e2071\" data-element_type=\"widget\" data-widget_type=\"icon-list.default\">\n\t\t\t\t<div class=\"elementor-widget-container\">\n\t\t\t\t\t\t\t<ul class=\"elementor-icon-list-items\">\n\t\t\t\t\t\t\t<li class=\"elementor-icon-list-item\">\n\t\t\t\t\t\t\t\t\t\t\t<span class=\"elementor-icon-list-icon\">\n\t\t\t\t\t\t\t<i aria-hidden=\"true\" class=\"far fa-bell\"><\/i>\t\t\t\t\t\t<\/span>\n\t\t\t\t\t\t\t\t\t\t<span class=\"elementor-icon-list-text\"><a href=\"mailto:recepce@troyer.cz\">recepce@troyer.cz<\/a><\/span>\n\t\t\t\t\t\t\t\t\t<\/li>\n\t\t\t\t\t\t\t\t<li class=\"elementor-icon-list-item\">\n\t\t\t\t\t\t\t\t\t\t\t<span class=\"elementor-icon-list-icon\">\n\t\t\t\t\t\t\t<i aria-hidden=\"true\" class=\"fas fa-phone\"><\/i>\t\t\t\t\t\t<\/span>\n\t\t\t\t\t\t\t\t\t\t<span class=\"elementor-icon-list-text\"><a href=\"tel:+420%20556%20802%20007\">+420 556 802 007<\/a><\/span>\n\t\t\t\t\t\t\t\t\t<\/li>\n\t\t\t\t\t\t<\/ul>\n\t\t\t\t\t\t<\/div>\n\t\t\t\t<\/div>\n\t\t\t\t<div class=\"elementor-element elementor-element-a53a262 elementor-widget-divider--view-line elementor-widget elementor-widget-divider\" data-id=\"a53a262\" data-element_type=\"widget\" data-widget_type=\"divider.default\">\n\t\t\t\t<div class=\"elementor-widget-container\">\n\t\t\t\t\t\t\t<div class=\"elementor-divider\">\n\t\t\t<span class=\"elementor-divider-separator\">\n\t\t\t\t\t\t<\/span>\n\t\t<\/div>\n\t\t\t\t\t\t<\/div>\n\t\t\t\t<\/div>\n\t\t\t\t<div class=\"elementor-element elementor-element-481768ca elementor-widget elementor-widget-heading\" data-id=\"481768ca\" data-element_type=\"widget\" data-widget_type=\"heading.default\">\n\t\t\t\t<div class=\"elementor-widget-container\">\n\t\t\t\t\t<h2 class=\"elementor-heading-title elementor-size-default\">\u00d6ffnungszeiten<\/h2>\t\t\t\t<\/div>\n\t\t\t\t<\/div>\n\t\t\t\t<div class=\"elementor-element elementor-element-6243b9a6 elementor-widget elementor-widget-text-editor\" data-id=\"6243b9a6\" data-element_type=\"widget\" data-widget_type=\"text-editor.default\">\n\t\t\t\t<div class=\"elementor-widget-container\">\n\t\t\t\t\t\t\t\t\t<p style=\"text-align: center;\"><span style=\"color: #ffffff;\">von 7:00 bis 20:00 Uhr<\/span><\/p>\n\t\t\t\t\t\t\t\t<\/div>\n\t\t\t\t<\/div>\n\t\t\t\t\t<\/div>\n\t\t<\/div>\n\t\t\t\t\t<\/div>\n\t\t<\/section>\n\t\t\t\t<section class=\"elementor-section elementor-top-section elementor-element elementor-element-658c6363 elementor-section-stretched elementor-section-content-middle elementor-section-boxed elementor-section-height-default elementor-section-height-default\" data-id=\"658c6363\" data-element_type=\"section\" data-settings=\"{&quot;stretch_section&quot;:&quot;section-stretched&quot;,&quot;background_background&quot;:&quot;classic&quot;}\">\n\t\t\t\t\t\t\t<div class=\"elementor-background-overlay\"><\/div>\n\t\t\t\t\t\t\t<div class=\"elementor-container elementor-column-gap-default\">\n\t\t\t\t\t<div class=\"elementor-column elementor-col-50 elementor-top-column elementor-element elementor-element-ce7487e\" data-id=\"ce7487e\" data-element_type=\"column\" data-settings=\"{&quot;background_background&quot;:&quot;classic&quot;}\">\n\t\t\t<div class=\"elementor-widget-wrap elementor-element-populated\">\n\t\t\t\t\t\t<div class=\"elementor-element elementor-element-4f71803 elementor-widget elementor-widget-text-editor\" data-id=\"4f71803\" data-element_type=\"widget\" data-widget_type=\"text-editor.default\">\n\t\t\t\t<div class=\"elementor-widget-container\">\n\t\t\t\t\t\t\t\t\t<p class=\"lead\"><span style=\"color: #ffffff;\">Gern bereiten wir f\u00fcr Sie auch etwas Extra vor.<\/span><\/p>\n<p class=\"lead\"><span style=\"color: #ffffff;\">Eine Geburtstagsfeier im unserem Hotel wird Ihnen und vor allem Ihren Kindern gefallen.<\/span><\/p>\n<p class=\"lead\"><span style=\"color: #ffffff;\"> <\/span><\/p>\n\t\t\t\t\t\t\t\t<\/div>\n\t\t\t\t<\/div>\n\t\t\t\t\t<\/div>\n\t\t<\/div>\n\t\t\t\t<div class=\"elementor-column elementor-col-50 elementor-top-column elementor-element elementor-element-16be0c2\" data-id=\"16be0c2\" data-element_type=\"column\">\n\t\t\t<div class=\"elementor-widget-wrap\">\n\t\t\t\t\t\t\t<\/div>\n\t\t<\/div>\n\t\t\t\t\t<\/div>\n\t\t<\/section>\n\t\t\t\t<section class=\"elementor-section elementor-top-section elementor-element elementor-element-17c7ae6 elementor-section-boxed elementor-section-height-default elementor-section-height-default\" data-id=\"17c7ae6\" data-element_type=\"section\">\n\t\t\t\t\t\t<div class=\"elementor-container elementor-column-gap-default\">\n\t\t\t\t\t<div class=\"elementor-column elementor-col-100 elementor-top-column elementor-element elementor-element-d98ef22\" data-id=\"d98ef22\" data-element_type=\"column\">\n\t\t\t<div class=\"elementor-widget-wrap elementor-element-populated\">\n\t\t\t\t\t\t<div class=\"elementor-element elementor-element-1c74d3e elementor-widget elementor-widget-html\" data-id=\"1c74d3e\" data-element_type=\"widget\" data-widget_type=\"html.default\">\n\t\t\t\t<div class=\"elementor-widget-container\">\n\t\t\t\t\t<script>document.addEventListener('DOMContentLoaded', (event) => {\n    let hasTracked = false;\n\n    setTimeout(() => {\n        if (!hasTracked) {\n            fbq('trackCustom', 'time_spent');\n            hasTracked = true;\n        }\n    }, 20000); \/\/ 20000 ms = 20 sekund\n});\n<\/script>\t\t\t\t<\/div>\n\t\t\t\t<\/div>\n\t\t\t\t\t<\/div>\n\t\t<\/div>\n\t\t\t\t\t<\/div>\n\t\t<\/section>\n\t\t\t\t<\/div>\n\t\t","protected":false},"excerpt":{"rendered":"<p>Kinderspielzimmer Kindgerechtes Hotel Wenn das Wetter gerade seine schlechtere Seite zeigt oder wenn Ihre Kinder in ihre eigene Welt fl\u00fcchten m\u00f6chten, steht ihnen ein Spielzimmer zur Verf\u00fcgung. Eine bunt gestaltete Zimmer voller Spielzeug, Spiele und M\u00f6glichkeiten f\u00fcr Kinder. Reservierungen recepce@troyer.cz +420 556 802 007 \u00d6ffnungszeiten von 7:00 bis 20:00 Uhr Gern bereiten wir f\u00fcr Sie [&hellip;]<\/p>\n","protected":false},"author":10,"featured_media":0,"parent":0,"menu_order":0,"comment_status":"closed","ping_status":"closed","template":"","meta":{"footnotes":""},"class_list":["post-22580","page","type-page","status-publish","hentry"],"yoast_head":"<!-- This site is optimized with the Yoast SEO plugin v25.8 - https:\/\/yoast.com\/wordpress\/plugins\/seo\/ -->\n<title>Kinderspielzimmer - Hotel Troyer<\/title>\n<meta name=\"description\" content=\"Unser Kinderspielbereich ist ein sicherer und unterhaltsamer Ort f\u00fcr Ihre Kinder. Wir bieten eine breite Auswahl an Spielen und Aktivit\u00e4ten f\u00fcr verschiedene Altersgruppen an.\" \/>\n<meta name=\"robots\" content=\"index, follow, max-snippet:-1, max-image-preview:large, max-video-preview:-1\" \/>\n<link rel=\"canonical\" href=\"https:\/\/www.troyer.cz\/de\/kinderspielzimmer\/\" \/>\n<meta property=\"og:locale\" content=\"de_DE\" \/>\n<meta property=\"og:type\" content=\"article\" \/>\n<meta property=\"og:title\" content=\"Kinderspielzimmer - Hotel Troyer\" \/>\n<meta property=\"og:description\" content=\"Unser Kinderspielbereich ist ein sicherer und unterhaltsamer Ort f\u00fcr Ihre Kinder. Wir bieten eine breite Auswahl an Spielen und Aktivit\u00e4ten f\u00fcr verschiedene Altersgruppen an.\" \/>\n<meta property=\"og:url\" content=\"https:\/\/www.troyer.cz\/de\/kinderspielzimmer\/\" \/>\n<meta property=\"og:site_name\" content=\"Hotel Troyer\" \/>\n<meta property=\"article:publisher\" content=\"https:\/\/www.facebook.com\/HotelTroyer\/?locale=cs_CZ\" \/>\n<meta property=\"article:modified_time\" content=\"2024-10-02T08:21:55+00:00\" \/>\n<meta property=\"og:image\" content=\"https:\/\/www.troyer.cz\/wp-content\/uploads\/2022\/09\/L1390272-min-scaled-e1663584162119-300x195.jpeg\" \/>\n<meta name=\"twitter:card\" content=\"summary_large_image\" \/>\n<script type=\"application\/ld+json\" class=\"yoast-schema-graph\">{\"@context\":\"https:\/\/schema.org\",\"@graph\":[{\"@type\":\"WebPage\",\"@id\":\"https:\/\/www.troyer.cz\/de\/kinderspielzimmer\/\",\"url\":\"https:\/\/www.troyer.cz\/de\/kinderspielzimmer\/\",\"name\":\"Kinderspielzimmer - Hotel Troyer\",\"isPartOf\":{\"@id\":\"https:\/\/www.troyer.cz\/#website\"},\"primaryImageOfPage\":{\"@id\":\"https:\/\/www.troyer.cz\/de\/kinderspielzimmer\/#primaryimage\"},\"image\":{\"@id\":\"https:\/\/www.troyer.cz\/de\/kinderspielzimmer\/#primaryimage\"},\"thumbnailUrl\":\"https:\/\/www.troyer.cz\/wp-content\/uploads\/2022\/09\/L1390272-min-scaled-e1663584162119-300x195.jpeg\",\"datePublished\":\"2022-09-07T06:53:05+00:00\",\"dateModified\":\"2024-10-02T08:21:55+00:00\",\"description\":\"Unser Kinderspielbereich ist ein sicherer und unterhaltsamer Ort f\u00fcr Ihre Kinder. Wir bieten eine breite Auswahl an Spielen und Aktivit\u00e4ten f\u00fcr verschiedene Altersgruppen an.\",\"breadcrumb\":{\"@id\":\"https:\/\/www.troyer.cz\/de\/kinderspielzimmer\/#breadcrumb\"},\"inLanguage\":\"de\",\"potentialAction\":[{\"@type\":\"ReadAction\",\"target\":[\"https:\/\/www.troyer.cz\/de\/kinderspielzimmer\/\"]}]},{\"@type\":\"ImageObject\",\"inLanguage\":\"de\",\"@id\":\"https:\/\/www.troyer.cz\/de\/kinderspielzimmer\/#primaryimage\",\"url\":\"https:\/\/www.troyer.cz\/wp-content\/uploads\/2022\/09\/L1390272-min-scaled-e1663584162119-300x195.jpeg\",\"contentUrl\":\"https:\/\/www.troyer.cz\/wp-content\/uploads\/2022\/09\/L1390272-min-scaled-e1663584162119-300x195.jpeg\"},{\"@type\":\"BreadcrumbList\",\"@id\":\"https:\/\/www.troyer.cz\/de\/kinderspielzimmer\/#breadcrumb\",\"itemListElement\":[{\"@type\":\"ListItem\",\"position\":1,\"name\":\"Dom\u016f\",\"item\":\"https:\/\/www.troyer.cz\/en\/\"},{\"@type\":\"ListItem\",\"position\":2,\"name\":\"Kinderspielzimmer\"}]},{\"@type\":\"WebSite\",\"@id\":\"https:\/\/www.troyer.cz\/#website\",\"url\":\"https:\/\/www.troyer.cz\/\",\"name\":\"Hotel Troyer\",\"description\":\"Luxusn\u00ed wellness hotel v Beskydech\",\"publisher\":{\"@id\":\"https:\/\/www.troyer.cz\/#organization\"},\"alternateName\":\"Wellness Hotel v Beskydech\",\"potentialAction\":[{\"@type\":\"SearchAction\",\"target\":{\"@type\":\"EntryPoint\",\"urlTemplate\":\"https:\/\/www.troyer.cz\/?s={search_term_string}\"},\"query-input\":{\"@type\":\"PropertyValueSpecification\",\"valueRequired\":true,\"valueName\":\"search_term_string\"}}],\"inLanguage\":\"de\"},{\"@type\":\"Organization\",\"@id\":\"https:\/\/www.troyer.cz\/#organization\",\"name\":\"Hotel Troyer\",\"url\":\"https:\/\/www.troyer.cz\/\",\"logo\":{\"@type\":\"ImageObject\",\"inLanguage\":\"de\",\"@id\":\"https:\/\/www.troyer.cz\/#\/schema\/logo\/image\/\",\"url\":\"https:\/\/www.troyer.cz\/wp-content\/uploads\/2022\/11\/TROYER-ikona.png\",\"contentUrl\":\"https:\/\/www.troyer.cz\/wp-content\/uploads\/2022\/11\/TROYER-ikona.png\",\"width\":430,\"height\":430,\"caption\":\"Hotel Troyer\"},\"image\":{\"@id\":\"https:\/\/www.troyer.cz\/#\/schema\/logo\/image\/\"},\"sameAs\":[\"https:\/\/www.facebook.com\/HotelTroyer\/?locale=cs_CZ\",\"https:\/\/www.instagram.com\/hoteltroyer\/\"]}]}<\/script>\n<!-- \/ Yoast SEO plugin. -->","yoast_head_json":{"title":"Kinderspielzimmer - Hotel Troyer","description":"Unser Kinderspielbereich ist ein sicherer und unterhaltsamer Ort f\u00fcr Ihre Kinder. Wir bieten eine breite Auswahl an Spielen und Aktivit\u00e4ten f\u00fcr verschiedene Altersgruppen an.","robots":{"index":"index","follow":"follow","max-snippet":"max-snippet:-1","max-image-preview":"max-image-preview:large","max-video-preview":"max-video-preview:-1"},"canonical":"https:\/\/www.troyer.cz\/de\/kinderspielzimmer\/","og_locale":"de_DE","og_type":"article","og_title":"Kinderspielzimmer - Hotel Troyer","og_description":"Unser Kinderspielbereich ist ein sicherer und unterhaltsamer Ort f\u00fcr Ihre Kinder. Wir bieten eine breite Auswahl an Spielen und Aktivit\u00e4ten f\u00fcr verschiedene Altersgruppen an.","og_url":"https:\/\/www.troyer.cz\/de\/kinderspielzimmer\/","og_site_name":"Hotel Troyer","article_publisher":"https:\/\/www.facebook.com\/HotelTroyer\/?locale=cs_CZ","article_modified_time":"2024-10-02T08:21:55+00:00","og_image":[{"url":"https:\/\/www.troyer.cz\/wp-content\/uploads\/2022\/09\/L1390272-min-scaled-e1663584162119-300x195.jpeg","type":"","width":"","height":""}],"twitter_card":"summary_large_image","schema":{"@context":"https:\/\/schema.org","@graph":[{"@type":"WebPage","@id":"https:\/\/www.troyer.cz\/de\/kinderspielzimmer\/","url":"https:\/\/www.troyer.cz\/de\/kinderspielzimmer\/","name":"Kinderspielzimmer - Hotel Troyer","isPartOf":{"@id":"https:\/\/www.troyer.cz\/#website"},"primaryImageOfPage":{"@id":"https:\/\/www.troyer.cz\/de\/kinderspielzimmer\/#primaryimage"},"image":{"@id":"https:\/\/www.troyer.cz\/de\/kinderspielzimmer\/#primaryimage"},"thumbnailUrl":"https:\/\/www.troyer.cz\/wp-content\/uploads\/2022\/09\/L1390272-min-scaled-e1663584162119-300x195.jpeg","datePublished":"2022-09-07T06:53:05+00:00","dateModified":"2024-10-02T08:21:55+00:00","description":"Unser Kinderspielbereich ist ein sicherer und unterhaltsamer Ort f\u00fcr Ihre Kinder. Wir bieten eine breite Auswahl an Spielen und Aktivit\u00e4ten f\u00fcr verschiedene Altersgruppen an.","breadcrumb":{"@id":"https:\/\/www.troyer.cz\/de\/kinderspielzimmer\/#breadcrumb"},"inLanguage":"de","potentialAction":[{"@type":"ReadAction","target":["https:\/\/www.troyer.cz\/de\/kinderspielzimmer\/"]}]},{"@type":"ImageObject","inLanguage":"de","@id":"https:\/\/www.troyer.cz\/de\/kinderspielzimmer\/#primaryimage","url":"https:\/\/www.troyer.cz\/wp-content\/uploads\/2022\/09\/L1390272-min-scaled-e1663584162119-300x195.jpeg","contentUrl":"https:\/\/www.troyer.cz\/wp-content\/uploads\/2022\/09\/L1390272-min-scaled-e1663584162119-300x195.jpeg"},{"@type":"BreadcrumbList","@id":"https:\/\/www.troyer.cz\/de\/kinderspielzimmer\/#breadcrumb","itemListElement":[{"@type":"ListItem","position":1,"name":"Dom\u016f","item":"https:\/\/www.troyer.cz\/en\/"},{"@type":"ListItem","position":2,"name":"Kinderspielzimmer"}]},{"@type":"WebSite","@id":"https:\/\/www.troyer.cz\/#website","url":"https:\/\/www.troyer.cz\/","name":"Hotel Troyer","description":"Luxusn\u00ed wellness hotel v Beskydech","publisher":{"@id":"https:\/\/www.troyer.cz\/#organization"},"alternateName":"Wellness Hotel v Beskydech","potentialAction":[{"@type":"SearchAction","target":{"@type":"EntryPoint","urlTemplate":"https:\/\/www.troyer.cz\/?s={search_term_string}"},"query-input":{"@type":"PropertyValueSpecification","valueRequired":true,"valueName":"search_term_string"}}],"inLanguage":"de"},{"@type":"Organization","@id":"https:\/\/www.troyer.cz\/#organization","name":"Hotel Troyer","url":"https:\/\/www.troyer.cz\/","logo":{"@type":"ImageObject","inLanguage":"de","@id":"https:\/\/www.troyer.cz\/#\/schema\/logo\/image\/","url":"https:\/\/www.troyer.cz\/wp-content\/uploads\/2022\/11\/TROYER-ikona.png","contentUrl":"https:\/\/www.troyer.cz\/wp-content\/uploads\/2022\/11\/TROYER-ikona.png","width":430,"height":430,"caption":"Hotel Troyer"},"image":{"@id":"https:\/\/www.troyer.cz\/#\/schema\/logo\/image\/"},"sameAs":["https:\/\/www.facebook.com\/HotelTroyer\/?locale=cs_CZ","https:\/\/www.instagram.com\/hoteltroyer\/"]}]}},"_links":{"self":[{"href":"https:\/\/www.troyer.cz\/de\/wp-json\/wp\/v2\/pages\/22580","targetHints":{"allow":["GET"]}}],"collection":[{"href":"https:\/\/www.troyer.cz\/de\/wp-json\/wp\/v2\/pages"}],"about":[{"href":"https:\/\/www.troyer.cz\/de\/wp-json\/wp\/v2\/types\/page"}],"author":[{"embeddable":true,"href":"https:\/\/www.troyer.cz\/de\/wp-json\/wp\/v2\/users\/10"}],"replies":[{"embeddable":true,"href":"https:\/\/www.troyer.cz\/de\/wp-json\/wp\/v2\/comments?post=22580"}],"version-history":[{"count":7,"href":"https:\/\/www.troyer.cz\/de\/wp-json\/wp\/v2\/pages\/22580\/revisions"}],"predecessor-version":[{"id":35633,"href":"https:\/\/www.troyer.cz\/de\/wp-json\/wp\/v2\/pages\/22580\/revisions\/35633"}],"wp:attachment":[{"href":"https:\/\/www.troyer.cz\/de\/wp-json\/wp\/v2\/media?parent=22580"}],"curies":[{"name":"wp","href":"https:\/\/api.w.org\/{rel}","templated":true}]}}